{"id":3215,"date":"2026-02-12T18:51:53","date_gmt":"2026-02-12T18:51:53","guid":{"rendered":"https:\/\/esportscalp.es\/?page_id=3215"},"modified":"2026-04-20T13:19:36","modified_gmt":"2026-04-20T13:19:36","slug":"otras-instalaciones","status":"publish","type":"page","link":"https:\/\/esportscalp.es\/va\/otras-instalaciones\/","title":{"rendered":"Altres instal\u00b7lacions"},"content":{"rendered":"<h2 class=\"wp-block-heading\">Frontenis<\/h2>\n\n\n\n<p class=\"translation-block\"><strong>Pista de frontenis<\/strong> i de p\u00e0del contra paret. Est\u00e0 situada en la part posterior del Pavell\u00f3 Domingo Crespo. Les reserves poden gestionar-se a trav\u00e9s de l'apartat de \u00ab<em><a href=\"https:\/\/esportscalp.es\/va\/reservas\/\" title=\"\" target=\"_self\">reserves<\/a><\/em>\u00bb en aquesta web o en l'app de Resa Sports.<\/p>\n\n\n\n<figure class=\"wp-block-gallery has-nested-images columns-default is-cropped wp-block-gallery-1 is-layout-flex wp-block-gallery-is-layout-flex\">\n<figure class=\"wp-block-image size-large\"><img loading=\"lazy\" decoding=\"async\" width=\"1024\" height=\"683\" data-id=\"3296\" src=\"https:\/\/esportscalp.es\/wp-content\/uploads\/2026\/02\/0T2A1935-101-1-1024x683.jpg\" alt=\"\" class=\"wp-image-3296\" srcset=\"https:\/\/esportscalp.es\/wp-content\/uploads\/2026\/02\/0T2A1935-101-1-1024x683.jpg 1024w, https:\/\/esportscalp.es\/wp-content\/uploads\/2026\/02\/0T2A1935-101-1-300x200.jpg 300w, https:\/\/esportscalp.es\/wp-content\/uploads\/2026\/02\/0T2A1935-101-1-18x12.jpg 18w, https:\/\/esportscalp.es\/wp-content\/uploads\/2026\/02\/0T2A1935-101-1-1536x1024.jpg 1536w, https:\/\/esportscalp.es\/wp-content\/uploads\/2026\/02\/0T2A1935-101-1.jpg 1620w\" sizes=\"auto, (max-width: 1024px) 100vw, 1024px\" \/><\/figure>\n\n\n\n<figure class=\"wp-block-image size-large\"><img loading=\"lazy\" decoding=\"async\" width=\"1024\" height=\"683\" data-id=\"3297\" src=\"https:\/\/esportscalp.es\/wp-content\/uploads\/2026\/02\/0T2A1947-102-1024x683.jpg\" alt=\"\" class=\"wp-image-3297\" srcset=\"https:\/\/esportscalp.es\/wp-content\/uploads\/2026\/02\/0T2A1947-102-1024x683.jpg 1024w, https:\/\/esportscalp.es\/wp-content\/uploads\/2026\/02\/0T2A1947-102-300x200.jpg 300w, https:\/\/esportscalp.es\/wp-content\/uploads\/2026\/02\/0T2A1947-102-18x12.jpg 18w, https:\/\/esportscalp.es\/wp-content\/uploads\/2026\/02\/0T2A1947-102.jpg 1620w\" sizes=\"auto, (max-width: 1024px) 100vw, 1024px\" \/><\/figure>\n\n\n\n<figure class=\"wp-block-image size-large\"><img loading=\"lazy\" decoding=\"async\" width=\"1024\" height=\"683\" data-id=\"3298\" src=\"https:\/\/esportscalp.es\/wp-content\/uploads\/2026\/02\/0T2A1963-104-1024x683.jpg\" alt=\"\" class=\"wp-image-3298\" srcset=\"https:\/\/esportscalp.es\/wp-content\/uploads\/2026\/02\/0T2A1963-104-1024x683.jpg 1024w, https:\/\/esportscalp.es\/wp-content\/uploads\/2026\/02\/0T2A1963-104-300x200.jpg 300w, https:\/\/esportscalp.es\/wp-content\/uploads\/2026\/02\/0T2A1963-104-18x12.jpg 18w, https:\/\/esportscalp.es\/wp-content\/uploads\/2026\/02\/0T2A1963-104.jpg 1620w\" sizes=\"auto, (max-width: 1024px) 100vw, 1024px\" \/><\/figure>\n<\/figure>\n\n\n\n<h2 class=\"wp-block-heading\">Pista Roja<\/h2>\n\n\n\n<p class=\"translation-block\">La pista roja costa d'una pista de b\u00e0squet i una annexa m\u00e9s xicoteta sense mesures reglament\u00e0ries de minib\u00e0squet. Les reserves poden gestionar-se a trav\u00e9s de l'apartat de \u00ab<em><a href=\"https:\/\/esportscalp.es\/va\/reservas\/\" title=\"\" target=\"_self\">reserves<\/a><\/em>\u00bb en aquesta web o en l'app de Resa Sports.<\/p>\n\n\n\n<figure class=\"wp-block-image size-large is-resized\"><img loading=\"lazy\" decoding=\"async\" width=\"1024\" height=\"578\" src=\"https:\/\/esportscalp.es\/wp-content\/uploads\/2026\/02\/foto-4-1-1024x578.jpg\" alt=\"\" class=\"wp-image-3300\" style=\"aspect-ratio:1.7716726694027976;width:487px;height:auto\" srcset=\"https:\/\/esportscalp.es\/wp-content\/uploads\/2026\/02\/foto-4-1-1024x578.jpg 1024w, https:\/\/esportscalp.es\/wp-content\/uploads\/2026\/02\/foto-4-1-300x169.jpg 300w, https:\/\/esportscalp.es\/wp-content\/uploads\/2026\/02\/foto-4-1-2000x1128.jpg 2000w, https:\/\/esportscalp.es\/wp-content\/uploads\/2026\/02\/foto-4-1-scaled-18x10.jpg 18w\" sizes=\"auto, (max-width: 1024px) 100vw, 1024px\" \/><\/figure>\n\n\n\n<h2 class=\"wp-block-heading\">Carrer de la Pilota i roc\u00f2drom<\/h2>\n\n\n\n<p class=\"translation-block\">El Carrer de la Pilota de Calp es va inaugurar l'any 2006 i consta del propi carrer i d'un roc\u00f2drom. Les reserves poden gestionar-se a trav\u00e9s de l'apartat de \u00ab<em><a href=\"https:\/\/esportscalp.es\/va\/reservas\/\" title=\"\" target=\"_self\">reserves<\/a><\/em>\u00bb en aquesta web o en l'app de Resa Sports.<\/p>\n\n\n\n<figure class=\"wp-block-gallery has-nested-images columns-default is-cropped wp-block-gallery-2 is-layout-flex wp-block-gallery-is-layout-flex\">\n<figure class=\"wp-block-image size-large\"><img loading=\"lazy\" decoding=\"async\" width=\"1024\" height=\"683\" data-id=\"3301\" src=\"https:\/\/esportscalp.es\/wp-content\/uploads\/2026\/02\/carrer-pilota-valenciana-calp-1024x683.jpg\" alt=\"\" class=\"wp-image-3301\" srcset=\"https:\/\/esportscalp.es\/wp-content\/uploads\/2026\/02\/carrer-pilota-valenciana-calp-1024x683.jpg 1024w, https:\/\/esportscalp.es\/wp-content\/uploads\/2026\/02\/carrer-pilota-valenciana-calp-300x200.jpg 300w, https:\/\/esportscalp.es\/wp-content\/uploads\/2026\/02\/carrer-pilota-valenciana-calp-2000x1333.jpg 2000w, https:\/\/esportscalp.es\/wp-content\/uploads\/2026\/02\/carrer-pilota-valenciana-calp-18x12.jpg 18w, https:\/\/esportscalp.es\/wp-content\/uploads\/2026\/02\/carrer-pilota-valenciana-calp.jpg 2048w\" sizes=\"auto, (max-width: 1024px) 100vw, 1024px\" \/><\/figure>\n\n\n\n<figure class=\"wp-block-image size-large\"><img loading=\"lazy\" decoding=\"async\" width=\"800\" height=\"600\" data-id=\"3302\" src=\"https:\/\/esportscalp.es\/wp-content\/uploads\/2026\/02\/ROCOS-005.jpg\" alt=\"\" class=\"wp-image-3302\" srcset=\"https:\/\/esportscalp.es\/wp-content\/uploads\/2026\/02\/ROCOS-005.jpg 800w, https:\/\/esportscalp.es\/wp-content\/uploads\/2026\/02\/ROCOS-005-300x225.jpg 300w, https:\/\/esportscalp.es\/wp-content\/uploads\/2026\/02\/ROCOS-005-16x12.jpg 16w\" sizes=\"auto, (max-width: 800px) 100vw, 800px\" \/><\/figure>\n\n\n\n<figure class=\"wp-block-image size-large\"><img loading=\"lazy\" decoding=\"async\" width=\"685\" height=\"800\" data-id=\"3303\" src=\"https:\/\/esportscalp.es\/wp-content\/uploads\/2026\/02\/ROCOS-012.jpg\" alt=\"\" class=\"wp-image-3303\" srcset=\"https:\/\/esportscalp.es\/wp-content\/uploads\/2026\/02\/ROCOS-012.jpg 685w, https:\/\/esportscalp.es\/wp-content\/uploads\/2026\/02\/ROCOS-012-257x300.jpg 257w, https:\/\/esportscalp.es\/wp-content\/uploads\/2026\/02\/ROCOS-012-10x12.jpg 10w\" sizes=\"auto, (max-width: 685px) 100vw, 685px\" \/><\/figure>\n<\/figure>\n\n\n\n<h2 class=\"wp-block-heading\">Gimn\u00e0s obert<\/h2>\n\n\n\n<p class=\"translation-block\">El <strong>gimn\u00e0s obert<\/strong> \u00e9s una nova i innovadora instal\u00b7laci\u00f3 esportiva de Calp, <strong>instal\u00b7lada al costat de la Pista Blava<\/strong>. Consta de diverses m\u00e0quines de gimn\u00e0s a l'aire lliure com ara premsa de pit, jal\u00f3 per a esquena, premsa de cames, premsa de muscles, rem horitzontal, una estaci\u00f3 de cross training de tres zones i una estaci\u00f3 de dominades. Actualment l'\u00fas <strong> \u00e9s lliure, sense possibilitat de reserva<\/strong>.<\/p>\n\n\n\n<figure class=\"wp-block-gallery has-nested-images columns-default is-cropped wp-block-gallery-3 is-layout-flex wp-block-gallery-is-layout-flex\">\n<figure class=\"wp-block-image size-large\"><img loading=\"lazy\" decoding=\"async\" width=\"1024\" height=\"768\" data-id=\"3403\" src=\"https:\/\/esportscalp.es\/wp-content\/uploads\/2026\/04\/9e4720aa-63b7-4d03-b7f3-6ea939aa96ca-1024x768.jpg\" alt=\"\" class=\"wp-image-3403\" srcset=\"https:\/\/esportscalp.es\/wp-content\/uploads\/2026\/04\/9e4720aa-63b7-4d03-b7f3-6ea939aa96ca-1024x768.jpg 1024w, https:\/\/esportscalp.es\/wp-content\/uploads\/2026\/04\/9e4720aa-63b7-4d03-b7f3-6ea939aa96ca-300x225.jpg 300w, https:\/\/esportscalp.es\/wp-content\/uploads\/2026\/04\/9e4720aa-63b7-4d03-b7f3-6ea939aa96ca-2000x1500.jpg 2000w, https:\/\/esportscalp.es\/wp-content\/uploads\/2026\/04\/9e4720aa-63b7-4d03-b7f3-6ea939aa96ca-16x12.jpg 16w, https:\/\/esportscalp.es\/wp-content\/uploads\/2026\/04\/9e4720aa-63b7-4d03-b7f3-6ea939aa96ca.jpg 2048w\" sizes=\"auto, (max-width: 1024px) 100vw, 1024px\" \/><\/figure>\n\n\n\n<figure class=\"wp-block-image size-large\"><img loading=\"lazy\" decoding=\"async\" width=\"1024\" height=\"768\" data-id=\"3405\" src=\"https:\/\/esportscalp.es\/wp-content\/uploads\/2026\/04\/ed13a2bf-6f43-42a3-afdc-ad9a03de70f9-1024x768.jpg\" alt=\"\" class=\"wp-image-3405\" srcset=\"https:\/\/esportscalp.es\/wp-content\/uploads\/2026\/04\/ed13a2bf-6f43-42a3-afdc-ad9a03de70f9-1024x768.jpg 1024w, https:\/\/esportscalp.es\/wp-content\/uploads\/2026\/04\/ed13a2bf-6f43-42a3-afdc-ad9a03de70f9-300x225.jpg 300w, https:\/\/esportscalp.es\/wp-content\/uploads\/2026\/04\/ed13a2bf-6f43-42a3-afdc-ad9a03de70f9-2000x1500.jpg 2000w, https:\/\/esportscalp.es\/wp-content\/uploads\/2026\/04\/ed13a2bf-6f43-42a3-afdc-ad9a03de70f9-16x12.jpg 16w, https:\/\/esportscalp.es\/wp-content\/uploads\/2026\/04\/ed13a2bf-6f43-42a3-afdc-ad9a03de70f9.jpg 2048w\" sizes=\"auto, (max-width: 1024px) 100vw, 1024px\" \/><\/figure>\n\n\n\n<figure class=\"wp-block-image size-large\"><img loading=\"lazy\" decoding=\"async\" width=\"1024\" height=\"577\" data-id=\"3308\" src=\"https:\/\/esportscalp.es\/wp-content\/uploads\/2026\/02\/Captura-de-pantalla-2026-02-14-a-las-12.26.28-1024x577.png\" alt=\"\" class=\"wp-image-3308\" srcset=\"https:\/\/esportscalp.es\/wp-content\/uploads\/2026\/02\/Captura-de-pantalla-2026-02-14-a-las-12.26.28-1024x577.png 1024w, https:\/\/esportscalp.es\/wp-content\/uploads\/2026\/02\/Captura-de-pantalla-2026-02-14-a-las-12.26.28-300x169.png 300w, https:\/\/esportscalp.es\/wp-content\/uploads\/2026\/02\/Captura-de-pantalla-2026-02-14-a-las-12.26.28-2000x1127.png 2000w, https:\/\/esportscalp.es\/wp-content\/uploads\/2026\/02\/Captura-de-pantalla-2026-02-14-a-las-12.26.28-scaled-18x10.png 18w\" sizes=\"auto, (max-width: 1024px) 100vw, 1024px\" \/><\/figure>\n<\/figure>\n\n\n\n<div style=\"height:72px\" aria-hidden=\"true\" class=\"wp-block-spacer\"><\/div>\n\n\n\n<p><\/p>","protected":false},"excerpt":{"rendered":"<p>Frontenis Pista de frontenis y de p\u00e1del contra pared. Est\u00e1 situada en la parte trasera del Pabell\u00f3n Domingo Crespo. Las reservas pueden gestionarse a trav\u00e9s del apartado de \u00abreservas\u00bb en esta web o en la app de Resa Sports. Pista Roja La pista roja costa de una pista de baloncesto y una anexa m\u00e1s peque\u00f1a &hellip; <\/p>\n<p class=\"link-more\"><a href=\"https:\/\/esportscalp.es\/va\/otras-instalaciones\/\" class=\"more-link\">Read more<span class=\"screen-reader-text\"> \u00abOtras instalaciones\u00bb<\/span><\/a><\/p>","protected":false},"author":1,"featured_media":3296,"parent":0,"menu_order":0,"comment_status":"closed","ping_status":"closed","template":"","meta":{"_uag_custom_page_level_css":"","inspiro_hide_title":false,"footnotes":""},"class_list":["post-3215","page","type-page","status-publish","has-post-thumbnail","hentry"],"aioseo_notices":[],"uagb_featured_image_src":{"full":["https:\/\/esportscalp.es\/wp-content\/uploads\/2026\/02\/0T2A1935-101-1.jpg",1620,1080,false],"thumbnail":["https:\/\/esportscalp.es\/wp-content\/uploads\/2026\/02\/0T2A1935-101-1-150x150.jpg",150,150,true],"medium":["https:\/\/esportscalp.es\/wp-content\/uploads\/2026\/02\/0T2A1935-101-1-300x200.jpg",300,200,true],"medium_large":["https:\/\/esportscalp.es\/wp-content\/uploads\/2026\/02\/0T2A1935-101-1.jpg",768,512,false],"large":["https:\/\/esportscalp.es\/wp-content\/uploads\/2026\/02\/0T2A1935-101-1-1024x683.jpg",950,634,true],"1536x1536":["https:\/\/esportscalp.es\/wp-content\/uploads\/2026\/02\/0T2A1935-101-1-1536x1024.jpg",1536,1024,true],"2048x2048":["https:\/\/esportscalp.es\/wp-content\/uploads\/2026\/02\/0T2A1935-101-1.jpg",1620,1080,false],"trp-custom-language-flag":["https:\/\/esportscalp.es\/wp-content\/uploads\/2026\/02\/0T2A1935-101-1-18x12.jpg",18,12,true],"inspiro-featured-image":["https:\/\/esportscalp.es\/wp-content\/uploads\/2026\/02\/0T2A1935-101-1.jpg",1620,1080,false],"inspiro-loop":["https:\/\/esportscalp.es\/wp-content\/uploads\/2026\/02\/0T2A1935-101-1-950x320.jpg",950,320,true],"inspiro-loop@2x":["https:\/\/esportscalp.es\/wp-content\/uploads\/2026\/02\/0T2A1935-101-1-1620x640.jpg",1620,640,true]},"uagb_author_info":{"display_name":"@esportscalp","author_link":"https:\/\/esportscalp.es\/va\/author\/esportscalpgmail-com\/"},"uagb_comment_info":0,"uagb_excerpt":"Frontenis Pista de frontenis y de p\u00e1del contra pared. Est\u00e1 situada en la parte trasera del Pabell\u00f3n Domingo Crespo. Las reservas pueden gestionarse a trav\u00e9s del apartado de \u00abreservas\u00bb en esta web o en la app de Resa Sports. Pista Roja La pista roja costa de una pista de baloncesto y una anexa m\u00e1s peque\u00f1a&hellip;","_links":{"self":[{"href":"https:\/\/esportscalp.es\/va\/wp-json\/wp\/v2\/pages\/3215","targetHints":{"allow":["GET"]}}],"collection":[{"href":"https:\/\/esportscalp.es\/va\/wp-json\/wp\/v2\/pages"}],"about":[{"href":"https:\/\/esportscalp.es\/va\/wp-json\/wp\/v2\/types\/page"}],"author":[{"embeddable":true,"href":"https:\/\/esportscalp.es\/va\/wp-json\/wp\/v2\/users\/1"}],"replies":[{"embeddable":true,"href":"https:\/\/esportscalp.es\/va\/wp-json\/wp\/v2\/comments?post=3215"}],"version-history":[{"count":5,"href":"https:\/\/esportscalp.es\/va\/wp-json\/wp\/v2\/pages\/3215\/revisions"}],"predecessor-version":[{"id":3406,"href":"https:\/\/esportscalp.es\/va\/wp-json\/wp\/v2\/pages\/3215\/revisions\/3406"}],"wp:featuredmedia":[{"embeddable":true,"href":"https:\/\/esportscalp.es\/va\/wp-json\/wp\/v2\/media\/3296"}],"wp:attachment":[{"href":"https:\/\/esportscalp.es\/va\/wp-json\/wp\/v2\/media?parent=3215"}],"curies":[{"name":"wp","href":"https:\/\/api.w.org\/{rel}","templated":true}]}}