{"id":3193,"date":"2026-02-12T18:07:19","date_gmt":"2026-02-12T18:07:19","guid":{"rendered":"https:\/\/esportscalp.es\/?page_id=3193"},"modified":"2026-02-14T10:16:22","modified_gmt":"2026-02-14T10:16:22","slug":"campo-de-futbol-municipal","status":"publish","type":"page","link":"https:\/\/esportscalp.es\/va\/campo-de-futbol-municipal\/","title":{"rendered":"Camp de Futbol Municipal"},"content":{"rendered":"<p class=\"translation-block\">La zona de Campos de Futbol de Calp compr\u00e9n el Camp Municipal de Futbol, que \u00e9s un <strong>camp de futbol 11<\/strong> amb unes mesures d'homologades est\u00e0ndard. A m\u00e9s, tamb\u00e9 existeix un <strong>camp annex de futbol 7<\/strong>. La graderia compta amb una capacitat de 805 espectadors asseguts.<\/p>\n\n\n\n<p class=\"translation-block\">Les reserves poden gestionar-se a trav\u00e9s de l'apartat de \u00ab<em><a href=\"https:\/\/esportscalp.es\/va\/reservas\/\" title=\"\" target=\"_self\">reserves<\/a><\/em>\u00bb en aquesta web o en l'app de Resa Sports.<\/p>\n\n\n\n<p><\/p>\n\n\n\n<h2 class=\"wp-block-heading\">Localitzaci\u00f3<\/h2>\n\n\n\t\t\t<div \n\t\t\tclass=\"wp-block-uagb-google-map uagb-google-map__wrap uagb-block-02794ede\"\n\t\t\tstyle=\"\" >\n\t\t\t\t<embed\n\t\t\t\t\tclass=\"uagb-google-map__iframe\"\n\t\t\t\t\ttitle=\"Google Map for \"\n\t\t\t\t\tsrc=\"https:\/\/maps.google.com\/maps?q=campo%20de%20futbol%20municipal%20calpe&#038;z=15&#038;hl=es&#038;t=m&#038;output=embed&#038;iwloc=near\"\n\t\t\t\t\twidth=\"640\"\n\t\t\t\t\theight=\"300\"\n\t\t\t\t\tloading=\"lazy\"\n\t\t\t\t><\/embed>\n\t\t\t<\/div>\n\t\t\t\n\n\n<h2 class=\"wp-block-heading\">Galeria fotogr\u00e0fica<\/h2>\n\n\n\n<figure class=\"wp-block-gallery has-nested-images columns-default is-cropped wp-block-gallery-1 is-layout-flex wp-block-gallery-is-layout-flex\">\n<figure class=\"wp-block-image size-large\"><img loading=\"lazy\" decoding=\"async\" width=\"1024\" height=\"683\" data-id=\"3223\" src=\"https:\/\/esportscalp.es\/wp-content\/uploads\/2026\/02\/0T2A1321-50-1024x683.jpg\" alt=\"\" class=\"wp-image-3223\" srcset=\"https:\/\/esportscalp.es\/wp-content\/uploads\/2026\/02\/0T2A1321-50-1024x683.jpg 1024w, https:\/\/esportscalp.es\/wp-content\/uploads\/2026\/02\/0T2A1321-50-300x200.jpg 300w, https:\/\/esportscalp.es\/wp-content\/uploads\/2026\/02\/0T2A1321-50-18x12.jpg 18w, https:\/\/esportscalp.es\/wp-content\/uploads\/2026\/02\/0T2A1321-50.jpg 1620w\" sizes=\"auto, (max-width: 1024px) 100vw, 1024px\" \/><\/figure>\n\n\n\n<figure class=\"wp-block-image size-large\"><img loading=\"lazy\" decoding=\"async\" width=\"1024\" height=\"683\" data-id=\"3227\" src=\"https:\/\/esportscalp.es\/wp-content\/uploads\/2026\/02\/0T2A1328-51-1024x683.jpg\" alt=\"\" class=\"wp-image-3227\" srcset=\"https:\/\/esportscalp.es\/wp-content\/uploads\/2026\/02\/0T2A1328-51-1024x683.jpg 1024w, https:\/\/esportscalp.es\/wp-content\/uploads\/2026\/02\/0T2A1328-51-300x200.jpg 300w, https:\/\/esportscalp.es\/wp-content\/uploads\/2026\/02\/0T2A1328-51-18x12.jpg 18w, https:\/\/esportscalp.es\/wp-content\/uploads\/2026\/02\/0T2A1328-51.jpg 1620w\" sizes=\"auto, (max-width: 1024px) 100vw, 1024px\" \/><\/figure>\n\n\n\n<figure class=\"wp-block-image size-large\"><img loading=\"lazy\" decoding=\"async\" width=\"1024\" height=\"683\" data-id=\"3228\" src=\"https:\/\/esportscalp.es\/wp-content\/uploads\/2026\/02\/0T2A1336-52-1024x683.jpg\" alt=\"\" class=\"wp-image-3228\" srcset=\"https:\/\/esportscalp.es\/wp-content\/uploads\/2026\/02\/0T2A1336-52-1024x683.jpg 1024w, https:\/\/esportscalp.es\/wp-content\/uploads\/2026\/02\/0T2A1336-52-300x200.jpg 300w, https:\/\/esportscalp.es\/wp-content\/uploads\/2026\/02\/0T2A1336-52-18x12.jpg 18w, https:\/\/esportscalp.es\/wp-content\/uploads\/2026\/02\/0T2A1336-52.jpg 1620w\" sizes=\"auto, (max-width: 1024px) 100vw, 1024px\" \/><\/figure>\n\n\n\n<figure class=\"wp-block-image size-large\"><img loading=\"lazy\" decoding=\"async\" width=\"1024\" height=\"683\" data-id=\"3226\" src=\"https:\/\/esportscalp.es\/wp-content\/uploads\/2026\/02\/0T2A1347-53-1024x683.jpg\" alt=\"\" class=\"wp-image-3226\" srcset=\"https:\/\/esportscalp.es\/wp-content\/uploads\/2026\/02\/0T2A1347-53-1024x683.jpg 1024w, https:\/\/esportscalp.es\/wp-content\/uploads\/2026\/02\/0T2A1347-53-300x200.jpg 300w, https:\/\/esportscalp.es\/wp-content\/uploads\/2026\/02\/0T2A1347-53-18x12.jpg 18w, https:\/\/esportscalp.es\/wp-content\/uploads\/2026\/02\/0T2A1347-53.jpg 1620w\" sizes=\"auto, (max-width: 1024px) 100vw, 1024px\" \/><\/figure>\n\n\n\n<figure class=\"wp-block-image size-large\"><img loading=\"lazy\" decoding=\"async\" width=\"1024\" height=\"683\" data-id=\"3222\" src=\"https:\/\/esportscalp.es\/wp-content\/uploads\/2026\/02\/0T2A1307-49-1024x683.jpg\" alt=\"\" class=\"wp-image-3222\" srcset=\"https:\/\/esportscalp.es\/wp-content\/uploads\/2026\/02\/0T2A1307-49-1024x683.jpg 1024w, https:\/\/esportscalp.es\/wp-content\/uploads\/2026\/02\/0T2A1307-49-300x200.jpg 300w, https:\/\/esportscalp.es\/wp-content\/uploads\/2026\/02\/0T2A1307-49-18x12.jpg 18w, https:\/\/esportscalp.es\/wp-content\/uploads\/2026\/02\/0T2A1307-49.jpg 1620w\" sizes=\"auto, (max-width: 1024px) 100vw, 1024px\" \/><\/figure>\n\n\n\n<figure class=\"wp-block-image size-large\"><img loading=\"lazy\" decoding=\"async\" width=\"1024\" height=\"683\" data-id=\"3225\" src=\"https:\/\/esportscalp.es\/wp-content\/uploads\/2026\/02\/0T2A1368-55-1024x683.jpg\" alt=\"\" class=\"wp-image-3225\" srcset=\"https:\/\/esportscalp.es\/wp-content\/uploads\/2026\/02\/0T2A1368-55-1024x683.jpg 1024w, https:\/\/esportscalp.es\/wp-content\/uploads\/2026\/02\/0T2A1368-55-300x200.jpg 300w, https:\/\/esportscalp.es\/wp-content\/uploads\/2026\/02\/0T2A1368-55-18x12.jpg 18w, https:\/\/esportscalp.es\/wp-content\/uploads\/2026\/02\/0T2A1368-55.jpg 1620w\" sizes=\"auto, (max-width: 1024px) 100vw, 1024px\" \/><\/figure>\n\n\n\n<figure class=\"wp-block-image size-large\"><img loading=\"lazy\" decoding=\"async\" width=\"1024\" height=\"683\" data-id=\"3230\" src=\"https:\/\/esportscalp.es\/wp-content\/uploads\/2026\/02\/0T2A1376-56-1024x683.jpg\" alt=\"\" class=\"wp-image-3230\" srcset=\"https:\/\/esportscalp.es\/wp-content\/uploads\/2026\/02\/0T2A1376-56-1024x683.jpg 1024w, https:\/\/esportscalp.es\/wp-content\/uploads\/2026\/02\/0T2A1376-56-300x200.jpg 300w, https:\/\/esportscalp.es\/wp-content\/uploads\/2026\/02\/0T2A1376-56-18x12.jpg 18w, https:\/\/esportscalp.es\/wp-content\/uploads\/2026\/02\/0T2A1376-56.jpg 1620w\" sizes=\"auto, (max-width: 1024px) 100vw, 1024px\" \/><\/figure>\n\n\n\n<figure class=\"wp-block-image size-large\"><img loading=\"lazy\" decoding=\"async\" width=\"1024\" height=\"683\" data-id=\"3232\" src=\"https:\/\/esportscalp.es\/wp-content\/uploads\/2026\/02\/0T2A1394-57-1024x683.jpg\" alt=\"\" class=\"wp-image-3232\" srcset=\"https:\/\/esportscalp.es\/wp-content\/uploads\/2026\/02\/0T2A1394-57-1024x683.jpg 1024w, https:\/\/esportscalp.es\/wp-content\/uploads\/2026\/02\/0T2A1394-57-300x200.jpg 300w, https:\/\/esportscalp.es\/wp-content\/uploads\/2026\/02\/0T2A1394-57-18x12.jpg 18w, https:\/\/esportscalp.es\/wp-content\/uploads\/2026\/02\/0T2A1394-57.jpg 1620w\" sizes=\"auto, (max-width: 1024px) 100vw, 1024px\" \/><\/figure>\n\n\n\n<figure class=\"wp-block-image size-large\"><img loading=\"lazy\" decoding=\"async\" width=\"1024\" height=\"683\" data-id=\"3233\" src=\"https:\/\/esportscalp.es\/wp-content\/uploads\/2026\/02\/0T2A1440-58-1024x683.jpg\" alt=\"\" class=\"wp-image-3233\" srcset=\"https:\/\/esportscalp.es\/wp-content\/uploads\/2026\/02\/0T2A1440-58-1024x683.jpg 1024w, https:\/\/esportscalp.es\/wp-content\/uploads\/2026\/02\/0T2A1440-58-300x200.jpg 300w, https:\/\/esportscalp.es\/wp-content\/uploads\/2026\/02\/0T2A1440-58-18x12.jpg 18w, https:\/\/esportscalp.es\/wp-content\/uploads\/2026\/02\/0T2A1440-58.jpg 1620w\" sizes=\"auto, (max-width: 1024px) 100vw, 1024px\" \/><\/figure>\n\n\n\n<figure class=\"wp-block-image size-large\"><img loading=\"lazy\" decoding=\"async\" width=\"1024\" height=\"683\" data-id=\"3236\" src=\"https:\/\/esportscalp.es\/wp-content\/uploads\/2026\/02\/0T2A1474-59-1024x683.jpg\" alt=\"\" class=\"wp-image-3236\" srcset=\"https:\/\/esportscalp.es\/wp-content\/uploads\/2026\/02\/0T2A1474-59-1024x683.jpg 1024w, https:\/\/esportscalp.es\/wp-content\/uploads\/2026\/02\/0T2A1474-59-300x200.jpg 300w, https:\/\/esportscalp.es\/wp-content\/uploads\/2026\/02\/0T2A1474-59-18x12.jpg 18w, https:\/\/esportscalp.es\/wp-content\/uploads\/2026\/02\/0T2A1474-59.jpg 1620w\" sizes=\"auto, (max-width: 1024px) 100vw, 1024px\" \/><\/figure>\n\n\n\n<figure class=\"wp-block-image size-large\"><img loading=\"lazy\" decoding=\"async\" width=\"1024\" height=\"683\" data-id=\"3231\" src=\"https:\/\/esportscalp.es\/wp-content\/uploads\/2026\/02\/0T2A1477-60-1024x683.jpg\" alt=\"\" class=\"wp-image-3231\" srcset=\"https:\/\/esportscalp.es\/wp-content\/uploads\/2026\/02\/0T2A1477-60-1024x683.jpg 1024w, https:\/\/esportscalp.es\/wp-content\/uploads\/2026\/02\/0T2A1477-60-300x200.jpg 300w, https:\/\/esportscalp.es\/wp-content\/uploads\/2026\/02\/0T2A1477-60-18x12.jpg 18w, https:\/\/esportscalp.es\/wp-content\/uploads\/2026\/02\/0T2A1477-60.jpg 1620w\" sizes=\"auto, (max-width: 1024px) 100vw, 1024px\" \/><\/figure>\n\n\n\n<figure class=\"wp-block-image size-large\"><img loading=\"lazy\" decoding=\"async\" width=\"1024\" height=\"683\" data-id=\"3229\" src=\"https:\/\/esportscalp.es\/wp-content\/uploads\/2026\/02\/0T2A1511-64-1024x683.jpg\" alt=\"\" class=\"wp-image-3229\" srcset=\"https:\/\/esportscalp.es\/wp-content\/uploads\/2026\/02\/0T2A1511-64-1024x683.jpg 1024w, https:\/\/esportscalp.es\/wp-content\/uploads\/2026\/02\/0T2A1511-64-300x200.jpg 300w, https:\/\/esportscalp.es\/wp-content\/uploads\/2026\/02\/0T2A1511-64-18x12.jpg 18w, https:\/\/esportscalp.es\/wp-content\/uploads\/2026\/02\/0T2A1511-64.jpg 1620w\" sizes=\"auto, (max-width: 1024px) 100vw, 1024px\" \/><\/figure>\n\n\n\n<figure class=\"wp-block-image size-large\"><img loading=\"lazy\" decoding=\"async\" width=\"1024\" height=\"683\" data-id=\"3234\" src=\"https:\/\/esportscalp.es\/wp-content\/uploads\/2026\/02\/0T2A1488-62-1024x683.jpg\" alt=\"\" class=\"wp-image-3234\" srcset=\"https:\/\/esportscalp.es\/wp-content\/uploads\/2026\/02\/0T2A1488-62-1024x683.jpg 1024w, https:\/\/esportscalp.es\/wp-content\/uploads\/2026\/02\/0T2A1488-62-300x200.jpg 300w, https:\/\/esportscalp.es\/wp-content\/uploads\/2026\/02\/0T2A1488-62-18x12.jpg 18w, https:\/\/esportscalp.es\/wp-content\/uploads\/2026\/02\/0T2A1488-62.jpg 1620w\" sizes=\"auto, (max-width: 1024px) 100vw, 1024px\" \/><\/figure>\n\n\n\n<figure class=\"wp-block-image size-large\"><img loading=\"lazy\" decoding=\"async\" width=\"1024\" height=\"683\" data-id=\"3235\" src=\"https:\/\/esportscalp.es\/wp-content\/uploads\/2026\/02\/0T2A1481-61-1024x683.jpg\" alt=\"\" class=\"wp-image-3235\" srcset=\"https:\/\/esportscalp.es\/wp-content\/uploads\/2026\/02\/0T2A1481-61-1024x683.jpg 1024w, https:\/\/esportscalp.es\/wp-content\/uploads\/2026\/02\/0T2A1481-61-300x200.jpg 300w, https:\/\/esportscalp.es\/wp-content\/uploads\/2026\/02\/0T2A1481-61-18x12.jpg 18w, https:\/\/esportscalp.es\/wp-content\/uploads\/2026\/02\/0T2A1481-61-1536x1024.jpg 1536w, https:\/\/esportscalp.es\/wp-content\/uploads\/2026\/02\/0T2A1481-61.jpg 1620w\" sizes=\"auto, (max-width: 1024px) 100vw, 1024px\" \/><\/figure>\n<\/figure>\n\n\n\n<p><\/p>","protected":false},"excerpt":{"rendered":"<p>La zona de Campos de F\u00fatbol de Calp comprende el Campo Municipal de F\u00fatbol, que es un campo de f\u00fatbol 11 con unas medidas de homologadas est\u00e1ndar. Adem\u00e1s, tambi\u00e9n existe un campo anexo de f\u00fatbol 7. El grader\u00edo cuenta con una capacidad de 805 espectadores sentados. Las reservas pueden gestionarse a trav\u00e9s del apartado de &hellip; <\/p>\n<p class=\"link-more\"><a href=\"https:\/\/esportscalp.es\/va\/campo-de-futbol-municipal\/\" class=\"more-link\">Read more<span class=\"screen-reader-text\"> \u00abCampo de F\u00fatbol Municipal\u00bb<\/span><\/a><\/p>","protected":false},"author":1,"featured_media":3235,"parent":0,"menu_order":0,"comment_status":"closed","ping_status":"closed","template":"","meta":{"_uag_custom_page_level_css":"","inspiro_hide_title":false,"footnotes":""},"class_list":["post-3193","page","type-page","status-publish","has-post-thumbnail","hentry"],"aioseo_notices":[],"uagb_featured_image_src":{"full":["https:\/\/esportscalp.es\/wp-content\/uploads\/2026\/02\/0T2A1481-61.jpg",1620,1080,false],"thumbnail":["https:\/\/esportscalp.es\/wp-content\/uploads\/2026\/02\/0T2A1481-61-150x150.jpg",150,150,true],"medium":["https:\/\/esportscalp.es\/wp-content\/uploads\/2026\/02\/0T2A1481-61-300x200.jpg",300,200,true],"medium_large":["https:\/\/esportscalp.es\/wp-content\/uploads\/2026\/02\/0T2A1481-61.jpg",768,512,false],"large":["https:\/\/esportscalp.es\/wp-content\/uploads\/2026\/02\/0T2A1481-61-1024x683.jpg",950,634,true],"1536x1536":["https:\/\/esportscalp.es\/wp-content\/uploads\/2026\/02\/0T2A1481-61-1536x1024.jpg",1536,1024,true],"2048x2048":["https:\/\/esportscalp.es\/wp-content\/uploads\/2026\/02\/0T2A1481-61.jpg",1620,1080,false],"trp-custom-language-flag":["https:\/\/esportscalp.es\/wp-content\/uploads\/2026\/02\/0T2A1481-61-18x12.jpg",18,12,true],"inspiro-featured-image":["https:\/\/esportscalp.es\/wp-content\/uploads\/2026\/02\/0T2A1481-61.jpg",1620,1080,false],"inspiro-loop":["https:\/\/esportscalp.es\/wp-content\/uploads\/2026\/02\/0T2A1481-61-950x320.jpg",950,320,true],"inspiro-loop@2x":["https:\/\/esportscalp.es\/wp-content\/uploads\/2026\/02\/0T2A1481-61-1620x640.jpg",1620,640,true]},"uagb_author_info":{"display_name":"@esportscalp","author_link":"https:\/\/esportscalp.es\/va\/author\/esportscalpgmail-com\/"},"uagb_comment_info":0,"uagb_excerpt":"La zona de Campos de F\u00fatbol de Calp comprende el Campo Municipal de F\u00fatbol, que es un campo de f\u00fatbol 11 con unas medidas de homologadas est\u00e1ndar. Adem\u00e1s, tambi\u00e9n existe un campo anexo de f\u00fatbol 7. El grader\u00edo cuenta con una capacidad de 805 espectadores sentados. Las reservas pueden gestionarse a trav\u00e9s del apartado de&hellip;","_links":{"self":[{"href":"https:\/\/esportscalp.es\/va\/wp-json\/wp\/v2\/pages\/3193","targetHints":{"allow":["GET"]}}],"collection":[{"href":"https:\/\/esportscalp.es\/va\/wp-json\/wp\/v2\/pages"}],"about":[{"href":"https:\/\/esportscalp.es\/va\/wp-json\/wp\/v2\/types\/page"}],"author":[{"embeddable":true,"href":"https:\/\/esportscalp.es\/va\/wp-json\/wp\/v2\/users\/1"}],"replies":[{"embeddable":true,"href":"https:\/\/esportscalp.es\/va\/wp-json\/wp\/v2\/comments?post=3193"}],"version-history":[{"count":4,"href":"https:\/\/esportscalp.es\/va\/wp-json\/wp\/v2\/pages\/3193\/revisions"}],"predecessor-version":[{"id":3238,"href":"https:\/\/esportscalp.es\/va\/wp-json\/wp\/v2\/pages\/3193\/revisions\/3238"}],"wp:featuredmedia":[{"embeddable":true,"href":"https:\/\/esportscalp.es\/va\/wp-json\/wp\/v2\/media\/3235"}],"wp:attachment":[{"href":"https:\/\/esportscalp.es\/va\/wp-json\/wp\/v2\/media?parent=3193"}],"curies":[{"name":"wp","href":"https:\/\/api.w.org\/{rel}","templated":true}]}}