{"id":3171,"date":"2026-02-12T17:27:34","date_gmt":"2026-02-12T17:27:34","guid":{"rendered":"https:\/\/esportscalp.es\/?page_id=3171"},"modified":"2026-02-15T12:42:43","modified_gmt":"2026-02-15T12:42:43","slug":"consell-municipal-desports","status":"publish","type":"page","link":"https:\/\/esportscalp.es\/va\/consell-municipal-desports\/","title":{"rendered":"Consell Municipal d&#8217;Esports"},"content":{"rendered":"<p>El Consell Municipal d\u2019Esports de l'Ajuntament de Calp t\u00e9 per objectiu constituir-se com un \u00f2rgan de participaci\u00f3 per a totes aquelles actuacions a desenvolupar per l'Ajuntament en relaci\u00f3 a l'esport.<\/p>\n\n\n\n<p>El Consell exerceix les seg\u00fcents funcions:<\/p>\n\n\n\n<ol style=\"list-style-type:lower-alpha\" class=\"wp-block-list\">\n<li>Assessorar el govern municipal en mat\u00e8ria d'esports i activitat f\u00edsica.<\/li>\n\n\n\n<li>Proposar iniciatives a l'Ajuntament en mat\u00e8ria d'esports.<\/li>\n\n\n\n<li>Promoure i facilitar la pr\u00e0ctica esportiva de la poblaci\u00f3 de tots els \u00e0mbits; aficionat, popular, escolar i federat.<\/li>\n\n\n\n<li>Promoure i difondre les campanyes o activitats esportives.<\/li>\n\n\n\n<li>Promoure i donar suport a les associacions i entitats esportives del municipi amb l'objectiu d'estimular l'activitat esportiva i aconseguir una oferta variada per a la ciutadania.<\/li>\n\n\n\n<li>Fomentar els esports aut\u00f2ctons, amb la finalitat de promocionar i mantindre les tradicions esportives.<\/li>\n\n\n\n<li>Fomentar la participaci\u00f3 ciutadana en els esdeveniments esportius.<\/li>\n\n\n\n<li>Fomentar la participaci\u00f3 en les activitats organitzades per la Xarxa Esportiva de la Marina Alta; Mini Jocs Esportius de la Marina Alta, Tradijocs de la Marina Alta i competicions organitzades per la Xarxa.<\/li>\n\n\n\n<li>Impulsar la coordinaci\u00f3 entre la iniciativa p\u00fablica i privada en mat\u00e8ria d'esports.<\/li>\n\n\n\n<li>Coordinar i participar en la programaci\u00f3 esportiva anual.<\/li>\n\n\n\n<li>Participar en l'elaboraci\u00f3 de les Bases d'Ajudes a la Promoci\u00f3 a l'Esport, aix\u00ed com qualssevol que es duguen a terme relacionades amb l'esport.<\/li>\n\n\n\n<li>Elaborar informes, a sol\u00b7licitud de l'Alcalde\/ssa, el Ple Municipal, la Regidoria d'Esports, o a iniciativa pr\u00f2pia sobre assumptes de la seua compet\u00e8ncia. Aquests informes tindran car\u00e0cter de recomanaci\u00f3 i no seran vinculants.<\/li>\n<\/ol>\n\n\n\n<h2 class=\"wp-block-heading translation-block\">Normativa completa<strong> i reglament<\/strong> de funcionament:<\/h2>\n\n\n\n<div class=\"wp-block-uagb-buttons uagb-buttons__outer-wrap uagb-btn__default-btn uagb-btn-tablet__default-btn uagb-btn-mobile__default-btn uagb-block-8f82d4d4\"><div class=\"uagb-buttons__wrap uagb-buttons-layout-wrap\">\n<div class=\"wp-block-uagb-buttons-child uagb-buttons__outer-wrap uagb-block-36bbeb95 wp-block-button\"><div class=\"uagb-button__wrapper\"><a class=\"uagb-buttons-repeater wp-block-button__link\" aria-label=\"\" href=\"https:\/\/www.dip-alicante.es\/bop2\/pdftotal\/2025\/09\/17_177\/2025_006672.pdf\" rel=\"follow noopener\" target=\"_blank\" role=\"button\"><div class=\"uagb-button__link\">Reglament del Consell Municipal d\u2019Esports de l'Ajuntament de Calp<\/div><span class=\"uagb-button__icon uagb-button__icon-position-after\"><svg xmlns=\"https:\/\/www.w3.org\/2000\/svg\" viewbox=\"0 0 448 512\" aria-hidden=\"true\" focussable=\"false\"><path d=\"M438.6 278.6l-160 160C272.4 444.9 264.2 448 256 448s-16.38-3.125-22.62-9.375c-12.5-12.5-12.5-32.75 0-45.25L338.8 288H32C14.33 288 .0016 273.7 .0016 256S14.33 224 32 224h306.8l-105.4-105.4c-12.5-12.5-12.5-32.75 0-45.25s32.75-12.5 45.25 0l160 160C451.1 245.9 451.1 266.1 438.6 278.6z\"><\/path><\/svg><\/span><\/a><\/div><\/div>\n<\/div><\/div>\n\n\n\n<h2 class=\"wp-block-heading\">Composici\u00f3<\/h2>\n\n\n\n<p>Presid\u00e8ncia <strong>Ana Sala Fern\u00e1ndez<\/strong> (alcaldessa de Calp)<\/p>\n\n\n\n<p>Vicepresid\u00e8ncia: <strong>Ximo P\u00e9rles P\u00e9rez<\/strong> (regidor d'esports)<\/p>\n\n\n\n<p>Secretaria: <strong>Manuel Mart\u00ednez Urbano<\/strong><\/p>\n\n\n\n<p>Representants grups pol\u00edtics:<\/p>\n\n\n\n<ul class=\"wp-block-list\">\n<li><strong>Paco Fern\u00e1ndez de Ybarra Gimeno<\/strong> (Partit Popular)<\/li>\n\n\n\n<li><strong>\u00c1lex Coca Malag\u00f3n<\/strong> (Somos Calpe)<\/li>\n\n\n\n<li><strong>Itziar Doval C\u00e1mara<\/strong> (PSPV-PSOE)<\/li>\n\n\n\n<li><strong>Ximo P\u00e9rles P\u00e9rez<\/strong> (Comprom\u00eds per Calp)<\/li>\n\n\n\n<li><strong>Toni Tur Pastor<\/strong> (Defendamos Calpe)<\/li>\n<\/ul>\n\n\n\n<p class=\"translation-block\">Representant de <strong>ADICALP<\/strong> (Associaci\u00f3 de persones amb discapacitat de Calp):<\/p>\n\n\n\n<p>Representants de les fam\u00edlies d'esportistes locals:<\/p>\n\n\n\n<ul class=\"wp-block-list\">\n<li><strong>Milton Oscar Brizzio<\/strong> (futbol)<\/li>\n\n\n\n<li><strong>Roberto Cruz L\u00f3pez<\/strong> (voleibol)<\/li>\n\n\n\n<li><strong>Saray Vives Ivars<\/strong> (b\u00e0squet)<\/li>\n\n\n\n<li><strong>Emma Louise Woods<\/strong> (gimn\u00e0stica r\u00edtmica)<\/li>\n<\/ul>\n\n\n\n<p>Representants dels clubs locals:<\/p>\n\n\n\n<ul class=\"wp-block-list\">\n<li><strong>Club d&#8217;Escacs Calp<\/strong>: Victor Molines Sanz<\/li>\n\n\n\n<li><strong>CB Ifach Calpe<\/strong>: Arnau Ivars<\/li>\n\n\n\n<li><strong>Club Gimnasia de Calpe<\/strong>: Andrea Mart\u00edn Fern\u00e1ndez<\/li>\n\n\n\n<li><strong>Club Gimnasia les Marines<\/strong>: Aroa Pineda<\/li>\n\n\n\n<li><strong>Grup de Muntanya<\/strong>: Juanjo Mayans<\/li>\n\n\n\n<li><strong>Club de P\u00e1del Calpe<\/strong>: Pedro Lozano Beamud<\/li>\n\n\n\n<li><strong>RCNC<\/strong>: Magdalena Mart\u00ednez Ferrer<\/li>\n\n\n\n<li><strong>Club Taekwondo Athenea<\/strong>: Carlos Ruiz Mart\u00ednez<\/li>\n\n\n\n<li><strong>UD Calpe<\/strong>: Jorge Pablo Di Orio <\/li>\n\n\n\n<li><strong>Colombicultura la Ifach<\/strong>: SENSE REPRESENTANT<\/li>\n\n\n\n<li><strong>Pilota Valenciana<\/strong>: SENSE REPRESENTANT<\/li>\n\n\n\n<li><strong>CD Calpe Futsal<\/strong>: SENSE REPRESENTANT<\/li>\n\n\n\n<li><strong>Club de Tenis Calpe<\/strong>: SENSE REPRESENTANT<\/li>\n\n\n\n<li><strong>Club Petanca<\/strong>: SENSE REPRESENTANT<\/li>\n\n\n\n<li><strong>Judo Club Calp<\/strong>: SENSE REPRESENTANT<\/li>\n\n\n\n<li><strong>Frontenis Calp<\/strong>: SENSE REPRESENTANT<\/li>\n\n\n\n<li><strong>iRun Calp<\/strong>: SENSE REPRESENTANT<\/li>\n\n\n\n<li><strong>Club de<\/strong> <strong>F\u00fatbol Veteranos<\/strong>: SENSE REPRESENTANT<\/li>\n<\/ul>\n\n\n\n<p><\/p>\n\n\n\n<h2 class=\"wp-block-heading\">Registre d'actes<\/h2>\n\n\n\n<h4 class=\"wp-block-heading translation-block\"><strong>2026\/02\/11: Valoraci\u00f3 pla d'inversions 2026 i inici de la modificaci\u00f3<\/strong> de les bases de subvencions<\/h4>\n\n\n\n<p>Pendent de publicaci\u00f3<\/p>\n\n\n\n<div class=\"wp-block-uagb-separator uagb-block-6c00baff\"><div class=\"wp-block-uagb-separator__inner\" style=\"--my-background-image:\"><\/div><\/div>\n\n\n\n<h4 class=\"wp-block-heading\"><strong>2025\/11\/27: Votacions premiats I Gala de l\u2019Esport i la Cultura<\/strong><\/h4>\n\n\n\n<div data-wp-interactive=\"core\/file\" class=\"wp-block-file\"><object data-wp-bind--hidden=\"!state.hasPdfPreview\" hidden class=\"wp-block-file__embed\" data=\"https:\/\/esportscalp.es\/wp-content\/uploads\/2026\/02\/20251204_Acta_ACTA-JURADO-DEPORTES.pdf\" type=\"application\/pdf\" style=\"width:100%;height:320px\" aria-label=\"Embed of 20251204_Acta_ACTA JURADO DEPORTES.\"><\/object><a id=\"wp-block-file--media-2cc71119-13d2-4915-a9de-02aee7b0abee\" href=\"https:\/\/esportscalp.es\/wp-content\/uploads\/2026\/02\/20251204_Acta_ACTA-JURADO-DEPORTES.pdf\">20251204_Acta_ACTA JURADO DEPORTES<\/a><\/div>\n\n\n\n<div class=\"wp-block-uagb-separator uagb-block-035a52d0\"><div class=\"wp-block-uagb-separator__inner\" style=\"--my-background-image:\"><\/div><\/div>\n\n\n\n<h4 class=\"wp-block-heading\"><strong>2025\/11\/20: Constituci\u00f3 Consell Municipal Esports<\/strong><\/h4>\n\n\n\n<div data-wp-interactive=\"core\/file\" class=\"wp-block-file\"><object data-wp-bind--hidden=\"!state.hasPdfPreview\" hidden class=\"wp-block-file__embed\" data=\"https:\/\/esportscalp.es\/wp-content\/uploads\/2026\/02\/Acta-reunion-20-11-2025.pdf\" type=\"application\/pdf\" style=\"width:100%;height:320px\" aria-label=\"Embed of Acta reunio\u0301n 20 11 2025.\"><\/object><a id=\"wp-block-file--media-475c20a7-4c21-487b-9cc8-e9552d96df02\" href=\"https:\/\/esportscalp.es\/wp-content\/uploads\/2026\/02\/Acta-reunion-20-11-2025.pdf\">Acta reunio\u0301n 20 11 2025<\/a><\/div>\n\n\n\n<div style=\"height:70px\" aria-hidden=\"true\" class=\"wp-block-spacer\"><\/div>","protected":false},"excerpt":{"rendered":"<p>El Consell Municipal d&#8217;Esports del Ayuntamiento de Calp tiene por objetivo constituirse como un \u00f3rgano de participaci\u00f3n para todas aquellas actuaciones a desarrollar por el Ayuntamiento en relaci\u00f3n al deporte. El Consell desempe\u00f1a las siguientes funciones: Normativa completa y reglamento de funcionamiento: Composici\u00f3n Presidencia: Ana Sala Fern\u00e1ndez (alcaldesa de Calp) Vicepresidencia: Ximo P\u00e9rles P\u00e9rez (concejal &hellip; <\/p>\n<p class=\"link-more\"><a href=\"https:\/\/esportscalp.es\/va\/consell-municipal-desports\/\" class=\"more-link\">Read more<span class=\"screen-reader-text\"> \u00abConsell Municipal d&#8217;Esports\u00bb<\/span><\/a><\/p>","protected":false},"author":1,"featured_media":0,"parent":0,"menu_order":0,"comment_status":"closed","ping_status":"closed","template":"","meta":{"_uag_custom_page_level_css":"","inspiro_hide_title":false,"footnotes":""},"class_list":["post-3171","page","type-page","status-publish","hentry"],"aioseo_notices":[],"uagb_featured_image_src":{"full":false,"thumbnail":false,"medium":false,"medium_large":false,"large":false,"1536x1536":false,"2048x2048":false,"trp-custom-language-flag":false,"inspiro-featured-image":false,"inspiro-loop":false,"inspiro-loop@2x":false},"uagb_author_info":{"display_name":"@esportscalp","author_link":"https:\/\/esportscalp.es\/va\/author\/esportscalpgmail-com\/"},"uagb_comment_info":0,"uagb_excerpt":"El Consell Municipal d&#8217;Esports del Ayuntamiento de Calp tiene por objetivo constituirse como un \u00f3rgano de participaci\u00f3n para todas aquellas actuaciones a desarrollar por el Ayuntamiento en relaci\u00f3n al deporte. El Consell desempe\u00f1a las siguientes funciones: Normativa completa y reglamento de funcionamiento: Composici\u00f3n Presidencia: Ana Sala Fern\u00e1ndez (alcaldesa de Calp) Vicepresidencia: Ximo P\u00e9rles P\u00e9rez (concejal&hellip;","_links":{"self":[{"href":"https:\/\/esportscalp.es\/va\/wp-json\/wp\/v2\/pages\/3171","targetHints":{"allow":["GET"]}}],"collection":[{"href":"https:\/\/esportscalp.es\/va\/wp-json\/wp\/v2\/pages"}],"about":[{"href":"https:\/\/esportscalp.es\/va\/wp-json\/wp\/v2\/types\/page"}],"author":[{"embeddable":true,"href":"https:\/\/esportscalp.es\/va\/wp-json\/wp\/v2\/users\/1"}],"replies":[{"embeddable":true,"href":"https:\/\/esportscalp.es\/va\/wp-json\/wp\/v2\/comments?post=3171"}],"version-history":[{"count":21,"href":"https:\/\/esportscalp.es\/va\/wp-json\/wp\/v2\/pages\/3171\/revisions"}],"predecessor-version":[{"id":3358,"href":"https:\/\/esportscalp.es\/va\/wp-json\/wp\/v2\/pages\/3171\/revisions\/3358"}],"wp:attachment":[{"href":"https:\/\/esportscalp.es\/va\/wp-json\/wp\/v2\/media?parent=3171"}],"curies":[{"name":"wp","href":"https:\/\/api.w.org\/{rel}","templated":true}]}}