{"id":3,"date":"2025-02-12T16:15:21","date_gmt":"2025-02-12T16:15:21","guid":{"rendered":"http:\/\/esportscalp.es\/?page_id=3"},"modified":"2026-04-29T14:46:27","modified_gmt":"2026-04-29T14:46:27","slug":"privacy-policy","status":"publish","type":"page","link":"https:\/\/esportscalp.es\/va\/privacy-policy\/","title":{"rendered":"Pol\u00edtica de privacitat"},"content":{"rendered":"<h2 class=\"wp-block-heading translation-block\">La Pol\u00edtica de Privacitat forma part de les Condicions Generals que regeixen la p\u00e0gina <a href=\"https:\/\/esportscalp.es\/va\/\" title=\"\" target=\"_self\">www.esportscalp.es<\/a> juntament amb <a href=\"https:\/\/www.calp.es\/\" target=\"_self\">https:\/\/www.calp.es<\/a>\u00a0juntament amb la\u00a0<a href=\"https:\/\/calp.es\/content\/poltica-cookies\" target=\"_self\">Pol\u00edtica de Cookies<\/a>\u00a0i l'Av\u00eds\u00a0<a href=\"https:\/\/calp.es\/content\/aviso-legal\" target=\"_self\"> Legal<\/a>.<\/h2>\n\n\n\n<p>El Ayuntamiento de Calp, se reserva el derecho a modificar o adaptar la presente Pol\u00edtica de Privacidad en todo momento. Por lo tanto, le recomendamos que revise la misma cada vez que acceda a la p\u00e1gina web. En el supuesto de que usuario se haya registrado en la p\u00e1gina web y acceda a su cuenta o perfil, al acceder a la misma, se le informar\u00e1 en el supuesto de que haya habido modificaciones sustanciales en relaci\u00f3n con el tratamiento de sus datos personales.<\/p>\n\n\n\n<p><strong>\u00bfQui\u00e9n es el Responsable del tratamiento de sus datos personales?<\/strong><\/p>\n\n\n\n<p>Los datos que se recojan o nos facilites voluntariamente por medio de la p\u00e1gina web, ya sea por la navegaci\u00f3n en la misma, as\u00ed como todos aquellos que nos puedas facilitar en los formularios de contacto, v\u00eda email o por tel\u00e9fono, ser\u00e1n recabados y tratados por el Responsable del Tratamiento, cuyos datos se indican a continuaci\u00f3n<\/p>\n\n\n\n<figure class=\"wp-block-table\"><table class=\"has-fixed-layout\"><tbody><tr><td>Denominaci\u00f3n Social:<\/td><td>Ayuntamiento de Calp<\/td><\/tr><tr><td>Direcci\u00f3n:<\/td><td>Av. De Ifach 12, 03710-Calp, Alicante<\/td><\/tr><tr><td>Tel\u00e9fono:<\/td><td>(+34) 965 833 600<\/td><\/tr><tr><td>Correo electr\u00f3nico:<\/td><td><a href=\"mailto:oac@ajcalp.es\">oac@ajcalp.es<\/a><\/td><\/tr><tr><td>DPO:<\/td><td>Pr\u00f3ximamente (por designar)<\/td><\/tr><\/tbody><\/table><\/figure>\n\n\n\n<p><strong>\u00bfCon que finalidades vamos a tratar sus datos personales?<\/strong><\/p>\n\n\n\n<p>Los datos que se nos facilitan, as\u00ed como cualesquiera otros generados durante el desarrollo de la relaci\u00f3n con las personas usuarias, los podemos tratar para distintas finalidades en funci\u00f3n de los servicios municipales que sean objeto de prestaci\u00f3n y, en todo caso, para mantener el contacto y la comunicaci\u00f3n con \u00e9stas.<\/p>\n\n\n\n<p>En su caso, finalidades m\u00e1s expl\u00edcitas y concretas pueden indicarse en las cl\u00e1usulas informativas incorporadas en cada una de las v\u00edas de toma de datos (formularios web, formularios en papel, locuciones o carteles y notas informativas) para supuestos concretos.<\/p>\n\n\n\n<p>Finalidades:<\/p>\n\n\n\n<ul class=\"wp-block-list\">\n<li>Contestar a tus consultas, solicitudes o peticiones.<\/li>\n\n\n\n<li>Gestionar el servicio solicitado, contestar tu solicitud, o tramitar tu petici\u00f3n.<\/li>\n\n\n\n<li>Gesti\u00f3n de los cursos solicitados a trav\u00e9s de nuestro sitio WEB.<\/li>\n\n\n\n<li>Informaci\u00f3n por medios electr\u00f3nicos, que versen sobre tu solicitud.<\/li>\n\n\n\n<li>Informaci\u00f3n comercial o de eventos por medios electr\u00f3nicos, siempre que exista autorizaci\u00f3n expresa.<\/li>\n\n\n\n<li>Realizar an\u00e1lisis y mejoras en la Web, sobre nuestros productos y servicios.<\/li>\n<\/ul>\n\n\n\n<p>En concreto, todos los datos personales que puedan suministrarse por los interesados no ser\u00e1n destinados a finalidades diferentes de las expresadas en el momento de su aportaci\u00f3n, seg\u00fan el supuesto espec\u00edfico de que se trate, ni comunicados a terceros excepto en aquellos supuestos legales en que pueda procederse a dicha comunicaci\u00f3n o se cuenta con el consentimiento expreso del interesado.<\/p>\n\n\n\n<p><strong>\u00bfCu\u00e1l es la legitimaci\u00f3n para el tratamiento de sus datos?<\/strong><\/p>\n\n\n\n<p>La aceptaci\u00f3n y consentimiento del interesado: En aquellos casos donde para realizar una solicitud sea necesario cumplimentar un formulario y hacer un \u00abclick\u00bb en el bot\u00f3n de enviar, la realizaci\u00f3n del mismo implicar\u00e1 necesariamente que ha sido informado y ha otorgado expresamente su consentimiento al contenido de la cl\u00e1usula anexada a dicho formulario o aceptaci\u00f3n de la pol\u00edtica de privacidad.<\/p>\n\n\n\n<p>Para el cumplimiento de una obligaci\u00f3n legal por nuestra parte, en otros el cumplimiento por el Ayuntamiento de una misi\u00f3n realizada en inter\u00e9s p\u00fablico o en ejercicio de Poderes P\u00fablicos, en otros la protecci\u00f3n de intereses vitales y en otros la ejecuci\u00f3n de un contrato.<\/p>\n\n\n\n<p>La aportaci\u00f3n de los datos solicitados es obligatoria por ser imprescindible para atender tu petici\u00f3n y\/o prestar nuestros servicios; si no los facilitas, no podremos llevarla a cabo o prestarlos.<\/p>\n\n\n\n<p><strong>\u00bfA qui\u00e9nes le comunicaremos sus datos?<\/strong><\/p>\n\n\n\n<p>Sus datos no se ceder\u00e1n a Terceros salvo obligaci\u00f3n Legal.<\/p>\n\n\n\n<p><strong>Cursos<\/strong><\/p>\n\n\n\n<p>Le informamos que para la gesti\u00f3n y tramitaci\u00f3n de los cursos gestionados a trav\u00e9s de nuestra p\u00e1gina WEB, los datos personales recabados en los distintos formularios, ser\u00e1n cedidos a los centros de formaci\u00f3n y a la Sede Universitaria para su correcta gesti\u00f3n y, mantenerles informado de nuevos cursos, actividades y eventos relacionados con las materias y formaciones en las cuales se haya matriculado.<\/p>\n\n\n\n<p><strong>\u00bfDurante qu\u00e9 plazo almacenaremos sus datos?<\/strong><\/p>\n\n\n\n<p>Los datos personales ser\u00e1n mantenidos mientras se mantenga la vinculaci\u00f3n con el Responsable. Al finalizar los mismos, los datos personales tratados en cada una de las finalidades indicadas se mantendr\u00e1n durante los plazos legalmente previstos o durante el plazo que un juez o tribunal los pueda requerir atendiendo al plazo de prescripci\u00f3n de acciones judiciales. Los datos tratados se mantendr\u00e1n en tanto no expiren los plazos legales aludidos anteriormente, si hubiera obligaci\u00f3n legal de mantenimiento, o de no existir ese plazo legal, hasta que el interesado solicite su supresi\u00f3n o revoque el consentimiento otorgado.<\/p>\n\n\n\n<p><strong>\u00bfCu\u00e1les son sus derechos?<\/strong><\/p>\n\n\n\n<ul class=\"wp-block-list\">\n<li>A saber, si estamos tratando sus datos o no.<\/li>\n\n\n\n<li>A acceder a sus datos personales.<\/li>\n\n\n\n<li>A solicitar la rectificaci\u00f3n de sus datos si son inexactos.<\/li>\n\n\n\n<li>A solicitar la supresi\u00f3n de sus datos si ya no son necesarios para los fines para los que fueron recogidos o si nos retira el consentimiento otorgado.<\/li>\n\n\n\n<li>A solicitar la limitaci\u00f3n del tratamiento de sus datos, en algunos supuestos, en cuyo caso s\u00f3lo se conservar\u00e1n de acuerdo con la normativa vigente.<\/li>\n\n\n\n<li>A portar sus datos, que le ser\u00e1n facilitados en un formato estructurado, de uso com\u00fan o lectura mec\u00e1nica.<\/li>\n\n\n\n<li>A&nbsp;presentar una reclamaci\u00f3n ante el Delegado de Protecci\u00f3n de Datos (en su caso) o ante la Agencia Espa\u00f1ola de Protecci\u00f3n de Datos o autoridad de control competente, si cree que no le hemos atendido correctamente.<\/li>\n\n\n\n<li>A&nbsp;revocar el consentimiento para cada finalidad espec\u00edfica, sin que ello afecte a licitud del tratamiento basado en el consentimiento expreso.<\/li>\n<\/ul>\n\n\n\n<p><strong>\u00bfC\u00f3mo puede ejercer sus derechos?<\/strong><\/p>\n\n\n\n<p>Le informamos que podr\u00e1 ejercitar los derechos de acceso, rectificaci\u00f3n, supresi\u00f3n y oposici\u00f3n, a trav\u00e9s de la sede electr\u00f3nica, presentando instancia ante el Registro de Entrada o mediante escrito junto con fotocopia de DNI al Delegado de Protecci\u00f3n de Datos, en la siguiente direcci\u00f3n:<\/p>\n\n\n\n<p>Av. De Ifach 12<br>03710 &#8211; Calp<br>Alicante<\/p>\n\n\n\n<p>En determinados supuestos el interesado podr\u00e1 solicitar la limitaci\u00f3n del tratamiento de sus datos, en cuyo caso s\u00f3lo los conservaremos de acuerdo con la normativa vigente.<\/p>\n\n\n\n<p>En determinados supuestos puede ejercitar su derecho a la portabilidad de los datos, que ser\u00e1n entregados en un formato estructurado, de uso com\u00fan o lectura mec\u00e1nica a usted o el nuevo responsable de tratamiento que designe.<\/p>\n\n\n\n<p>Tiene derecho a revocar en cualquier momento el consentimiento para cualquiera de los tratamientos para los que lo ha otorgado.<\/p>\n\n\n\n<p>Se informa al interesado o representante del mismo, que podr\u00e1 presentar una reclamaci\u00f3n ante la Agencia Espa\u00f1ola de Protecci\u00f3n de Datos, en el supuesto que considere que no se ha atendido convenientemente el ejercicio de sus derechos.<\/p>\n\n\n\n<p><strong>Cambios en la Pol\u00edtica de Privacidad<\/strong><\/p>\n\n\n\n<p>El Ayuntamiento de Calp, se reserva el derecho a modificar o adaptar la presente Pol\u00edtica de Privacidad en todo momento. Por lo tanto, le recomendamos que revise la misma cada vez que acceda a la P\u00e1gina Web. En el supuesto de que el usuario se haya registrado en la p\u00e1gina web y acceda a su cuenta o perfil, al acceder a la misma, se le informar\u00e1 en el supuesto de que haya habido modificaciones sustanciales en relaci\u00f3n con el tratamiento de sus datos personales.<\/p>\n\n\n\n<p><\/p>","protected":false},"excerpt":{"rendered":"<p>La Pol\u00edtica de Privacidad forma parte de las Condiciones Generales que rigen la p\u00e1gina www.esportscalp.es junto con https:\/\/www.calp.es\u00a0junto con la\u00a0Pol\u00edtica de Cookies\u00a0y el\u00a0Aviso Legal. El Ayuntamiento de Calp, se reserva el derecho a modificar o adaptar la presente Pol\u00edtica de Privacidad en todo momento. Por lo tanto, le recomendamos que revise la misma cada vez &hellip; <\/p>\n<p class=\"link-more\"><a href=\"https:\/\/esportscalp.es\/va\/privacy-policy\/\" class=\"more-link\">Read more<span class=\"screen-reader-text\"> \u00abPol\u00edtica de privacidad\u00bb<\/span><\/a><\/p>","protected":false},"author":1,"featured_media":0,"parent":0,"menu_order":0,"comment_status":"closed","ping_status":"open","template":"","meta":{"_uag_custom_page_level_css":"","inspiro_hide_title":false,"footnotes":""},"class_list":["post-3","page","type-page","status-publish","hentry"],"aioseo_notices":[],"uagb_featured_image_src":{"full":false,"thumbnail":false,"medium":false,"medium_large":false,"large":false,"1536x1536":false,"2048x2048":false,"trp-custom-language-flag":false,"inspiro-featured-image":false,"inspiro-loop":false,"inspiro-loop@2x":false},"uagb_author_info":{"display_name":"@esportscalp","author_link":"https:\/\/esportscalp.es\/va\/author\/esportscalpgmail-com\/"},"uagb_comment_info":0,"uagb_excerpt":"La Pol\u00edtica de Privacidad forma parte de las Condiciones Generales que rigen la p\u00e1gina www.esportscalp.es junto con https:\/\/www.calp.es\u00a0junto con la\u00a0Pol\u00edtica de Cookies\u00a0y el\u00a0Aviso Legal. El Ayuntamiento de Calp, se reserva el derecho a modificar o adaptar la presente Pol\u00edtica de Privacidad en todo momento. Por lo tanto, le recomendamos que revise la misma cada vez&hellip;","_links":{"self":[{"href":"https:\/\/esportscalp.es\/va\/wp-json\/wp\/v2\/pages\/3","targetHints":{"allow":["GET"]}}],"collection":[{"href":"https:\/\/esportscalp.es\/va\/wp-json\/wp\/v2\/pages"}],"about":[{"href":"https:\/\/esportscalp.es\/va\/wp-json\/wp\/v2\/types\/page"}],"author":[{"embeddable":true,"href":"https:\/\/esportscalp.es\/va\/wp-json\/wp\/v2\/users\/1"}],"replies":[{"embeddable":true,"href":"https:\/\/esportscalp.es\/va\/wp-json\/wp\/v2\/comments?post=3"}],"version-history":[{"count":3,"href":"https:\/\/esportscalp.es\/va\/wp-json\/wp\/v2\/pages\/3\/revisions"}],"predecessor-version":[{"id":3496,"href":"https:\/\/esportscalp.es\/va\/wp-json\/wp\/v2\/pages\/3\/revisions\/3496"}],"wp:attachment":[{"href":"https:\/\/esportscalp.es\/va\/wp-json\/wp\/v2\/media?parent=3"}],"curies":[{"name":"wp","href":"https:\/\/api.w.org\/{rel}","templated":true}]}}