{"id":2978,"date":"2026-02-11T09:44:07","date_gmt":"2026-02-11T09:44:07","guid":{"rendered":"https:\/\/esportscalp.es\/?page_id=2978"},"modified":"2026-02-14T16:55:25","modified_gmt":"2026-02-14T16:55:25","slug":"esplai-parc","status":"publish","type":"page","link":"https:\/\/esportscalp.es\/va\/esplai-parc\/","title":{"rendered":"Esplai Parc"},"content":{"rendered":"<p class=\"translation-block\">El Esplai Parc \u00e9s un complex d'odi esportiu situat en les antigues instal\u00b7lacions Miguel \u00c1ngel Ben\u00edtez. El mateix compte amb: un <strong>camp de futbol-7<\/strong> d'herba artificial, pista de <strong>futbol sala<\/strong>, pista de <strong>b\u00e0squet<\/strong> exterior, pista de <strong>patinatge\/hoquei<\/strong>, <strong>pump truck<\/strong>, zona de <strong>parkour<\/strong> i zona de <strong>skate<\/strong>. A m\u00e9s, la zona compta amb 5 vestuaris.<\/p>\n\n\n\n<p class=\"translation-block\">Al complex es pot <strong>accedir lliurement<\/strong>, sense reserva, respectant l'horari d'obertura. Tamb\u00e9 existeix la possibilitat de <strong>reservar algunes pistes <\/strong>com s\u00f3n el camp de futbol 7, la pista de patinatge\/hoquei, la de basket i la de futbol sala. Les reserves poden gestionar-se a trav\u00e9s de l'apartat de \u00ab<em><a href=\"https:\/\/esportscalp.es\/va\/reservas\/\" title=\"\" target=\"_self\">reserves<\/a><\/em>\u00bb en aquesta web o en l'app de Resa Sports.<\/p>\n\n\n\n<h2 class=\"wp-block-heading\">Localitzaci\u00f3<\/h2>\n\n\n\t\t\t<div \n\t\t\tclass=\"wp-block-uagb-google-map uagb-google-map__wrap uagb-block-2abdd672\"\n\t\t\tstyle=\"\" >\n\t\t\t\t<embed\n\t\t\t\t\tclass=\"uagb-google-map__iframe\"\n\t\t\t\t\ttitle=\"Google Map for \"\n\t\t\t\t\tsrc=\"https:\/\/maps.google.com\/maps?q=esplai%20parc%20calp%20&#038;z=14&#038;hl=es&#038;t=m&#038;output=embed&#038;iwloc=near\"\n\t\t\t\t\twidth=\"640\"\n\t\t\t\t\theight=\"300\"\n\t\t\t\t\tloading=\"lazy\"\n\t\t\t\t><\/embed>\n\t\t\t<\/div>\n\t\t\t\n\n\n<h2 class=\"wp-block-heading\">Galeria fotogr\u00e0fica<\/h2>\n\n\n\n<figure class=\"wp-block-gallery has-nested-images columns-default is-cropped wp-block-gallery-1 is-layout-flex wp-block-gallery-is-layout-flex\">\n<figure class=\"wp-block-image size-large\"><img loading=\"lazy\" decoding=\"async\" width=\"1024\" height=\"683\" data-id=\"3283\" src=\"https:\/\/esportscalp.es\/wp-content\/uploads\/2026\/02\/0T2A1992-105-1024x683.jpg\" alt=\"\" class=\"wp-image-3283\" srcset=\"https:\/\/esportscalp.es\/wp-content\/uploads\/2026\/02\/0T2A1992-105-1024x683.jpg 1024w, https:\/\/esportscalp.es\/wp-content\/uploads\/2026\/02\/0T2A1992-105-300x200.jpg 300w, https:\/\/esportscalp.es\/wp-content\/uploads\/2026\/02\/0T2A1992-105-18x12.jpg 18w, https:\/\/esportscalp.es\/wp-content\/uploads\/2026\/02\/0T2A1992-105-1536x1024.jpg 1536w, https:\/\/esportscalp.es\/wp-content\/uploads\/2026\/02\/0T2A1992-105.jpg 1620w\" sizes=\"auto, (max-width: 1024px) 100vw, 1024px\" \/><\/figure>\n\n\n\n<figure class=\"wp-block-image size-large\"><img loading=\"lazy\" decoding=\"async\" width=\"1024\" height=\"683\" data-id=\"3272\" src=\"https:\/\/esportscalp.es\/wp-content\/uploads\/2026\/02\/0T2A1999-106-1024x683.jpg\" alt=\"\" class=\"wp-image-3272\" srcset=\"https:\/\/esportscalp.es\/wp-content\/uploads\/2026\/02\/0T2A1999-106-1024x683.jpg 1024w, https:\/\/esportscalp.es\/wp-content\/uploads\/2026\/02\/0T2A1999-106-300x200.jpg 300w, https:\/\/esportscalp.es\/wp-content\/uploads\/2026\/02\/0T2A1999-106-18x12.jpg 18w, https:\/\/esportscalp.es\/wp-content\/uploads\/2026\/02\/0T2A1999-106.jpg 1620w\" sizes=\"auto, (max-width: 1024px) 100vw, 1024px\" \/><\/figure>\n\n\n\n<figure class=\"wp-block-image size-large\"><img loading=\"lazy\" decoding=\"async\" width=\"1024\" height=\"683\" data-id=\"3281\" src=\"https:\/\/esportscalp.es\/wp-content\/uploads\/2026\/02\/0T2A1885-99-1024x683.jpg\" alt=\"\" class=\"wp-image-3281\" srcset=\"https:\/\/esportscalp.es\/wp-content\/uploads\/2026\/02\/0T2A1885-99-1024x683.jpg 1024w, https:\/\/esportscalp.es\/wp-content\/uploads\/2026\/02\/0T2A1885-99-300x200.jpg 300w, https:\/\/esportscalp.es\/wp-content\/uploads\/2026\/02\/0T2A1885-99-18x12.jpg 18w, https:\/\/esportscalp.es\/wp-content\/uploads\/2026\/02\/0T2A1885-99.jpg 1620w\" sizes=\"auto, (max-width: 1024px) 100vw, 1024px\" \/><\/figure>\n\n\n\n<figure class=\"wp-block-image size-large\"><img loading=\"lazy\" decoding=\"async\" width=\"1024\" height=\"683\" data-id=\"3279\" src=\"https:\/\/esportscalp.es\/wp-content\/uploads\/2026\/02\/0T2A1882-98-1024x683.jpg\" alt=\"\" class=\"wp-image-3279\" srcset=\"https:\/\/esportscalp.es\/wp-content\/uploads\/2026\/02\/0T2A1882-98-1024x683.jpg 1024w, https:\/\/esportscalp.es\/wp-content\/uploads\/2026\/02\/0T2A1882-98-300x200.jpg 300w, https:\/\/esportscalp.es\/wp-content\/uploads\/2026\/02\/0T2A1882-98-18x12.jpg 18w, https:\/\/esportscalp.es\/wp-content\/uploads\/2026\/02\/0T2A1882-98.jpg 1620w\" sizes=\"auto, (max-width: 1024px) 100vw, 1024px\" \/><\/figure>\n\n\n\n<figure class=\"wp-block-image size-large\"><img loading=\"lazy\" decoding=\"async\" width=\"1024\" height=\"683\" data-id=\"3284\" src=\"https:\/\/esportscalp.es\/wp-content\/uploads\/2026\/02\/0T2A1877-97-1024x683.jpg\" alt=\"\" class=\"wp-image-3284\" srcset=\"https:\/\/esportscalp.es\/wp-content\/uploads\/2026\/02\/0T2A1877-97-1024x683.jpg 1024w, https:\/\/esportscalp.es\/wp-content\/uploads\/2026\/02\/0T2A1877-97-300x200.jpg 300w, https:\/\/esportscalp.es\/wp-content\/uploads\/2026\/02\/0T2A1877-97-18x12.jpg 18w, https:\/\/esportscalp.es\/wp-content\/uploads\/2026\/02\/0T2A1877-97.jpg 1620w\" sizes=\"auto, (max-width: 1024px) 100vw, 1024px\" \/><\/figure>\n\n\n\n<figure class=\"wp-block-image size-large\"><img loading=\"lazy\" decoding=\"async\" width=\"1024\" height=\"683\" data-id=\"3282\" src=\"https:\/\/esportscalp.es\/wp-content\/uploads\/2026\/02\/0T2A1814-93-1024x683.jpg\" alt=\"\" class=\"wp-image-3282\" srcset=\"https:\/\/esportscalp.es\/wp-content\/uploads\/2026\/02\/0T2A1814-93-1024x683.jpg 1024w, https:\/\/esportscalp.es\/wp-content\/uploads\/2026\/02\/0T2A1814-93-300x200.jpg 300w, https:\/\/esportscalp.es\/wp-content\/uploads\/2026\/02\/0T2A1814-93-18x12.jpg 18w, https:\/\/esportscalp.es\/wp-content\/uploads\/2026\/02\/0T2A1814-93.jpg 1620w\" sizes=\"auto, (max-width: 1024px) 100vw, 1024px\" \/><\/figure>\n\n\n\n<figure class=\"wp-block-image size-large\"><img loading=\"lazy\" decoding=\"async\" width=\"1024\" height=\"683\" data-id=\"3268\" src=\"https:\/\/esportscalp.es\/wp-content\/uploads\/2026\/02\/0T2A1804-92-1024x683.jpg\" alt=\"\" class=\"wp-image-3268\" srcset=\"https:\/\/esportscalp.es\/wp-content\/uploads\/2026\/02\/0T2A1804-92-1024x683.jpg 1024w, https:\/\/esportscalp.es\/wp-content\/uploads\/2026\/02\/0T2A1804-92-300x200.jpg 300w, https:\/\/esportscalp.es\/wp-content\/uploads\/2026\/02\/0T2A1804-92-18x12.jpg 18w, https:\/\/esportscalp.es\/wp-content\/uploads\/2026\/02\/0T2A1804-92.jpg 1620w\" sizes=\"auto, (max-width: 1024px) 100vw, 1024px\" \/><\/figure>\n\n\n\n<figure class=\"wp-block-image size-large\"><img loading=\"lazy\" decoding=\"async\" width=\"1024\" height=\"683\" data-id=\"3285\" src=\"https:\/\/esportscalp.es\/wp-content\/uploads\/2026\/02\/0T2A1794-91-1024x683.jpg\" alt=\"\" class=\"wp-image-3285\" srcset=\"https:\/\/esportscalp.es\/wp-content\/uploads\/2026\/02\/0T2A1794-91-1024x683.jpg 1024w, https:\/\/esportscalp.es\/wp-content\/uploads\/2026\/02\/0T2A1794-91-300x200.jpg 300w, https:\/\/esportscalp.es\/wp-content\/uploads\/2026\/02\/0T2A1794-91-18x12.jpg 18w, https:\/\/esportscalp.es\/wp-content\/uploads\/2026\/02\/0T2A1794-91.jpg 1620w\" sizes=\"auto, (max-width: 1024px) 100vw, 1024px\" \/><\/figure>\n\n\n\n<figure class=\"wp-block-image size-large\"><img loading=\"lazy\" decoding=\"async\" width=\"1024\" height=\"683\" data-id=\"3267\" src=\"https:\/\/esportscalp.es\/wp-content\/uploads\/2026\/02\/0T2A1839-94-1024x683.jpg\" alt=\"\" class=\"wp-image-3267\" srcset=\"https:\/\/esportscalp.es\/wp-content\/uploads\/2026\/02\/0T2A1839-94-1024x683.jpg 1024w, https:\/\/esportscalp.es\/wp-content\/uploads\/2026\/02\/0T2A1839-94-300x200.jpg 300w, https:\/\/esportscalp.es\/wp-content\/uploads\/2026\/02\/0T2A1839-94-18x12.jpg 18w, https:\/\/esportscalp.es\/wp-content\/uploads\/2026\/02\/0T2A1839-94.jpg 1620w\" sizes=\"auto, (max-width: 1024px) 100vw, 1024px\" \/><\/figure>\n\n\n\n<figure class=\"wp-block-image size-large\"><img loading=\"lazy\" decoding=\"async\" width=\"1024\" height=\"683\" data-id=\"3277\" src=\"https:\/\/esportscalp.es\/wp-content\/uploads\/2026\/02\/0T2A1862-95-1024x683.jpg\" alt=\"\" class=\"wp-image-3277\" srcset=\"https:\/\/esportscalp.es\/wp-content\/uploads\/2026\/02\/0T2A1862-95-1024x683.jpg 1024w, https:\/\/esportscalp.es\/wp-content\/uploads\/2026\/02\/0T2A1862-95-300x200.jpg 300w, https:\/\/esportscalp.es\/wp-content\/uploads\/2026\/02\/0T2A1862-95-18x12.jpg 18w, https:\/\/esportscalp.es\/wp-content\/uploads\/2026\/02\/0T2A1862-95.jpg 1620w\" sizes=\"auto, (max-width: 1024px) 100vw, 1024px\" \/><\/figure>\n\n\n\n<figure class=\"wp-block-image size-large\"><img loading=\"lazy\" decoding=\"async\" width=\"1024\" height=\"683\" data-id=\"3273\" src=\"https:\/\/esportscalp.es\/wp-content\/uploads\/2026\/02\/0T2A1868-96-1024x683.jpg\" alt=\"\" class=\"wp-image-3273\" srcset=\"https:\/\/esportscalp.es\/wp-content\/uploads\/2026\/02\/0T2A1868-96-1024x683.jpg 1024w, https:\/\/esportscalp.es\/wp-content\/uploads\/2026\/02\/0T2A1868-96-300x200.jpg 300w, https:\/\/esportscalp.es\/wp-content\/uploads\/2026\/02\/0T2A1868-96-18x12.jpg 18w, https:\/\/esportscalp.es\/wp-content\/uploads\/2026\/02\/0T2A1868-96.jpg 1620w\" sizes=\"auto, (max-width: 1024px) 100vw, 1024px\" \/><\/figure>\n\n\n\n<figure class=\"wp-block-image size-large\"><img loading=\"lazy\" decoding=\"async\" width=\"1024\" height=\"683\" data-id=\"3280\" src=\"https:\/\/esportscalp.es\/wp-content\/uploads\/2026\/02\/0T2A1790-90-1024x683.jpg\" alt=\"\" class=\"wp-image-3280\" srcset=\"https:\/\/esportscalp.es\/wp-content\/uploads\/2026\/02\/0T2A1790-90-1024x683.jpg 1024w, https:\/\/esportscalp.es\/wp-content\/uploads\/2026\/02\/0T2A1790-90-300x200.jpg 300w, https:\/\/esportscalp.es\/wp-content\/uploads\/2026\/02\/0T2A1790-90-18x12.jpg 18w, https:\/\/esportscalp.es\/wp-content\/uploads\/2026\/02\/0T2A1790-90.jpg 1620w\" sizes=\"auto, (max-width: 1024px) 100vw, 1024px\" \/><\/figure>\n\n\n\n<figure class=\"wp-block-image size-large\"><img loading=\"lazy\" decoding=\"async\" width=\"1024\" height=\"683\" data-id=\"3278\" src=\"https:\/\/esportscalp.es\/wp-content\/uploads\/2026\/02\/0T2A1757-88-1024x683.jpg\" alt=\"\" class=\"wp-image-3278\" srcset=\"https:\/\/esportscalp.es\/wp-content\/uploads\/2026\/02\/0T2A1757-88-1024x683.jpg 1024w, https:\/\/esportscalp.es\/wp-content\/uploads\/2026\/02\/0T2A1757-88-300x200.jpg 300w, https:\/\/esportscalp.es\/wp-content\/uploads\/2026\/02\/0T2A1757-88-18x12.jpg 18w, https:\/\/esportscalp.es\/wp-content\/uploads\/2026\/02\/0T2A1757-88.jpg 1620w\" sizes=\"auto, (max-width: 1024px) 100vw, 1024px\" \/><\/figure>\n\n\n\n<figure class=\"wp-block-image size-large\"><img loading=\"lazy\" decoding=\"async\" width=\"1024\" height=\"683\" data-id=\"3275\" src=\"https:\/\/esportscalp.es\/wp-content\/uploads\/2026\/02\/0T2A1753-87-1-1024x683.jpg\" alt=\"\" class=\"wp-image-3275\" srcset=\"https:\/\/esportscalp.es\/wp-content\/uploads\/2026\/02\/0T2A1753-87-1-1024x683.jpg 1024w, https:\/\/esportscalp.es\/wp-content\/uploads\/2026\/02\/0T2A1753-87-1-300x200.jpg 300w, https:\/\/esportscalp.es\/wp-content\/uploads\/2026\/02\/0T2A1753-87-1-18x12.jpg 18w, https:\/\/esportscalp.es\/wp-content\/uploads\/2026\/02\/0T2A1753-87-1.jpg 1620w\" sizes=\"auto, (max-width: 1024px) 100vw, 1024px\" \/><\/figure>\n\n\n\n<figure class=\"wp-block-image size-large\"><img loading=\"lazy\" decoding=\"async\" width=\"1024\" height=\"683\" data-id=\"3269\" src=\"https:\/\/esportscalp.es\/wp-content\/uploads\/2026\/02\/0T2A1742-86-1024x683.jpg\" alt=\"\" class=\"wp-image-3269\" srcset=\"https:\/\/esportscalp.es\/wp-content\/uploads\/2026\/02\/0T2A1742-86-1024x683.jpg 1024w, https:\/\/esportscalp.es\/wp-content\/uploads\/2026\/02\/0T2A1742-86-300x200.jpg 300w, https:\/\/esportscalp.es\/wp-content\/uploads\/2026\/02\/0T2A1742-86-18x12.jpg 18w, https:\/\/esportscalp.es\/wp-content\/uploads\/2026\/02\/0T2A1742-86.jpg 1620w\" sizes=\"auto, (max-width: 1024px) 100vw, 1024px\" \/><\/figure>\n\n\n\n<figure class=\"wp-block-image size-large\"><img loading=\"lazy\" decoding=\"async\" width=\"1024\" height=\"683\" data-id=\"3270\" src=\"https:\/\/esportscalp.es\/wp-content\/uploads\/2026\/02\/0T2A1738-85-1024x683.jpg\" alt=\"\" class=\"wp-image-3270\" srcset=\"https:\/\/esportscalp.es\/wp-content\/uploads\/2026\/02\/0T2A1738-85-1024x683.jpg 1024w, https:\/\/esportscalp.es\/wp-content\/uploads\/2026\/02\/0T2A1738-85-300x200.jpg 300w, https:\/\/esportscalp.es\/wp-content\/uploads\/2026\/02\/0T2A1738-85-18x12.jpg 18w, https:\/\/esportscalp.es\/wp-content\/uploads\/2026\/02\/0T2A1738-85.jpg 1620w\" sizes=\"auto, (max-width: 1024px) 100vw, 1024px\" \/><\/figure>\n\n\n\n<figure class=\"wp-block-image size-large\"><img loading=\"lazy\" decoding=\"async\" width=\"1024\" height=\"683\" data-id=\"3274\" src=\"https:\/\/esportscalp.es\/wp-content\/uploads\/2026\/02\/0T2A1717-81-1024x683.jpg\" alt=\"\" class=\"wp-image-3274\" srcset=\"https:\/\/esportscalp.es\/wp-content\/uploads\/2026\/02\/0T2A1717-81-1024x683.jpg 1024w, https:\/\/esportscalp.es\/wp-content\/uploads\/2026\/02\/0T2A1717-81-300x200.jpg 300w, https:\/\/esportscalp.es\/wp-content\/uploads\/2026\/02\/0T2A1717-81-18x12.jpg 18w, https:\/\/esportscalp.es\/wp-content\/uploads\/2026\/02\/0T2A1717-81.jpg 1620w\" sizes=\"auto, (max-width: 1024px) 100vw, 1024px\" \/><\/figure>\n\n\n\n<figure class=\"wp-block-image size-large\"><img loading=\"lazy\" decoding=\"async\" width=\"1024\" height=\"683\" data-id=\"3266\" src=\"https:\/\/esportscalp.es\/wp-content\/uploads\/2026\/02\/0T2A1712-80-1024x683.jpg\" alt=\"\" class=\"wp-image-3266\" srcset=\"https:\/\/esportscalp.es\/wp-content\/uploads\/2026\/02\/0T2A1712-80-1024x683.jpg 1024w, https:\/\/esportscalp.es\/wp-content\/uploads\/2026\/02\/0T2A1712-80-300x200.jpg 300w, https:\/\/esportscalp.es\/wp-content\/uploads\/2026\/02\/0T2A1712-80-18x12.jpg 18w, https:\/\/esportscalp.es\/wp-content\/uploads\/2026\/02\/0T2A1712-80.jpg 1620w\" sizes=\"auto, (max-width: 1024px) 100vw, 1024px\" \/><\/figure>\n\n\n\n<figure class=\"wp-block-image size-large\"><img loading=\"lazy\" decoding=\"async\" width=\"1024\" height=\"683\" data-id=\"3276\" src=\"https:\/\/esportscalp.es\/wp-content\/uploads\/2026\/02\/0T2A1723-82-1024x683.jpg\" alt=\"\" class=\"wp-image-3276\" srcset=\"https:\/\/esportscalp.es\/wp-content\/uploads\/2026\/02\/0T2A1723-82-1024x683.jpg 1024w, https:\/\/esportscalp.es\/wp-content\/uploads\/2026\/02\/0T2A1723-82-300x200.jpg 300w, https:\/\/esportscalp.es\/wp-content\/uploads\/2026\/02\/0T2A1723-82-18x12.jpg 18w, https:\/\/esportscalp.es\/wp-content\/uploads\/2026\/02\/0T2A1723-82.jpg 1620w\" sizes=\"auto, (max-width: 1024px) 100vw, 1024px\" \/><\/figure>\n\n\n\n<figure class=\"wp-block-image size-large\"><img loading=\"lazy\" decoding=\"async\" width=\"1024\" height=\"683\" data-id=\"3271\" src=\"https:\/\/esportscalp.es\/wp-content\/uploads\/2026\/02\/0T2A1730-84-1024x683.jpg\" alt=\"\" class=\"wp-image-3271\" srcset=\"https:\/\/esportscalp.es\/wp-content\/uploads\/2026\/02\/0T2A1730-84-1024x683.jpg 1024w, https:\/\/esportscalp.es\/wp-content\/uploads\/2026\/02\/0T2A1730-84-300x200.jpg 300w, https:\/\/esportscalp.es\/wp-content\/uploads\/2026\/02\/0T2A1730-84-18x12.jpg 18w, https:\/\/esportscalp.es\/wp-content\/uploads\/2026\/02\/0T2A1730-84.jpg 1620w\" sizes=\"auto, (max-width: 1024px) 100vw, 1024px\" \/><\/figure>\n<\/figure>\n\n\n\n<div style=\"height:47px\" aria-hidden=\"true\" class=\"wp-block-spacer\"><\/div>","protected":false},"excerpt":{"rendered":"<p>El Esplai Parc es un complejo de odio deportivo situado en las antiguas instalaciones Miguel \u00c1ngel Ben\u00edtez. El mismo cuenta con: un campo de f\u00fatbol-7 de hierba artificial, pista de f\u00fatbol sala, pista de baloncesto exterior, pista de patinaje\/hockey, pump truck, zona de parkour y zona de skate. Adem\u00e1s, la zona cuenta con 5 vestuarios. &hellip; <\/p>\n<p class=\"link-more\"><a href=\"https:\/\/esportscalp.es\/va\/esplai-parc\/\" class=\"more-link\">Read more<span class=\"screen-reader-text\"> \u00abEsplai Parc\u00bb<\/span><\/a><\/p>","protected":false},"author":1,"featured_media":3283,"parent":0,"menu_order":0,"comment_status":"closed","ping_status":"closed","template":"","meta":{"_uag_custom_page_level_css":"","inspiro_hide_title":false,"footnotes":""},"class_list":["post-2978","page","type-page","status-publish","has-post-thumbnail","hentry"],"aioseo_notices":[],"uagb_featured_image_src":{"full":["https:\/\/esportscalp.es\/wp-content\/uploads\/2026\/02\/0T2A1992-105.jpg",1620,1080,false],"thumbnail":["https:\/\/esportscalp.es\/wp-content\/uploads\/2026\/02\/0T2A1992-105-150x150.jpg",150,150,true],"medium":["https:\/\/esportscalp.es\/wp-content\/uploads\/2026\/02\/0T2A1992-105-300x200.jpg",300,200,true],"medium_large":["https:\/\/esportscalp.es\/wp-content\/uploads\/2026\/02\/0T2A1992-105.jpg",768,512,false],"large":["https:\/\/esportscalp.es\/wp-content\/uploads\/2026\/02\/0T2A1992-105-1024x683.jpg",950,634,true],"1536x1536":["https:\/\/esportscalp.es\/wp-content\/uploads\/2026\/02\/0T2A1992-105-1536x1024.jpg",1536,1024,true],"2048x2048":["https:\/\/esportscalp.es\/wp-content\/uploads\/2026\/02\/0T2A1992-105.jpg",1620,1080,false],"trp-custom-language-flag":["https:\/\/esportscalp.es\/wp-content\/uploads\/2026\/02\/0T2A1992-105-18x12.jpg",18,12,true],"inspiro-featured-image":["https:\/\/esportscalp.es\/wp-content\/uploads\/2026\/02\/0T2A1992-105.jpg",1620,1080,false],"inspiro-loop":["https:\/\/esportscalp.es\/wp-content\/uploads\/2026\/02\/0T2A1992-105-950x320.jpg",950,320,true],"inspiro-loop@2x":["https:\/\/esportscalp.es\/wp-content\/uploads\/2026\/02\/0T2A1992-105-1620x640.jpg",1620,640,true]},"uagb_author_info":{"display_name":"@esportscalp","author_link":"https:\/\/esportscalp.es\/va\/author\/esportscalpgmail-com\/"},"uagb_comment_info":0,"uagb_excerpt":"El Esplai Parc es un complejo de odio deportivo situado en las antiguas instalaciones Miguel \u00c1ngel Ben\u00edtez. El mismo cuenta con: un campo de f\u00fatbol-7 de hierba artificial, pista de f\u00fatbol sala, pista de baloncesto exterior, pista de patinaje\/hockey, pump truck, zona de parkour y zona de skate. Adem\u00e1s, la zona cuenta con 5 vestuarios.&hellip;","_links":{"self":[{"href":"https:\/\/esportscalp.es\/va\/wp-json\/wp\/v2\/pages\/2978","targetHints":{"allow":["GET"]}}],"collection":[{"href":"https:\/\/esportscalp.es\/va\/wp-json\/wp\/v2\/pages"}],"about":[{"href":"https:\/\/esportscalp.es\/va\/wp-json\/wp\/v2\/types\/page"}],"author":[{"embeddable":true,"href":"https:\/\/esportscalp.es\/va\/wp-json\/wp\/v2\/users\/1"}],"replies":[{"embeddable":true,"href":"https:\/\/esportscalp.es\/va\/wp-json\/wp\/v2\/comments?post=2978"}],"version-history":[{"count":3,"href":"https:\/\/esportscalp.es\/va\/wp-json\/wp\/v2\/pages\/2978\/revisions"}],"predecessor-version":[{"id":3326,"href":"https:\/\/esportscalp.es\/va\/wp-json\/wp\/v2\/pages\/2978\/revisions\/3326"}],"wp:featuredmedia":[{"embeddable":true,"href":"https:\/\/esportscalp.es\/va\/wp-json\/wp\/v2\/media\/3283"}],"wp:attachment":[{"href":"https:\/\/esportscalp.es\/va\/wp-json\/wp\/v2\/media?parent=2978"}],"curies":[{"name":"wp","href":"https:\/\/api.w.org\/{rel}","templated":true}]}}