{"id":2976,"date":"2026-02-11T09:43:49","date_gmt":"2026-02-11T09:43:49","guid":{"rendered":"https:\/\/esportscalp.es\/?page_id=2976"},"modified":"2026-02-14T10:31:16","modified_gmt":"2026-02-14T10:31:16","slug":"pabellon-ifac","status":"publish","type":"page","link":"https:\/\/esportscalp.es\/va\/pabellon-ifac\/","title":{"rendered":"Pavell\u00f3 Ifac"},"content":{"rendered":"<p>El Pavell\u00f3 Ifac de Calp es va inaugurar en 2007 amb la finalitat de donar resposta a la creixent demanda d'espais esportius per part dels clubs locals i de les escoles municipals. El Pavell\u00f3 t\u00e9 una capacitat de 350 espectadors asseguts.<\/p>\n\n\n\n<p>El Pavell\u00f3 s'utilitza principalment per a futbol sala i gimn\u00e0stica r\u00edtmica, encara que en ell es disposa de: una pista central de b\u00e0squet, pista central de futbol sala, 2 pistes transversals de voleibol i 3 pistes transversals de minib\u00e0squet.<\/p>\n\n\n\n<p class=\"translation-block\">Les reserves poden gestionar-se a trav\u00e9s de l'apartat de \u00ab<em><a href=\"https:\/\/esportscalp.es\/va\/reservas\/\" title=\"\" target=\"_self\">reserves<\/a><\/em>\u00bb en aquesta web o en l'app de Resa Sports.<\/p>\n\n\n\n<h2 class=\"wp-block-heading\">Pla d'actuacions i millores<\/h2>\n\n\n\n<div class=\"wp-block-columns is-layout-flex wp-container-core-columns-is-layout-28f84493 wp-block-columns-is-layout-flex\">\n<div class=\"wp-block-column is-layout-flow wp-block-column-is-layout-flow\">\n<figure class=\"wp-block-image size-large\"><img loading=\"lazy\" decoding=\"async\" width=\"819\" height=\"1024\" src=\"https:\/\/esportscalp.es\/wp-content\/uploads\/2026\/02\/1-3-819x1024.png\" alt=\"\" class=\"wp-image-3254\" srcset=\"https:\/\/esportscalp.es\/wp-content\/uploads\/2026\/02\/1-3-819x1024.png 819w, https:\/\/esportscalp.es\/wp-content\/uploads\/2026\/02\/1-3-240x300.png 240w, https:\/\/esportscalp.es\/wp-content\/uploads\/2026\/02\/1-3-2000x2500.png 2000w, https:\/\/esportscalp.es\/wp-content\/uploads\/2026\/02\/1-3-10x12.png 10w, https:\/\/esportscalp.es\/wp-content\/uploads\/2026\/02\/1-3.png 2025w\" sizes=\"auto, (max-width: 819px) 100vw, 819px\" \/><\/figure>\n<\/div>\n\n\n\n<div class=\"wp-block-column is-layout-flow wp-block-column-is-layout-flow\">\n<figure class=\"wp-block-image size-large\"><img loading=\"lazy\" decoding=\"async\" width=\"819\" height=\"1024\" src=\"https:\/\/esportscalp.es\/wp-content\/uploads\/2026\/02\/2-4-819x1024.png\" alt=\"\" class=\"wp-image-3255\" srcset=\"https:\/\/esportscalp.es\/wp-content\/uploads\/2026\/02\/2-4-819x1024.png 819w, https:\/\/esportscalp.es\/wp-content\/uploads\/2026\/02\/2-4-240x300.png 240w, https:\/\/esportscalp.es\/wp-content\/uploads\/2026\/02\/2-4-2000x2500.png 2000w, https:\/\/esportscalp.es\/wp-content\/uploads\/2026\/02\/2-4-10x12.png 10w, https:\/\/esportscalp.es\/wp-content\/uploads\/2026\/02\/2-4.png 2025w\" sizes=\"auto, (max-width: 819px) 100vw, 819px\" \/><\/figure>\n<\/div>\n\n\n\n<div class=\"wp-block-column is-layout-flow wp-block-column-is-layout-flow\">\n<figure class=\"wp-block-image size-large\"><img loading=\"lazy\" decoding=\"async\" width=\"819\" height=\"1024\" src=\"https:\/\/esportscalp.es\/wp-content\/uploads\/2026\/02\/3-819x1024.png\" alt=\"\" class=\"wp-image-3256\" srcset=\"https:\/\/esportscalp.es\/wp-content\/uploads\/2026\/02\/3-819x1024.png 819w, https:\/\/esportscalp.es\/wp-content\/uploads\/2026\/02\/3-240x300.png 240w, https:\/\/esportscalp.es\/wp-content\/uploads\/2026\/02\/3-2000x2500.png 2000w, https:\/\/esportscalp.es\/wp-content\/uploads\/2026\/02\/3-10x12.png 10w, https:\/\/esportscalp.es\/wp-content\/uploads\/2026\/02\/3.png 2025w\" sizes=\"auto, (max-width: 819px) 100vw, 819px\" \/><\/figure>\n<\/div>\n\n\n\n<div class=\"wp-block-column is-layout-flow wp-block-column-is-layout-flow\">\n<figure class=\"wp-block-image size-large\"><img loading=\"lazy\" decoding=\"async\" width=\"819\" height=\"1024\" src=\"https:\/\/esportscalp.es\/wp-content\/uploads\/2026\/02\/4-1-819x1024.png\" alt=\"\" class=\"wp-image-3257\" srcset=\"https:\/\/esportscalp.es\/wp-content\/uploads\/2026\/02\/4-1-819x1024.png 819w, https:\/\/esportscalp.es\/wp-content\/uploads\/2026\/02\/4-1-240x300.png 240w, https:\/\/esportscalp.es\/wp-content\/uploads\/2026\/02\/4-1-2000x2500.png 2000w, https:\/\/esportscalp.es\/wp-content\/uploads\/2026\/02\/4-1-10x12.png 10w, https:\/\/esportscalp.es\/wp-content\/uploads\/2026\/02\/4-1.png 2025w\" sizes=\"auto, (max-width: 819px) 100vw, 819px\" \/><\/figure>\n<\/div>\n<\/div>\n\n\n\n<h2 class=\"wp-block-heading\">Localitzaci\u00f3<\/h2>\n\n\n\t\t\t<div \n\t\t\tclass=\"wp-block-uagb-google-map uagb-google-map__wrap uagb-block-df159573\"\n\t\t\tstyle=\"\" >\n\t\t\t\t<embed\n\t\t\t\t\tclass=\"uagb-google-map__iframe\"\n\t\t\t\t\ttitle=\"Google Map for \"\n\t\t\t\t\tsrc=\"https:\/\/maps.google.com\/maps?q=pavello%20ifac&#038;z=14&#038;hl=es&#038;t=m&#038;output=embed&#038;iwloc=near\"\n\t\t\t\t\twidth=\"640\"\n\t\t\t\t\theight=\"300\"\n\t\t\t\t\tloading=\"lazy\"\n\t\t\t\t><\/embed>\n\t\t\t<\/div>\n\t\t\t\n\n\n<h2 class=\"wp-block-heading\">Galeria fotogr\u00e0fica<\/h2>\n\n\n\n<figure class=\"wp-block-gallery has-nested-images columns-default is-cropped wp-block-gallery-1 is-layout-flex wp-block-gallery-is-layout-flex\">\n<figure class=\"wp-block-image size-large\"><img loading=\"lazy\" decoding=\"async\" width=\"1024\" height=\"683\" data-id=\"3250\" src=\"https:\/\/esportscalp.es\/wp-content\/uploads\/2026\/02\/0T2A1051-31-1024x683.jpg\" alt=\"\" class=\"wp-image-3250\" srcset=\"https:\/\/esportscalp.es\/wp-content\/uploads\/2026\/02\/0T2A1051-31-1024x683.jpg 1024w, https:\/\/esportscalp.es\/wp-content\/uploads\/2026\/02\/0T2A1051-31-300x200.jpg 300w, https:\/\/esportscalp.es\/wp-content\/uploads\/2026\/02\/0T2A1051-31-18x12.jpg 18w, https:\/\/esportscalp.es\/wp-content\/uploads\/2026\/02\/0T2A1051-31.jpg 1620w\" sizes=\"auto, (max-width: 1024px) 100vw, 1024px\" \/><\/figure>\n\n\n\n<figure class=\"wp-block-image size-large\"><img loading=\"lazy\" decoding=\"async\" width=\"1024\" height=\"683\" data-id=\"3240\" src=\"https:\/\/esportscalp.es\/wp-content\/uploads\/2026\/02\/0T2A1055-32-1024x683.jpg\" alt=\"\" class=\"wp-image-3240\" srcset=\"https:\/\/esportscalp.es\/wp-content\/uploads\/2026\/02\/0T2A1055-32-1024x683.jpg 1024w, https:\/\/esportscalp.es\/wp-content\/uploads\/2026\/02\/0T2A1055-32-300x200.jpg 300w, https:\/\/esportscalp.es\/wp-content\/uploads\/2026\/02\/0T2A1055-32-18x12.jpg 18w, https:\/\/esportscalp.es\/wp-content\/uploads\/2026\/02\/0T2A1055-32.jpg 1620w\" sizes=\"auto, (max-width: 1024px) 100vw, 1024px\" \/><\/figure>\n\n\n\n<figure class=\"wp-block-image size-large\"><img loading=\"lazy\" decoding=\"async\" width=\"1024\" height=\"683\" data-id=\"3248\" src=\"https:\/\/esportscalp.es\/wp-content\/uploads\/2026\/02\/0T2A1083-34-1024x683.jpg\" alt=\"\" class=\"wp-image-3248\" srcset=\"https:\/\/esportscalp.es\/wp-content\/uploads\/2026\/02\/0T2A1083-34-1024x683.jpg 1024w, https:\/\/esportscalp.es\/wp-content\/uploads\/2026\/02\/0T2A1083-34-300x200.jpg 300w, https:\/\/esportscalp.es\/wp-content\/uploads\/2026\/02\/0T2A1083-34-18x12.jpg 18w, https:\/\/esportscalp.es\/wp-content\/uploads\/2026\/02\/0T2A1083-34.jpg 1620w\" sizes=\"auto, (max-width: 1024px) 100vw, 1024px\" \/><\/figure>\n\n\n\n<figure class=\"wp-block-image size-large\"><img loading=\"lazy\" decoding=\"async\" width=\"1024\" height=\"683\" data-id=\"3247\" src=\"https:\/\/esportscalp.es\/wp-content\/uploads\/2026\/02\/0T2A1085-35-1024x683.jpg\" alt=\"\" class=\"wp-image-3247\" srcset=\"https:\/\/esportscalp.es\/wp-content\/uploads\/2026\/02\/0T2A1085-35-1024x683.jpg 1024w, https:\/\/esportscalp.es\/wp-content\/uploads\/2026\/02\/0T2A1085-35-300x200.jpg 300w, https:\/\/esportscalp.es\/wp-content\/uploads\/2026\/02\/0T2A1085-35-18x12.jpg 18w, https:\/\/esportscalp.es\/wp-content\/uploads\/2026\/02\/0T2A1085-35.jpg 1620w\" sizes=\"auto, (max-width: 1024px) 100vw, 1024px\" \/><\/figure>\n\n\n\n<figure class=\"wp-block-image size-large\"><img loading=\"lazy\" decoding=\"async\" width=\"1024\" height=\"683\" data-id=\"3242\" src=\"https:\/\/esportscalp.es\/wp-content\/uploads\/2026\/02\/0T2A1093-36-1024x683.jpg\" alt=\"\" class=\"wp-image-3242\" srcset=\"https:\/\/esportscalp.es\/wp-content\/uploads\/2026\/02\/0T2A1093-36-1024x683.jpg 1024w, https:\/\/esportscalp.es\/wp-content\/uploads\/2026\/02\/0T2A1093-36-300x200.jpg 300w, https:\/\/esportscalp.es\/wp-content\/uploads\/2026\/02\/0T2A1093-36-18x12.jpg 18w, https:\/\/esportscalp.es\/wp-content\/uploads\/2026\/02\/0T2A1093-36-1536x1024.jpg 1536w, https:\/\/esportscalp.es\/wp-content\/uploads\/2026\/02\/0T2A1093-36.jpg 1620w\" sizes=\"auto, (max-width: 1024px) 100vw, 1024px\" \/><\/figure>\n\n\n\n<figure class=\"wp-block-image size-large\"><img loading=\"lazy\" decoding=\"async\" width=\"1024\" height=\"683\" data-id=\"3253\" src=\"https:\/\/esportscalp.es\/wp-content\/uploads\/2026\/02\/0T2A1137-41-1024x683.jpg\" alt=\"\" class=\"wp-image-3253\" srcset=\"https:\/\/esportscalp.es\/wp-content\/uploads\/2026\/02\/0T2A1137-41-1024x683.jpg 1024w, https:\/\/esportscalp.es\/wp-content\/uploads\/2026\/02\/0T2A1137-41-300x200.jpg 300w, https:\/\/esportscalp.es\/wp-content\/uploads\/2026\/02\/0T2A1137-41-18x12.jpg 18w, https:\/\/esportscalp.es\/wp-content\/uploads\/2026\/02\/0T2A1137-41.jpg 1620w\" sizes=\"auto, (max-width: 1024px) 100vw, 1024px\" \/><\/figure>\n\n\n\n<figure class=\"wp-block-image size-large\"><img loading=\"lazy\" decoding=\"async\" width=\"1024\" height=\"683\" data-id=\"3252\" src=\"https:\/\/esportscalp.es\/wp-content\/uploads\/2026\/02\/0T2A1132-40-1024x683.jpg\" alt=\"\" class=\"wp-image-3252\" srcset=\"https:\/\/esportscalp.es\/wp-content\/uploads\/2026\/02\/0T2A1132-40-1024x683.jpg 1024w, https:\/\/esportscalp.es\/wp-content\/uploads\/2026\/02\/0T2A1132-40-300x200.jpg 300w, https:\/\/esportscalp.es\/wp-content\/uploads\/2026\/02\/0T2A1132-40-18x12.jpg 18w, https:\/\/esportscalp.es\/wp-content\/uploads\/2026\/02\/0T2A1132-40.jpg 1620w\" sizes=\"auto, (max-width: 1024px) 100vw, 1024px\" \/><\/figure>\n\n\n\n<figure class=\"wp-block-image size-large\"><img loading=\"lazy\" decoding=\"async\" width=\"1024\" height=\"683\" data-id=\"3241\" src=\"https:\/\/esportscalp.es\/wp-content\/uploads\/2026\/02\/0T2A1114-38-1024x683.jpg\" alt=\"\" class=\"wp-image-3241\" srcset=\"https:\/\/esportscalp.es\/wp-content\/uploads\/2026\/02\/0T2A1114-38-1024x683.jpg 1024w, https:\/\/esportscalp.es\/wp-content\/uploads\/2026\/02\/0T2A1114-38-300x200.jpg 300w, https:\/\/esportscalp.es\/wp-content\/uploads\/2026\/02\/0T2A1114-38-18x12.jpg 18w, https:\/\/esportscalp.es\/wp-content\/uploads\/2026\/02\/0T2A1114-38.jpg 1620w\" sizes=\"auto, (max-width: 1024px) 100vw, 1024px\" \/><\/figure>\n\n\n\n<figure class=\"wp-block-image size-large\"><img loading=\"lazy\" decoding=\"async\" width=\"1024\" height=\"683\" data-id=\"3245\" src=\"https:\/\/esportscalp.es\/wp-content\/uploads\/2026\/02\/0T2A1109-37-1024x683.jpg\" alt=\"\" class=\"wp-image-3245\" srcset=\"https:\/\/esportscalp.es\/wp-content\/uploads\/2026\/02\/0T2A1109-37-1024x683.jpg 1024w, https:\/\/esportscalp.es\/wp-content\/uploads\/2026\/02\/0T2A1109-37-300x200.jpg 300w, https:\/\/esportscalp.es\/wp-content\/uploads\/2026\/02\/0T2A1109-37-18x12.jpg 18w, https:\/\/esportscalp.es\/wp-content\/uploads\/2026\/02\/0T2A1109-37-1536x1024.jpg 1536w, https:\/\/esportscalp.es\/wp-content\/uploads\/2026\/02\/0T2A1109-37.jpg 1620w\" sizes=\"auto, (max-width: 1024px) 100vw, 1024px\" \/><\/figure>\n\n\n\n<figure class=\"wp-block-image size-large\"><img loading=\"lazy\" decoding=\"async\" width=\"1024\" height=\"683\" data-id=\"3243\" src=\"https:\/\/esportscalp.es\/wp-content\/uploads\/2026\/02\/0T2A1152-42-1024x683.jpg\" alt=\"\" class=\"wp-image-3243\" srcset=\"https:\/\/esportscalp.es\/wp-content\/uploads\/2026\/02\/0T2A1152-42-1024x683.jpg 1024w, https:\/\/esportscalp.es\/wp-content\/uploads\/2026\/02\/0T2A1152-42-300x200.jpg 300w, https:\/\/esportscalp.es\/wp-content\/uploads\/2026\/02\/0T2A1152-42-18x12.jpg 18w, https:\/\/esportscalp.es\/wp-content\/uploads\/2026\/02\/0T2A1152-42.jpg 1620w\" sizes=\"auto, (max-width: 1024px) 100vw, 1024px\" \/><\/figure>\n\n\n\n<figure class=\"wp-block-image size-large\"><img loading=\"lazy\" decoding=\"async\" width=\"1024\" height=\"683\" data-id=\"3244\" src=\"https:\/\/esportscalp.es\/wp-content\/uploads\/2026\/02\/0T2A1161-43-1024x683.jpg\" alt=\"\" class=\"wp-image-3244\" srcset=\"https:\/\/esportscalp.es\/wp-content\/uploads\/2026\/02\/0T2A1161-43-1024x683.jpg 1024w, https:\/\/esportscalp.es\/wp-content\/uploads\/2026\/02\/0T2A1161-43-300x200.jpg 300w, https:\/\/esportscalp.es\/wp-content\/uploads\/2026\/02\/0T2A1161-43-18x12.jpg 18w, https:\/\/esportscalp.es\/wp-content\/uploads\/2026\/02\/0T2A1161-43.jpg 1620w\" sizes=\"auto, (max-width: 1024px) 100vw, 1024px\" \/><\/figure>\n\n\n\n<figure class=\"wp-block-image size-large\"><img loading=\"lazy\" decoding=\"async\" width=\"1024\" height=\"683\" data-id=\"3251\" src=\"https:\/\/esportscalp.es\/wp-content\/uploads\/2026\/02\/0T2A1220-44-1024x683.jpg\" alt=\"\" class=\"wp-image-3251\" srcset=\"https:\/\/esportscalp.es\/wp-content\/uploads\/2026\/02\/0T2A1220-44-1024x683.jpg 1024w, https:\/\/esportscalp.es\/wp-content\/uploads\/2026\/02\/0T2A1220-44-300x200.jpg 300w, https:\/\/esportscalp.es\/wp-content\/uploads\/2026\/02\/0T2A1220-44-18x12.jpg 18w, https:\/\/esportscalp.es\/wp-content\/uploads\/2026\/02\/0T2A1220-44-1536x1024.jpg 1536w, https:\/\/esportscalp.es\/wp-content\/uploads\/2026\/02\/0T2A1220-44.jpg 1620w\" sizes=\"auto, (max-width: 1024px) 100vw, 1024px\" \/><\/figure>\n\n\n\n<figure class=\"wp-block-image size-large\"><img loading=\"lazy\" decoding=\"async\" width=\"1024\" height=\"683\" data-id=\"3246\" src=\"https:\/\/esportscalp.es\/wp-content\/uploads\/2026\/02\/0T2A1230-45-1024x683.jpg\" alt=\"\" class=\"wp-image-3246\" srcset=\"https:\/\/esportscalp.es\/wp-content\/uploads\/2026\/02\/0T2A1230-45-1024x683.jpg 1024w, https:\/\/esportscalp.es\/wp-content\/uploads\/2026\/02\/0T2A1230-45-300x200.jpg 300w, https:\/\/esportscalp.es\/wp-content\/uploads\/2026\/02\/0T2A1230-45-18x12.jpg 18w, https:\/\/esportscalp.es\/wp-content\/uploads\/2026\/02\/0T2A1230-45-1536x1024.jpg 1536w, https:\/\/esportscalp.es\/wp-content\/uploads\/2026\/02\/0T2A1230-45.jpg 1620w\" sizes=\"auto, (max-width: 1024px) 100vw, 1024px\" \/><\/figure>\n\n\n\n<figure class=\"wp-block-image size-large\"><img loading=\"lazy\" decoding=\"async\" width=\"1024\" height=\"683\" data-id=\"3249\" src=\"https:\/\/esportscalp.es\/wp-content\/uploads\/2026\/02\/0T2A1246-46-1024x683.jpg\" alt=\"\" class=\"wp-image-3249\" srcset=\"https:\/\/esportscalp.es\/wp-content\/uploads\/2026\/02\/0T2A1246-46-1024x683.jpg 1024w, https:\/\/esportscalp.es\/wp-content\/uploads\/2026\/02\/0T2A1246-46-300x200.jpg 300w, https:\/\/esportscalp.es\/wp-content\/uploads\/2026\/02\/0T2A1246-46-18x12.jpg 18w, https:\/\/esportscalp.es\/wp-content\/uploads\/2026\/02\/0T2A1246-46.jpg 1620w\" sizes=\"auto, (max-width: 1024px) 100vw, 1024px\" \/><\/figure>\n<\/figure>\n\n\n\n<div style=\"height:81px\" aria-hidden=\"true\" class=\"wp-block-spacer\"><\/div>","protected":false},"excerpt":{"rendered":"<p>El Pavell\u00f3 Ifac de Calp se inaugur\u00f3 en 2007 con el fin de dar respuesta a la creciente demanda de espacios deportivos por parte de los clubes locales y de las escuelas municipales. El Pavell\u00f3 tiene una capacidad de 350 espectadores sentados. El Pabell\u00f3n se utiliza principalmente para f\u00fatbol sala y gimnasia r\u00edtmica, aunque en &hellip; <\/p>\n<p class=\"link-more\"><a href=\"https:\/\/esportscalp.es\/va\/pabellon-ifac\/\" class=\"more-link\">Read more<span class=\"screen-reader-text\"> \u00abPavell\u00f3 Ifac\u00bb<\/span><\/a><\/p>","protected":false},"author":1,"featured_media":3246,"parent":0,"menu_order":0,"comment_status":"closed","ping_status":"closed","template":"","meta":{"_uag_custom_page_level_css":"","inspiro_hide_title":false,"footnotes":""},"class_list":["post-2976","page","type-page","status-publish","has-post-thumbnail","hentry"],"aioseo_notices":[],"uagb_featured_image_src":{"full":["https:\/\/esportscalp.es\/wp-content\/uploads\/2026\/02\/0T2A1230-45.jpg",1620,1080,false],"thumbnail":["https:\/\/esportscalp.es\/wp-content\/uploads\/2026\/02\/0T2A1230-45-150x150.jpg",150,150,true],"medium":["https:\/\/esportscalp.es\/wp-content\/uploads\/2026\/02\/0T2A1230-45-300x200.jpg",300,200,true],"medium_large":["https:\/\/esportscalp.es\/wp-content\/uploads\/2026\/02\/0T2A1230-45.jpg",768,512,false],"large":["https:\/\/esportscalp.es\/wp-content\/uploads\/2026\/02\/0T2A1230-45-1024x683.jpg",950,634,true],"1536x1536":["https:\/\/esportscalp.es\/wp-content\/uploads\/2026\/02\/0T2A1230-45-1536x1024.jpg",1536,1024,true],"2048x2048":["https:\/\/esportscalp.es\/wp-content\/uploads\/2026\/02\/0T2A1230-45.jpg",1620,1080,false],"trp-custom-language-flag":["https:\/\/esportscalp.es\/wp-content\/uploads\/2026\/02\/0T2A1230-45-18x12.jpg",18,12,true],"inspiro-featured-image":["https:\/\/esportscalp.es\/wp-content\/uploads\/2026\/02\/0T2A1230-45.jpg",1620,1080,false],"inspiro-loop":["https:\/\/esportscalp.es\/wp-content\/uploads\/2026\/02\/0T2A1230-45-950x320.jpg",950,320,true],"inspiro-loop@2x":["https:\/\/esportscalp.es\/wp-content\/uploads\/2026\/02\/0T2A1230-45-1620x640.jpg",1620,640,true]},"uagb_author_info":{"display_name":"@esportscalp","author_link":"https:\/\/esportscalp.es\/va\/author\/esportscalpgmail-com\/"},"uagb_comment_info":0,"uagb_excerpt":"El Pavell\u00f3 Ifac de Calp se inaugur\u00f3 en 2007 con el fin de dar respuesta a la creciente demanda de espacios deportivos por parte de los clubes locales y de las escuelas municipales. El Pavell\u00f3 tiene una capacidad de 350 espectadores sentados. El Pabell\u00f3n se utiliza principalmente para f\u00fatbol sala y gimnasia r\u00edtmica, aunque en&hellip;","_links":{"self":[{"href":"https:\/\/esportscalp.es\/va\/wp-json\/wp\/v2\/pages\/2976","targetHints":{"allow":["GET"]}}],"collection":[{"href":"https:\/\/esportscalp.es\/va\/wp-json\/wp\/v2\/pages"}],"about":[{"href":"https:\/\/esportscalp.es\/va\/wp-json\/wp\/v2\/types\/page"}],"author":[{"embeddable":true,"href":"https:\/\/esportscalp.es\/va\/wp-json\/wp\/v2\/users\/1"}],"replies":[{"embeddable":true,"href":"https:\/\/esportscalp.es\/va\/wp-json\/wp\/v2\/comments?post=2976"}],"version-history":[{"count":5,"href":"https:\/\/esportscalp.es\/va\/wp-json\/wp\/v2\/pages\/2976\/revisions"}],"predecessor-version":[{"id":3263,"href":"https:\/\/esportscalp.es\/va\/wp-json\/wp\/v2\/pages\/2976\/revisions\/3263"}],"wp:featuredmedia":[{"embeddable":true,"href":"https:\/\/esportscalp.es\/va\/wp-json\/wp\/v2\/media\/3246"}],"wp:attachment":[{"href":"https:\/\/esportscalp.es\/va\/wp-json\/wp\/v2\/media?parent=2976"}],"curies":[{"name":"wp","href":"https:\/\/api.w.org\/{rel}","templated":true}]}}