{"id":2974,"date":"2026-02-11T09:43:25","date_gmt":"2026-02-11T09:43:25","guid":{"rendered":"https:\/\/esportscalp.es\/?page_id=2974"},"modified":"2026-02-12T18:28:09","modified_gmt":"2026-02-12T18:28:09","slug":"pabellon-domingo-crespo","status":"publish","type":"page","link":"https:\/\/esportscalp.es\/va\/pabellon-domingo-crespo\/","title":{"rendered":"Pavell\u00f3 Domingo Crespo"},"content":{"rendered":"<p class=\"translation-block\">El <strong>Pavell\u00f3 Domingo Crespo<\/strong> de Calp va ser constru\u00eft en <strong>1983 <\/strong>i \u00e9s un dels <strong>recintes municipals<\/strong> on practicar esport a Calp. Se situa en l'avinguda Pa\u00eds Valenci\u00e0. En ell pots practicar qualsevol tipus d'activitat esportiva, no obstant aix\u00f2, destaca per la seua pista de b\u00e0squet.<\/p>\n\n\n\n<p>De fet, aquest pavell\u00f3 rep el seu nom per Domingo Crespo Sala. Aquest home, conegut per la gent de Calp, va ser el creador en els anys 60 del club de b\u00e0squet a Calp. Despr\u00e9s d'aix\u00f2, va ser jugador i president fins a l'any 1972. Crespo Sala en total va estar presidint el club per 11 temporades. Ell va ser l'encarregat que l'equip de b\u00e0squet a Calp fora conegut i participara en les competicions en el m\u00f3n de l'esport a la comarca de la Marina Alta.<\/p>\n\n\n\n<p class=\"translation-block\">El pavell\u00f3 compta amb una <strong>capacitat de 820 seients<\/strong> i <strong>disposa d'aire condicionat<\/strong>. Actualment, a m\u00e9s de per a b\u00e0squet, \u00e9s utilitzat per a voleibol.<\/p>\n\n\n\n<p class=\"translation-block\">Les reserves poden gestionar-se a trav\u00e9s de l'apartat de \u00ab<em><a href=\"https:\/\/esportscalp.es\/va\/reservas\/\" title=\"\" target=\"_self\">reserves<\/a><\/em>\u00bb en aquesta web o en l'app de Resa Sports.<\/p>\n\n\n\n<p>En el mateix Pavell\u00f3 es troben les oficines de la Regidoria d\u2019Esports de Calp.<\/p>\n\n\n\n<h2 class=\"wp-block-heading\">Localitzaci\u00f3<\/h2>\n\n\n\t\t\t<div \n\t\t\tclass=\"wp-block-uagb-google-map uagb-google-map__wrap uagb-block-02794ede\"\n\t\t\tstyle=\"\" >\n\t\t\t\t<embed\n\t\t\t\t\tclass=\"uagb-google-map__iframe\"\n\t\t\t\t\ttitle=\"Google Map for \"\n\t\t\t\t\tsrc=\"https:\/\/maps.google.com\/maps?q=domingo%20crespo&#038;z=15&#038;hl=en&#038;t=m&#038;output=embed&#038;iwloc=near\"\n\t\t\t\t\twidth=\"640\"\n\t\t\t\t\theight=\"300\"\n\t\t\t\t\tloading=\"lazy\"\n\t\t\t\t><\/embed>\n\t\t\t<\/div>\n\t\t\t\n\n\n<h2 class=\"wp-block-heading\">Galeria fotogr\u00e0fica<\/h2>\n\n\n\n<figure class=\"wp-block-gallery has-nested-images columns-default is-cropped wp-block-gallery-1 is-layout-flex wp-block-gallery-is-layout-flex\">\n<figure class=\"wp-block-image size-large\"><img loading=\"lazy\" decoding=\"async\" width=\"1024\" height=\"683\" data-id=\"3205\" src=\"https:\/\/esportscalp.es\/wp-content\/uploads\/2026\/02\/0T2A1548-65-1024x683.jpg\" alt=\"\" class=\"wp-image-3205\" srcset=\"https:\/\/esportscalp.es\/wp-content\/uploads\/2026\/02\/0T2A1548-65-1024x683.jpg 1024w, https:\/\/esportscalp.es\/wp-content\/uploads\/2026\/02\/0T2A1548-65-300x200.jpg 300w, https:\/\/esportscalp.es\/wp-content\/uploads\/2026\/02\/0T2A1548-65-18x12.jpg 18w, https:\/\/esportscalp.es\/wp-content\/uploads\/2026\/02\/0T2A1548-65-1536x1024.jpg 1536w, https:\/\/esportscalp.es\/wp-content\/uploads\/2026\/02\/0T2A1548-65.jpg 1620w\" sizes=\"auto, (max-width: 1024px) 100vw, 1024px\" \/><\/figure>\n\n\n\n<figure class=\"wp-block-image size-large\"><img loading=\"lazy\" decoding=\"async\" width=\"1024\" height=\"683\" data-id=\"3203\" src=\"https:\/\/esportscalp.es\/wp-content\/uploads\/2026\/02\/0T2A1559-66-1024x683.jpg\" alt=\"\" class=\"wp-image-3203\" srcset=\"https:\/\/esportscalp.es\/wp-content\/uploads\/2026\/02\/0T2A1559-66-1024x683.jpg 1024w, https:\/\/esportscalp.es\/wp-content\/uploads\/2026\/02\/0T2A1559-66-300x200.jpg 300w, https:\/\/esportscalp.es\/wp-content\/uploads\/2026\/02\/0T2A1559-66-18x12.jpg 18w, https:\/\/esportscalp.es\/wp-content\/uploads\/2026\/02\/0T2A1559-66.jpg 1620w\" sizes=\"auto, (max-width: 1024px) 100vw, 1024px\" \/><\/figure>\n\n\n\n<figure class=\"wp-block-image size-large\"><img loading=\"lazy\" decoding=\"async\" width=\"1024\" height=\"683\" data-id=\"3201\" src=\"https:\/\/esportscalp.es\/wp-content\/uploads\/2026\/02\/0T2A1585-71-1024x683.jpg\" alt=\"\" class=\"wp-image-3201\" srcset=\"https:\/\/esportscalp.es\/wp-content\/uploads\/2026\/02\/0T2A1585-71-1024x683.jpg 1024w, https:\/\/esportscalp.es\/wp-content\/uploads\/2026\/02\/0T2A1585-71-300x200.jpg 300w, https:\/\/esportscalp.es\/wp-content\/uploads\/2026\/02\/0T2A1585-71-18x12.jpg 18w, https:\/\/esportscalp.es\/wp-content\/uploads\/2026\/02\/0T2A1585-71.jpg 1620w\" sizes=\"auto, (max-width: 1024px) 100vw, 1024px\" \/><\/figure>\n\n\n\n<figure class=\"wp-block-image size-large\"><img loading=\"lazy\" decoding=\"async\" width=\"1024\" height=\"683\" data-id=\"3204\" src=\"https:\/\/esportscalp.es\/wp-content\/uploads\/2026\/02\/0T2A1590-72-1024x683.jpg\" alt=\"\" class=\"wp-image-3204\" srcset=\"https:\/\/esportscalp.es\/wp-content\/uploads\/2026\/02\/0T2A1590-72-1024x683.jpg 1024w, https:\/\/esportscalp.es\/wp-content\/uploads\/2026\/02\/0T2A1590-72-300x200.jpg 300w, https:\/\/esportscalp.es\/wp-content\/uploads\/2026\/02\/0T2A1590-72-18x12.jpg 18w, https:\/\/esportscalp.es\/wp-content\/uploads\/2026\/02\/0T2A1590-72.jpg 1620w\" sizes=\"auto, (max-width: 1024px) 100vw, 1024px\" \/><\/figure>\n\n\n\n<figure class=\"wp-block-image size-large\"><img loading=\"lazy\" decoding=\"async\" width=\"1024\" height=\"683\" data-id=\"3206\" src=\"https:\/\/esportscalp.es\/wp-content\/uploads\/2026\/02\/0T2A1578-70-1024x683.jpg\" alt=\"\" class=\"wp-image-3206\" srcset=\"https:\/\/esportscalp.es\/wp-content\/uploads\/2026\/02\/0T2A1578-70-1024x683.jpg 1024w, https:\/\/esportscalp.es\/wp-content\/uploads\/2026\/02\/0T2A1578-70-300x200.jpg 300w, https:\/\/esportscalp.es\/wp-content\/uploads\/2026\/02\/0T2A1578-70-18x12.jpg 18w, https:\/\/esportscalp.es\/wp-content\/uploads\/2026\/02\/0T2A1578-70.jpg 1620w\" sizes=\"auto, (max-width: 1024px) 100vw, 1024px\" \/><\/figure>\n\n\n\n<figure class=\"wp-block-image size-large\"><img loading=\"lazy\" decoding=\"async\" width=\"1024\" height=\"683\" data-id=\"3200\" src=\"https:\/\/esportscalp.es\/wp-content\/uploads\/2026\/02\/0T2A1569-69-1024x683.jpg\" alt=\"\" class=\"wp-image-3200\" srcset=\"https:\/\/esportscalp.es\/wp-content\/uploads\/2026\/02\/0T2A1569-69-1024x683.jpg 1024w, https:\/\/esportscalp.es\/wp-content\/uploads\/2026\/02\/0T2A1569-69-300x200.jpg 300w, https:\/\/esportscalp.es\/wp-content\/uploads\/2026\/02\/0T2A1569-69-18x12.jpg 18w, https:\/\/esportscalp.es\/wp-content\/uploads\/2026\/02\/0T2A1569-69.jpg 1620w\" sizes=\"auto, (max-width: 1024px) 100vw, 1024px\" \/><\/figure>\n\n\n\n<figure class=\"wp-block-image size-large\"><img loading=\"lazy\" decoding=\"async\" width=\"1024\" height=\"683\" data-id=\"3202\" src=\"https:\/\/esportscalp.es\/wp-content\/uploads\/2026\/02\/0T2A1567-68-1024x683.jpg\" alt=\"\" class=\"wp-image-3202\" srcset=\"https:\/\/esportscalp.es\/wp-content\/uploads\/2026\/02\/0T2A1567-68-1024x683.jpg 1024w, https:\/\/esportscalp.es\/wp-content\/uploads\/2026\/02\/0T2A1567-68-300x200.jpg 300w, https:\/\/esportscalp.es\/wp-content\/uploads\/2026\/02\/0T2A1567-68-18x12.jpg 18w, https:\/\/esportscalp.es\/wp-content\/uploads\/2026\/02\/0T2A1567-68.jpg 1620w\" sizes=\"auto, (max-width: 1024px) 100vw, 1024px\" \/><\/figure>\n\n\n\n<figure class=\"wp-block-image size-large\"><img loading=\"lazy\" decoding=\"async\" width=\"1024\" height=\"683\" data-id=\"3199\" src=\"https:\/\/esportscalp.es\/wp-content\/uploads\/2026\/02\/0T2A1564-67-1024x683.jpg\" alt=\"\" class=\"wp-image-3199\" srcset=\"https:\/\/esportscalp.es\/wp-content\/uploads\/2026\/02\/0T2A1564-67-1024x683.jpg 1024w, https:\/\/esportscalp.es\/wp-content\/uploads\/2026\/02\/0T2A1564-67-300x200.jpg 300w, https:\/\/esportscalp.es\/wp-content\/uploads\/2026\/02\/0T2A1564-67-18x12.jpg 18w, https:\/\/esportscalp.es\/wp-content\/uploads\/2026\/02\/0T2A1564-67.jpg 1620w\" sizes=\"auto, (max-width: 1024px) 100vw, 1024px\" \/><\/figure>\n\n\n\n<figure class=\"wp-block-image size-large\"><img loading=\"lazy\" decoding=\"async\" width=\"1024\" height=\"683\" data-id=\"3207\" src=\"https:\/\/esportscalp.es\/wp-content\/uploads\/2026\/02\/0T2A1613-73-1024x683.jpg\" alt=\"\" class=\"wp-image-3207\" srcset=\"https:\/\/esportscalp.es\/wp-content\/uploads\/2026\/02\/0T2A1613-73-1024x683.jpg 1024w, https:\/\/esportscalp.es\/wp-content\/uploads\/2026\/02\/0T2A1613-73-300x200.jpg 300w, https:\/\/esportscalp.es\/wp-content\/uploads\/2026\/02\/0T2A1613-73-18x12.jpg 18w, https:\/\/esportscalp.es\/wp-content\/uploads\/2026\/02\/0T2A1613-73.jpg 1620w\" sizes=\"auto, (max-width: 1024px) 100vw, 1024px\" \/><\/figure>\n<\/figure>\n\n\n\n<p><\/p>","protected":false},"excerpt":{"rendered":"<p>El Pabell\u00f3n Domingo Crespo de Calp fue construido en 1983 y es uno de los recintos municipales donde practicar deporte en Calp. Se ubica en la avenida Pa\u00eds Valenci\u00e0. En \u00e9l puedes practicar cualquier tipo de actividad deportiva, sin embargo, destaca por su pista de baloncesto. De hecho, este pabell\u00f3n recibe su nombre por Domingo &hellip; <\/p>\n<p class=\"link-more\"><a href=\"https:\/\/esportscalp.es\/va\/pabellon-domingo-crespo\/\" class=\"more-link\">Read more<span class=\"screen-reader-text\"> \u00abPabell\u00f3n Domingo Crespo\u00bb<\/span><\/a><\/p>","protected":false},"author":1,"featured_media":3205,"parent":0,"menu_order":0,"comment_status":"closed","ping_status":"closed","template":"","meta":{"_uag_custom_page_level_css":"","inspiro_hide_title":false,"footnotes":""},"class_list":["post-2974","page","type-page","status-publish","has-post-thumbnail","hentry"],"aioseo_notices":[],"uagb_featured_image_src":{"full":["https:\/\/esportscalp.es\/wp-content\/uploads\/2026\/02\/0T2A1548-65.jpg",1620,1080,false],"thumbnail":["https:\/\/esportscalp.es\/wp-content\/uploads\/2026\/02\/0T2A1548-65-150x150.jpg",150,150,true],"medium":["https:\/\/esportscalp.es\/wp-content\/uploads\/2026\/02\/0T2A1548-65-300x200.jpg",300,200,true],"medium_large":["https:\/\/esportscalp.es\/wp-content\/uploads\/2026\/02\/0T2A1548-65.jpg",768,512,false],"large":["https:\/\/esportscalp.es\/wp-content\/uploads\/2026\/02\/0T2A1548-65-1024x683.jpg",950,634,true],"1536x1536":["https:\/\/esportscalp.es\/wp-content\/uploads\/2026\/02\/0T2A1548-65-1536x1024.jpg",1536,1024,true],"2048x2048":["https:\/\/esportscalp.es\/wp-content\/uploads\/2026\/02\/0T2A1548-65.jpg",1620,1080,false],"trp-custom-language-flag":["https:\/\/esportscalp.es\/wp-content\/uploads\/2026\/02\/0T2A1548-65-18x12.jpg",18,12,true],"inspiro-featured-image":["https:\/\/esportscalp.es\/wp-content\/uploads\/2026\/02\/0T2A1548-65.jpg",1620,1080,false],"inspiro-loop":["https:\/\/esportscalp.es\/wp-content\/uploads\/2026\/02\/0T2A1548-65-950x320.jpg",950,320,true],"inspiro-loop@2x":["https:\/\/esportscalp.es\/wp-content\/uploads\/2026\/02\/0T2A1548-65-1620x640.jpg",1620,640,true]},"uagb_author_info":{"display_name":"@esportscalp","author_link":"https:\/\/esportscalp.es\/va\/author\/esportscalpgmail-com\/"},"uagb_comment_info":0,"uagb_excerpt":"El Pabell\u00f3n Domingo Crespo de Calp fue construido en 1983 y es uno de los recintos municipales donde practicar deporte en Calp. Se ubica en la avenida Pa\u00eds Valenci\u00e0. En \u00e9l puedes practicar cualquier tipo de actividad deportiva, sin embargo, destaca por su pista de baloncesto. De hecho, este pabell\u00f3n recibe su nombre por Domingo&hellip;","_links":{"self":[{"href":"https:\/\/esportscalp.es\/va\/wp-json\/wp\/v2\/pages\/2974","targetHints":{"allow":["GET"]}}],"collection":[{"href":"https:\/\/esportscalp.es\/va\/wp-json\/wp\/v2\/pages"}],"about":[{"href":"https:\/\/esportscalp.es\/va\/wp-json\/wp\/v2\/types\/page"}],"author":[{"embeddable":true,"href":"https:\/\/esportscalp.es\/va\/wp-json\/wp\/v2\/users\/1"}],"replies":[{"embeddable":true,"href":"https:\/\/esportscalp.es\/va\/wp-json\/wp\/v2\/comments?post=2974"}],"version-history":[{"count":6,"href":"https:\/\/esportscalp.es\/va\/wp-json\/wp\/v2\/pages\/2974\/revisions"}],"predecessor-version":[{"id":3213,"href":"https:\/\/esportscalp.es\/va\/wp-json\/wp\/v2\/pages\/2974\/revisions\/3213"}],"wp:featuredmedia":[{"embeddable":true,"href":"https:\/\/esportscalp.es\/va\/wp-json\/wp\/v2\/media\/3205"}],"wp:attachment":[{"href":"https:\/\/esportscalp.es\/va\/wp-json\/wp\/v2\/media?parent=2974"}],"curies":[{"name":"wp","href":"https:\/\/api.w.org\/{rel}","templated":true}]}}