{"id":2968,"date":"2026-02-11T09:39:29","date_gmt":"2026-02-11T09:39:29","guid":{"rendered":"https:\/\/esportscalp.es\/?page_id=2968"},"modified":"2026-02-11T17:05:15","modified_gmt":"2026-02-11T17:05:15","slug":"piscina","status":"publish","type":"page","link":"https:\/\/esportscalp.es\/va\/piscina\/","title":{"rendered":"Piscina Municipal"},"content":{"rendered":"<p>La Piscina Municipal de Calp \u00e9s un servei municipal i de gesti\u00f3 p\u00fablica directa per part de la Regidoria d'Esports de l'Ajuntament de Calp. En la instal\u00b7laci\u00f3 s'ofereixen cursos d'aiguagim, nataci\u00f3 i matronataci\u00f3. Tamb\u00e9 \u00e9s possible el bany lliure.<\/p>\n\n\n\n<div class=\"wp-block-columns is-layout-flex wp-container-core-columns-is-layout-28f84493 wp-block-columns-is-layout-flex\">\n<div class=\"wp-block-column is-layout-flow wp-block-column-is-layout-flow\" style=\"flex-basis:66.66%\">\n<h2 class=\"wp-block-heading\">Horaris<\/h2>\n\n\n\n<figure class=\"wp-block-image size-large is-resized\"><img loading=\"lazy\" decoding=\"async\" width=\"1024\" height=\"724\" src=\"https:\/\/esportscalp.es\/wp-content\/uploads\/2026\/02\/1-1024x724.png\" alt=\"\" class=\"wp-image-3047\" style=\"aspect-ratio:1.4143787715301923;width:595px;height:auto\" srcset=\"https:\/\/esportscalp.es\/wp-content\/uploads\/2026\/02\/1-1024x724.png 1024w, https:\/\/esportscalp.es\/wp-content\/uploads\/2026\/02\/1-300x212.png 300w, https:\/\/esportscalp.es\/wp-content\/uploads\/2026\/02\/1-2000x1414.png 2000w, https:\/\/esportscalp.es\/wp-content\/uploads\/2026\/02\/1-scaled-18x12.png 18w\" sizes=\"auto, (max-width: 1024px) 100vw, 1024px\" \/><\/figure>\n<\/div>\n\n\n\n<div class=\"wp-block-column is-layout-flow wp-block-column-is-layout-flow\" style=\"flex-basis:50%\">\n<div style=\"height:25px\" aria-hidden=\"true\" class=\"wp-block-spacer\"><\/div>\n\n\n\n<p>L'horari d'obertura de la Piscina \u00e9s el que es pot veure en la imatge.<\/p>\n\n\n\n<p class=\"translation-block\">De dilluns a divendres de 7h a 8h del mat\u00ed, els dissabtes a la vesprada i els diumenges <strong>NO HI HA RECEPCI\u00d3<\/strong> i per tant, l'acc\u00e9s \u00e9s aut\u00f2nom mitjan\u00e7ant torns de pas i no \u00e9s possible accedir a la piscina sense reserva.<\/p>\n\n\n\n<p class=\"translation-block\">El <strong>p\u00e0rquing<\/strong> de la Piscina Municipal \u00e9s d'\u00fas <strong> exclusiu<\/strong> per als usuaris d'aquesta, i del Pavell\u00f3 Ifac.<\/p>\n<\/div>\n<\/div>\n\n\n\n<div class=\"wp-block-columns is-layout-flex wp-container-core-columns-is-layout-28f84493 wp-block-columns-is-layout-flex\">\n<div class=\"wp-block-column is-layout-flow wp-block-column-is-layout-flow\" style=\"flex-basis:50%\">\n<h2 class=\"wp-block-heading\">Tarifes<\/h2>\n\n\n\n<ul class=\"wp-block-list\">\n<li>Aquagym mensual: 40\u20ac \/ trimestral: 100\u20ac<\/li>\n\n\n\n<li>Matronataci\u00f3 mensual: 35\u20ac \/ trimestral: 95\u20ac<\/li>\n\n\n\n<li>Cursos de nataci\u00f3 mensual: 40\u20ac \/ trimestral: 100\u20ac<\/li>\n\n\n\n<li>Bany lliure: 30\u20ac mensuals \/ 5\u20ac sessi\u00f3 di\u00e0ria.<\/li>\n<\/ul>\n\n\n\n<p class=\"translation-block\">Actualment, no podem oferir bons de sessions soltes ni descomptes. Existeixen exempcions que poden consultar-se en l'ordenan\u00e7a fiscal, en l'apartat de <a href=\"https:\/\/esportscalp.es\/va\/normativa-en-vigor\/\" title=\"\" target=\"_self\">normativa<\/a>. Les classes de terap\u00e8utica s\u00f3n gratu\u00eftes.<\/p>\n\n\n\n<h2 class=\"wp-block-heading\">Activitats aqu\u00e0tiques<\/h2>\n\n\n\n<p>Actualment, aquest \u00e9s l'horari d'activitats aqu\u00e0tiques en la piscina municipal.<\/p>\n<\/div>\n\n\n\n<div class=\"wp-block-column is-layout-flow wp-block-column-is-layout-flow\" style=\"flex-basis:60%\">\n<figure class=\"wp-block-image alignfull size-large\"><img loading=\"lazy\" decoding=\"async\" width=\"1024\" height=\"724\" src=\"https:\/\/esportscalp.es\/wp-content\/uploads\/2026\/02\/2-1024x724.png\" alt=\"\" class=\"wp-image-3059\" srcset=\"https:\/\/esportscalp.es\/wp-content\/uploads\/2026\/02\/2-1024x724.png 1024w, https:\/\/esportscalp.es\/wp-content\/uploads\/2026\/02\/2-300x212.png 300w, https:\/\/esportscalp.es\/wp-content\/uploads\/2026\/02\/2-2000x1414.png 2000w, https:\/\/esportscalp.es\/wp-content\/uploads\/2026\/02\/2-scaled-18x12.png 18w\" sizes=\"auto, (max-width: 1024px) 100vw, 1024px\" \/><\/figure>\n<\/div>\n<\/div>\n\n\n\n<div class=\"wp-block-columns is-layout-flex wp-container-core-columns-is-layout-28f84493 wp-block-columns-is-layout-flex\">\n<div class=\"wp-block-column is-layout-flow wp-block-column-is-layout-flow\">\n<h2 class=\"wp-block-heading\">Reserves<\/h2>\n\n\n\n<p class=\"translation-block\">Tots els detalls per a realitzar reserves en la Piscina Municipal de Calp poden realitzar-se en l'apartat <a href=\"https:\/\/esportscalp.es\/va\/reservas\/\" title=\"apartado de Reservas\" target=\"_self\"> de Reserves<\/a> d'aquesta p\u00e0gina web.<\/p>\n<\/div>\n<\/div>\n\n\n\n<div class=\"wp-block-columns is-layout-flex wp-container-core-columns-is-layout-28f84493 wp-block-columns-is-layout-flex\">\n<div class=\"wp-block-column is-layout-flow wp-block-column-is-layout-flow\">\n<h2 class=\"wp-block-heading\">Calendari d'obertures 2026:<\/h2>\n\n\n\n<figure class=\"wp-block-image alignleft size-large is-resized\"><img loading=\"lazy\" decoding=\"async\" width=\"724\" height=\"1024\" src=\"https:\/\/esportscalp.es\/wp-content\/uploads\/2026\/02\/calendario-2026-aperturas-724x1024.png\" alt=\"\" class=\"wp-image-3087\" style=\"width:448px;height:auto\" srcset=\"https:\/\/esportscalp.es\/wp-content\/uploads\/2026\/02\/calendario-2026-aperturas-724x1024.png 724w, https:\/\/esportscalp.es\/wp-content\/uploads\/2026\/02\/calendario-2026-aperturas-212x300.png 212w, https:\/\/esportscalp.es\/wp-content\/uploads\/2026\/02\/calendario-2026-aperturas-2000x2828.png 2000w, https:\/\/esportscalp.es\/wp-content\/uploads\/2026\/02\/calendario-2026-aperturas-scaled-8x12.png 8w, https:\/\/esportscalp.es\/wp-content\/uploads\/2026\/02\/calendario-2026-aperturas-scaled.png 1810w\" sizes=\"auto, (max-width: 724px) 100vw, 724px\" \/><\/figure>\n<\/div>\n\n\n\n<div class=\"wp-block-column is-layout-flow wp-block-column-is-layout-flow\">\n<h2 class=\"wp-block-heading\">Localitzaci\u00f3<\/h2>\n\n\n\t\t\t<div \n\t\t\tclass=\"wp-block-uagb-google-map uagb-google-map__wrap uagb-block-23471acf\"\n\t\t\tstyle=\"\" >\n\t\t\t\t<embed\n\t\t\t\t\tclass=\"uagb-google-map__iframe\"\n\t\t\t\t\ttitle=\"Google Map for \"\n\t\t\t\t\tsrc=\"https:\/\/maps.google.com\/maps?q=Piscina%20MunicipalCalp&#038;z=12&#038;hl=en&#038;t=m&#038;output=embed&#038;iwloc=near\"\n\t\t\t\t\twidth=\"640\"\n\t\t\t\t\theight=\"626\"\n\t\t\t\t\tloading=\"lazy\"\n\t\t\t\t><\/embed>\n\t\t\t<\/div>\n\t\t\t\n\n\n<p class=\"translation-block\"><a href=\"https:\/\/www.google.com\/maps\/place\/\/data=!4m2!3m1!1s0x129dfe25dd00e0ed:0xd798d053d8fca0a8?sa=X&amp;ved=1t:8290&amp;ictx=111\" target=\"_self\">Carrer Ausias March, 4, 03710 Calp, Alacant<\/a> (clic per a arribar).<\/p>\n<\/div>\n<\/div>\n\n\n\n<h2 class=\"wp-block-heading\">Galeria fotogr\u00e0fica de la instal\u00b7laci\u00f3:<\/h2>\n\n\n\n<figure class=\"wp-block-gallery has-nested-images columns-default is-cropped wp-block-gallery-1 is-layout-flex wp-block-gallery-is-layout-flex\">\n<figure class=\"wp-block-image size-large\"><img loading=\"lazy\" decoding=\"async\" width=\"1024\" height=\"683\" data-id=\"3070\" src=\"https:\/\/esportscalp.es\/wp-content\/uploads\/2026\/02\/0T2A0580-2-1024x683.jpg\" alt=\"\" class=\"wp-image-3070\" srcset=\"https:\/\/esportscalp.es\/wp-content\/uploads\/2026\/02\/0T2A0580-2-1024x683.jpg 1024w, https:\/\/esportscalp.es\/wp-content\/uploads\/2026\/02\/0T2A0580-2-300x200.jpg 300w, https:\/\/esportscalp.es\/wp-content\/uploads\/2026\/02\/0T2A0580-2-18x12.jpg 18w, https:\/\/esportscalp.es\/wp-content\/uploads\/2026\/02\/0T2A0580-2.jpg 1620w\" sizes=\"auto, (max-width: 1024px) 100vw, 1024px\" \/><\/figure>\n\n\n\n<figure class=\"wp-block-image size-large\"><img loading=\"lazy\" decoding=\"async\" width=\"1024\" height=\"683\" data-id=\"3078\" src=\"https:\/\/esportscalp.es\/wp-content\/uploads\/2026\/02\/0T2A0598-5-1024x683.jpg\" alt=\"\" class=\"wp-image-3078\" srcset=\"https:\/\/esportscalp.es\/wp-content\/uploads\/2026\/02\/0T2A0598-5-1024x683.jpg 1024w, https:\/\/esportscalp.es\/wp-content\/uploads\/2026\/02\/0T2A0598-5-300x200.jpg 300w, https:\/\/esportscalp.es\/wp-content\/uploads\/2026\/02\/0T2A0598-5-18x12.jpg 18w, https:\/\/esportscalp.es\/wp-content\/uploads\/2026\/02\/0T2A0598-5.jpg 1620w\" sizes=\"auto, (max-width: 1024px) 100vw, 1024px\" \/><\/figure>\n\n\n\n<figure class=\"wp-block-image size-large\"><img loading=\"lazy\" decoding=\"async\" width=\"1024\" height=\"683\" data-id=\"3082\" src=\"https:\/\/esportscalp.es\/wp-content\/uploads\/2026\/02\/0T2A0607-6-1024x683.jpg\" alt=\"\" class=\"wp-image-3082\" srcset=\"https:\/\/esportscalp.es\/wp-content\/uploads\/2026\/02\/0T2A0607-6-1024x683.jpg 1024w, https:\/\/esportscalp.es\/wp-content\/uploads\/2026\/02\/0T2A0607-6-300x200.jpg 300w, https:\/\/esportscalp.es\/wp-content\/uploads\/2026\/02\/0T2A0607-6-18x12.jpg 18w, https:\/\/esportscalp.es\/wp-content\/uploads\/2026\/02\/0T2A0607-6.jpg 1620w\" sizes=\"auto, (max-width: 1024px) 100vw, 1024px\" \/><\/figure>\n\n\n\n\n\n<figure class=\"wp-block-image size-large\"><img loading=\"lazy\" decoding=\"async\" width=\"1024\" height=\"683\" data-id=\"3079\" src=\"https:\/\/esportscalp.es\/wp-content\/uploads\/2026\/02\/0T2A0658-10-1024x683.jpg\" alt=\"\" class=\"wp-image-3079\" srcset=\"https:\/\/esportscalp.es\/wp-content\/uploads\/2026\/02\/0T2A0658-10-1024x683.jpg 1024w, https:\/\/esportscalp.es\/wp-content\/uploads\/2026\/02\/0T2A0658-10-300x200.jpg 300w, https:\/\/esportscalp.es\/wp-content\/uploads\/2026\/02\/0T2A0658-10-18x12.jpg 18w, https:\/\/esportscalp.es\/wp-content\/uploads\/2026\/02\/0T2A0658-10.jpg 1620w\" sizes=\"auto, (max-width: 1024px) 100vw, 1024px\" \/><\/figure>\n\n\n\n<figure class=\"wp-block-image size-large\"><img loading=\"lazy\" decoding=\"async\" width=\"1024\" height=\"683\" data-id=\"3080\" src=\"https:\/\/esportscalp.es\/wp-content\/uploads\/2026\/02\/0T2A0656-9-1024x683.jpg\" alt=\"\" class=\"wp-image-3080\" srcset=\"https:\/\/esportscalp.es\/wp-content\/uploads\/2026\/02\/0T2A0656-9-1024x683.jpg 1024w, https:\/\/esportscalp.es\/wp-content\/uploads\/2026\/02\/0T2A0656-9-300x200.jpg 300w, https:\/\/esportscalp.es\/wp-content\/uploads\/2026\/02\/0T2A0656-9-18x12.jpg 18w, https:\/\/esportscalp.es\/wp-content\/uploads\/2026\/02\/0T2A0656-9.jpg 1620w\" sizes=\"auto, (max-width: 1024px) 100vw, 1024px\" \/><\/figure>\n\n\n\n<figure class=\"wp-block-image size-large\"><img loading=\"lazy\" decoding=\"async\" width=\"1024\" height=\"683\" data-id=\"3073\" src=\"https:\/\/esportscalp.es\/wp-content\/uploads\/2026\/02\/0T2A0675-15-1024x683.jpg\" alt=\"\" class=\"wp-image-3073\" srcset=\"https:\/\/esportscalp.es\/wp-content\/uploads\/2026\/02\/0T2A0675-15-1024x683.jpg 1024w, https:\/\/esportscalp.es\/wp-content\/uploads\/2026\/02\/0T2A0675-15-300x200.jpg 300w, https:\/\/esportscalp.es\/wp-content\/uploads\/2026\/02\/0T2A0675-15-18x12.jpg 18w, https:\/\/esportscalp.es\/wp-content\/uploads\/2026\/02\/0T2A0675-15.jpg 1620w\" sizes=\"auto, (max-width: 1024px) 100vw, 1024px\" \/><\/figure>\n\n\n\n<figure class=\"wp-block-image size-large\"><img loading=\"lazy\" decoding=\"async\" width=\"1024\" height=\"683\" data-id=\"3084\" src=\"https:\/\/esportscalp.es\/wp-content\/uploads\/2026\/02\/0T2A0673-14-1024x683.jpg\" alt=\"\" class=\"wp-image-3084\" srcset=\"https:\/\/esportscalp.es\/wp-content\/uploads\/2026\/02\/0T2A0673-14-1024x683.jpg 1024w, https:\/\/esportscalp.es\/wp-content\/uploads\/2026\/02\/0T2A0673-14-300x200.jpg 300w, https:\/\/esportscalp.es\/wp-content\/uploads\/2026\/02\/0T2A0673-14-18x12.jpg 18w, https:\/\/esportscalp.es\/wp-content\/uploads\/2026\/02\/0T2A0673-14.jpg 1620w\" sizes=\"auto, (max-width: 1024px) 100vw, 1024px\" \/><\/figure>\n\n\n\n<figure class=\"wp-block-image size-large\"><img loading=\"lazy\" decoding=\"async\" width=\"1024\" height=\"683\" data-id=\"3071\" src=\"https:\/\/esportscalp.es\/wp-content\/uploads\/2026\/02\/0T2A0667-13-1024x683.jpg\" alt=\"\" class=\"wp-image-3071\" srcset=\"https:\/\/esportscalp.es\/wp-content\/uploads\/2026\/02\/0T2A0667-13-1024x683.jpg 1024w, https:\/\/esportscalp.es\/wp-content\/uploads\/2026\/02\/0T2A0667-13-300x200.jpg 300w, https:\/\/esportscalp.es\/wp-content\/uploads\/2026\/02\/0T2A0667-13-18x12.jpg 18w, https:\/\/esportscalp.es\/wp-content\/uploads\/2026\/02\/0T2A0667-13.jpg 1620w\" sizes=\"auto, (max-width: 1024px) 100vw, 1024px\" \/><\/figure>\n\n\n\n\n\n<figure class=\"wp-block-image size-large\"><img loading=\"lazy\" decoding=\"async\" width=\"1024\" height=\"683\" data-id=\"3072\" src=\"https:\/\/esportscalp.es\/wp-content\/uploads\/2026\/02\/0T2A0689-17-1-1024x683.jpg\" alt=\"\" class=\"wp-image-3072\" srcset=\"https:\/\/esportscalp.es\/wp-content\/uploads\/2026\/02\/0T2A0689-17-1-1024x683.jpg 1024w, https:\/\/esportscalp.es\/wp-content\/uploads\/2026\/02\/0T2A0689-17-1-300x200.jpg 300w, https:\/\/esportscalp.es\/wp-content\/uploads\/2026\/02\/0T2A0689-17-1-18x12.jpg 18w, https:\/\/esportscalp.es\/wp-content\/uploads\/2026\/02\/0T2A0689-17-1.jpg 1620w\" sizes=\"auto, (max-width: 1024px) 100vw, 1024px\" \/><\/figure>\n\n\n\n<figure class=\"wp-block-image size-large\"><img loading=\"lazy\" decoding=\"async\" width=\"1024\" height=\"683\" data-id=\"3083\" src=\"https:\/\/esportscalp.es\/wp-content\/uploads\/2026\/02\/0T2A0751-20-1024x683.jpg\" alt=\"\" class=\"wp-image-3083\" srcset=\"https:\/\/esportscalp.es\/wp-content\/uploads\/2026\/02\/0T2A0751-20-1024x683.jpg 1024w, https:\/\/esportscalp.es\/wp-content\/uploads\/2026\/02\/0T2A0751-20-300x200.jpg 300w, https:\/\/esportscalp.es\/wp-content\/uploads\/2026\/02\/0T2A0751-20-18x12.jpg 18w, https:\/\/esportscalp.es\/wp-content\/uploads\/2026\/02\/0T2A0751-20.jpg 1620w\" sizes=\"auto, (max-width: 1024px) 100vw, 1024px\" \/><\/figure>\n\n\n\n<figure class=\"wp-block-image size-large\"><img loading=\"lazy\" decoding=\"async\" width=\"1024\" height=\"683\" data-id=\"3081\" src=\"https:\/\/esportscalp.es\/wp-content\/uploads\/2026\/02\/0T2A0780-22-1024x683.jpg\" alt=\"\" class=\"wp-image-3081\" srcset=\"https:\/\/esportscalp.es\/wp-content\/uploads\/2026\/02\/0T2A0780-22-1024x683.jpg 1024w, https:\/\/esportscalp.es\/wp-content\/uploads\/2026\/02\/0T2A0780-22-300x200.jpg 300w, https:\/\/esportscalp.es\/wp-content\/uploads\/2026\/02\/0T2A0780-22-18x12.jpg 18w, https:\/\/esportscalp.es\/wp-content\/uploads\/2026\/02\/0T2A0780-22.jpg 1620w\" sizes=\"auto, (max-width: 1024px) 100vw, 1024px\" \/><\/figure>\n\n\n\n<figure class=\"wp-block-image size-large\"><img loading=\"lazy\" decoding=\"async\" width=\"1024\" height=\"683\" data-id=\"3075\" src=\"https:\/\/esportscalp.es\/wp-content\/uploads\/2026\/02\/0T2A0816-23-1024x683.jpg\" alt=\"\" class=\"wp-image-3075\" srcset=\"https:\/\/esportscalp.es\/wp-content\/uploads\/2026\/02\/0T2A0816-23-1024x683.jpg 1024w, https:\/\/esportscalp.es\/wp-content\/uploads\/2026\/02\/0T2A0816-23-300x200.jpg 300w, https:\/\/esportscalp.es\/wp-content\/uploads\/2026\/02\/0T2A0816-23-18x12.jpg 18w, https:\/\/esportscalp.es\/wp-content\/uploads\/2026\/02\/0T2A0816-23.jpg 1620w\" sizes=\"auto, (max-width: 1024px) 100vw, 1024px\" \/><\/figure>\n\n\n\n<figure class=\"wp-block-image size-large\"><img loading=\"lazy\" decoding=\"async\" width=\"1024\" height=\"683\" data-id=\"3074\" src=\"https:\/\/esportscalp.es\/wp-content\/uploads\/2026\/02\/0T2A0826-24-1024x683.jpg\" alt=\"\" class=\"wp-image-3074\" srcset=\"https:\/\/esportscalp.es\/wp-content\/uploads\/2026\/02\/0T2A0826-24-1024x683.jpg 1024w, https:\/\/esportscalp.es\/wp-content\/uploads\/2026\/02\/0T2A0826-24-300x200.jpg 300w, https:\/\/esportscalp.es\/wp-content\/uploads\/2026\/02\/0T2A0826-24-18x12.jpg 18w, https:\/\/esportscalp.es\/wp-content\/uploads\/2026\/02\/0T2A0826-24.jpg 1620w\" sizes=\"auto, (max-width: 1024px) 100vw, 1024px\" \/><\/figure>\n<\/figure>\n\n\n\n<div style=\"height:71px\" aria-hidden=\"true\" class=\"wp-block-spacer\"><\/div>","protected":false},"excerpt":{"rendered":"<p>La Piscina Municipal de Calp es un servicio municipal y de gesti\u00f3n p\u00fablica directa por parte de la Concejal\u00eda de Deportes del Ayuntamiento de Calp. En la instalaci\u00f3n se ofrecen cursos de aquagym, nataci\u00f3n y matronataci\u00f3n. Tambi\u00e9n es posible el ba\u00f1o libre. Horarios El horario de apertura de la Piscina es el que se puede &hellip; <\/p>\n<p class=\"link-more\"><a href=\"https:\/\/esportscalp.es\/va\/piscina\/\" class=\"more-link\">Read more<span class=\"screen-reader-text\"> \u00abPiscina Municipal\u00bb<\/span><\/a><\/p>","protected":false},"author":1,"featured_media":3040,"parent":0,"menu_order":0,"comment_status":"closed","ping_status":"closed","template":"","meta":{"_uag_custom_page_level_css":"","inspiro_hide_title":false,"footnotes":""},"class_list":["post-2968","page","type-page","status-publish","has-post-thumbnail","hentry"],"aioseo_notices":[],"uagb_featured_image_src":{"full":["https:\/\/esportscalp.es\/wp-content\/uploads\/2026\/02\/0T2A0689-17.jpg",1620,1080,false],"thumbnail":["https:\/\/esportscalp.es\/wp-content\/uploads\/2026\/02\/0T2A0689-17-150x150.jpg",150,150,true],"medium":["https:\/\/esportscalp.es\/wp-content\/uploads\/2026\/02\/0T2A0689-17-300x200.jpg",300,200,true],"medium_large":["https:\/\/esportscalp.es\/wp-content\/uploads\/2026\/02\/0T2A0689-17.jpg",768,512,false],"large":["https:\/\/esportscalp.es\/wp-content\/uploads\/2026\/02\/0T2A0689-17-1024x683.jpg",950,634,true],"1536x1536":["https:\/\/esportscalp.es\/wp-content\/uploads\/2026\/02\/0T2A0689-17-1536x1024.jpg",1536,1024,true],"2048x2048":["https:\/\/esportscalp.es\/wp-content\/uploads\/2026\/02\/0T2A0689-17.jpg",1620,1080,false],"trp-custom-language-flag":["https:\/\/esportscalp.es\/wp-content\/uploads\/2026\/02\/0T2A0689-17-18x12.jpg",18,12,true],"inspiro-featured-image":["https:\/\/esportscalp.es\/wp-content\/uploads\/2026\/02\/0T2A0689-17.jpg",1620,1080,false],"inspiro-loop":["https:\/\/esportscalp.es\/wp-content\/uploads\/2026\/02\/0T2A0689-17-950x320.jpg",950,320,true],"inspiro-loop@2x":["https:\/\/esportscalp.es\/wp-content\/uploads\/2026\/02\/0T2A0689-17-1620x640.jpg",1620,640,true]},"uagb_author_info":{"display_name":"@esportscalp","author_link":"https:\/\/esportscalp.es\/va\/author\/esportscalpgmail-com\/"},"uagb_comment_info":0,"uagb_excerpt":"La Piscina Municipal de Calp es un servicio municipal y de gesti\u00f3n p\u00fablica directa por parte de la Concejal\u00eda de Deportes del Ayuntamiento de Calp. En la instalaci\u00f3n se ofrecen cursos de aquagym, nataci\u00f3n y matronataci\u00f3n. Tambi\u00e9n es posible el ba\u00f1o libre. Horarios El horario de apertura de la Piscina es el que se puede&hellip;","_links":{"self":[{"href":"https:\/\/esportscalp.es\/va\/wp-json\/wp\/v2\/pages\/2968","targetHints":{"allow":["GET"]}}],"collection":[{"href":"https:\/\/esportscalp.es\/va\/wp-json\/wp\/v2\/pages"}],"about":[{"href":"https:\/\/esportscalp.es\/va\/wp-json\/wp\/v2\/types\/page"}],"author":[{"embeddable":true,"href":"https:\/\/esportscalp.es\/va\/wp-json\/wp\/v2\/users\/1"}],"replies":[{"embeddable":true,"href":"https:\/\/esportscalp.es\/va\/wp-json\/wp\/v2\/comments?post=2968"}],"version-history":[{"count":39,"href":"https:\/\/esportscalp.es\/va\/wp-json\/wp\/v2\/pages\/2968\/revisions"}],"predecessor-version":[{"id":3114,"href":"https:\/\/esportscalp.es\/va\/wp-json\/wp\/v2\/pages\/2968\/revisions\/3114"}],"wp:featuredmedia":[{"embeddable":true,"href":"https:\/\/esportscalp.es\/va\/wp-json\/wp\/v2\/media\/3040"}],"wp:attachment":[{"href":"https:\/\/esportscalp.es\/va\/wp-json\/wp\/v2\/media?parent=2968"}],"curies":[{"name":"wp","href":"https:\/\/api.w.org\/{rel}","templated":true}]}}