{"id":2774,"date":"2026-02-02T21:03:02","date_gmt":"2026-02-02T21:03:02","guid":{"rendered":"https:\/\/esportscalp.es\/?page_id=2774"},"modified":"2026-02-12T17:36:39","modified_gmt":"2026-02-12T17:36:39","slug":"organigrama","status":"publish","type":"page","link":"https:\/\/esportscalp.es\/va\/organigrama\/","title":{"rendered":"Organigrama"},"content":{"rendered":"<div class=\"wp-block-group has-global-padding is-layout-constrained wp-block-group-is-layout-constrained\">\n<div class=\"wp-block-group is-layout-flow wp-block-group-is-layout-flow\">\n<div class=\"wp-block-columns is-layout-flex wp-container-core-columns-is-layout-28f84493 wp-block-columns-is-layout-flex\">\n<div class=\"wp-block-column is-layout-flow wp-block-column-is-layout-flow\" style=\"flex-basis:33.33%\">\n<figure class=\"wp-block-image size-large\"><img decoding=\"async\" src=\"https:\/\/www.diputacionalicante.es\/wp-content\/uploads\/2023\/08\/COMPROMIS-Joaquin-Perles.jpg\" alt=\"\"\/><\/figure>\n\n\n\n<div class=\"wp-block-uagb-container uagb-block-74aa59bc default uagb-is-root-container\">\n<div class=\"wp-block-uagb-advanced-heading uagb-block-0bda61e1\"><h2 class=\"uagb-heading-text\">Ximo Perles<\/h2><\/div>\n\n\n\n<p class=\"has-text-align-center\">Regidor d&#8217;Esports <a href=\"mailto:xperles@ajcalp.es\">xperles@ajcalp.es<\/a><\/p>\n<\/div>\n\n\n\n<div class=\"wp-block-uagb-container uagb-block-f3adce0e default uagb-is-root-container\">\n<ul class=\"wp-block-social-links has-icon-color is-style-logos-only is-layout-flex wp-block-social-links-is-layout-flex\"><li style=\"color:#6C6C77;\" class=\"wp-social-link wp-social-link-instagram has-lightgrey-color wp-block-social-link\"><a href=\"https:\/\/www.instagram.com\/ximo__perles\/\" class=\"wp-block-social-link-anchor\"><svg width=\"24\" height=\"24\" viewbox=\"0 0 24 24\" version=\"1.1\" xmlns=\"http:\/\/www.w3.org\/2000\/svg\" aria-hidden=\"true\" focusable=\"false\"><path d=\"M12,4.622c2.403,0,2.688,0.009,3.637,0.052c0.877,0.04,1.354,0.187,1.671,0.31c0.42,0.163,0.72,0.358,1.035,0.673 c0.315,0.315,0.51,0.615,0.673,1.035c0.123,0.317,0.27,0.794,0.31,1.671c0.043,0.949,0.052,1.234,0.052,3.637 s-0.009,2.688-0.052,3.637c-0.04,0.877-0.187,1.354-0.31,1.671c-0.163,0.42-0.358,0.72-0.673,1.035 c-0.315,0.315-0.615,0.51-1.035,0.673c-0.317,0.123-0.794,0.27-1.671,0.31c-0.949,0.043-1.233,0.052-3.637,0.052 s-2.688-0.009-3.637-0.052c-0.877-0.04-1.354-0.187-1.671-0.31c-0.42-0.163-0.72-0.358-1.035-0.673 c-0.315-0.315-0.51-0.615-0.673-1.035c-0.123-0.317-0.27-0.794-0.31-1.671C4.631,14.688,4.622,14.403,4.622,12 s0.009-2.688,0.052-3.637c0.04-0.877,0.187-1.354,0.31-1.671c0.163-0.42,0.358-0.72,0.673-1.035 c0.315-0.315,0.615-0.51,1.035-0.673c0.317-0.123,0.794-0.27,1.671-0.31C9.312,4.631,9.597,4.622,12,4.622 M12,3 C9.556,3,9.249,3.01,8.289,3.054C7.331,3.098,6.677,3.25,6.105,3.472C5.513,3.702,5.011,4.01,4.511,4.511 c-0.5,0.5-0.808,1.002-1.038,1.594C3.25,6.677,3.098,7.331,3.054,8.289C3.01,9.249,3,9.556,3,12c0,2.444,0.01,2.751,0.054,3.711 c0.044,0.958,0.196,1.612,0.418,2.185c0.23,0.592,0.538,1.094,1.038,1.594c0.5,0.5,1.002,0.808,1.594,1.038 c0.572,0.222,1.227,0.375,2.185,0.418C9.249,20.99,9.556,21,12,21s2.751-0.01,3.711-0.054c0.958-0.044,1.612-0.196,2.185-0.418 c0.592-0.23,1.094-0.538,1.594-1.038c0.5-0.5,0.808-1.002,1.038-1.594c0.222-0.572,0.375-1.227,0.418-2.185 C20.99,14.751,21,14.444,21,12s-0.01-2.751-0.054-3.711c-0.044-0.958-0.196-1.612-0.418-2.185c-0.23-0.592-0.538-1.094-1.038-1.594 c-0.5-0.5-1.002-0.808-1.594-1.038c-0.572-0.222-1.227-0.375-2.185-0.418C14.751,3.01,14.444,3,12,3L12,3z M12,7.378 c-2.552,0-4.622,2.069-4.622,4.622S9.448,16.622,12,16.622s4.622-2.069,4.622-4.622S14.552,7.378,12,7.378z M12,15 c-1.657,0-3-1.343-3-3s1.343-3,3-3s3,1.343,3,3S13.657,15,12,15z M16.804,6.116c-0.596,0-1.08,0.484-1.08,1.08 s0.484,1.08,1.08,1.08c0.596,0,1.08-0.484,1.08-1.08S17.401,6.116,16.804,6.116z\"><\/path><\/svg><span class=\"wp-block-social-link-label screen-reader-text\">Instagram<\/span><\/a><\/li>\n\n<li style=\"color:#6C6C77;\" class=\"wp-social-link wp-social-link-facebook has-lightgrey-color wp-block-social-link\"><a href=\"https:\/\/www.facebook.com\/ximo.perles\" class=\"wp-block-social-link-anchor\"><svg width=\"24\" height=\"24\" viewbox=\"0 0 24 24\" version=\"1.1\" xmlns=\"http:\/\/www.w3.org\/2000\/svg\" aria-hidden=\"true\" focusable=\"false\"><path d=\"M12 2C6.5 2 2 6.5 2 12c0 5 3.7 9.1 8.4 9.9v-7H7.9V12h2.5V9.8c0-2.5 1.5-3.9 3.8-3.9 1.1 0 2.2.2 2.2.2v2.5h-1.3c-1.2 0-1.6.8-1.6 1.6V12h2.8l-.4 2.9h-2.3v7C18.3 21.1 22 17 22 12c0-5.5-4.5-10-10-10z\"><\/path><\/svg><span class=\"wp-block-social-link-label screen-reader-text\">Facebook<\/span><\/a><\/li>\n\n<li style=\"color:#6C6C77;\" class=\"wp-social-link wp-social-link-mail has-lightgrey-color wp-block-social-link\"><a href=\"mailto:xperles@ajcalp.es\" class=\"wp-block-social-link-anchor\"><svg width=\"24\" height=\"24\" viewbox=\"0 0 24 24\" version=\"1.1\" xmlns=\"http:\/\/www.w3.org\/2000\/svg\" aria-hidden=\"true\" focusable=\"false\"><path d=\"M19,5H5c-1.1,0-2,.9-2,2v10c0,1.1.9,2,2,2h14c1.1,0,2-.9,2-2V7c0-1.1-.9-2-2-2zm.5,12c0,.3-.2.5-.5.5H5c-.3,0-.5-.2-.5-.5V9.8l7.5,5.6,7.5-5.6V17zm0-9.1L12,13.6,4.5,7.9V7c0-.3.2-.5.5-.5h14c.3,0,.5.2.5.5v.9z\"><\/path><\/svg><span class=\"wp-block-social-link-label screen-reader-text\">Mail<\/span><\/a><\/li><\/ul>\n<\/div>\n<\/div>\n\n\n\n<div class=\"wp-block-column is-layout-flow wp-block-column-is-layout-flow\"><\/div>\n\n\n\n<div class=\"wp-block-column is-layout-flow wp-block-column-is-layout-flow\" style=\"flex-basis:66.66%\">\n<p>L'esport forma part del dia a dia de Calp. Est\u00e0 en els nostres clubs, en les nostres instal\u00b7lacions, en la mar, a la muntanya i en cada persona que dedica el seu temps a cuidar-se i a gaudir fent esport.<\/p>\n\n\n\n<p class=\"translation-block\">Amb <strong>esportscalp.es<\/strong> fem un pas m\u00e9s per a acostar tota eixa activitat esportiva a la ciutadania. Aquesta web vol ser una eina \u00fatil, clara i accessible, on trobar informaci\u00f3 sobre instal\u00b7lacions, activitats, clubs, esdeveniments i tot el que es mou entorn de l'esport en el nostre municipi.<\/p>\n\n\n\n<p>Des de la Regidoria d'Esports continuem treballant per a millorar els serveis esportius, fer costat als nostres clubs i fomentar la pr\u00e0ctica esportiva en totes les edats, des de l'esport base fins a la competici\u00f3, sense oblidar l'activitat f\u00edsica com a h\u00e0bit saludable.<\/p>\n\n\n\n<p>Us anime a trastejar aquesta nova web, a participar i a continuar fent de l'esport una part essencial de Calp.<\/p>\n\n\n\n<p>Salutacions.<\/p>\n<\/div>\n\n\n\n<div class=\"wp-block-column is-layout-flow wp-block-column-is-layout-flow\"><\/div>\n<\/div>\n<\/div>\n\n\n\n<div style=\"height:46px\" aria-hidden=\"true\" class=\"wp-block-spacer\"><\/div>\n\n\n\n<div class=\"wp-block-uagb-advanced-heading uagb-block-b9d21f53\"><h2 class=\"uagb-heading-text\"><strong>Organigrama i funcionament de la Regidoria d'Esports<\/strong><\/h2><\/div>\n\n\n\n<p>La Regidoria d'Esports de l'Ajuntament de Calp treballa amb l'objectiu de fomentar la pr\u00e0ctica de l'activitat f\u00edsica i l'esport en tots els seus vessants, des de l'impuls de l'esport base fins al suport als clubs i entitats esportives del municipi. La seua labor es desenvolupa a trav\u00e9s d'una organitzaci\u00f3 coordinada, orientada a oferir un servei p\u00fablic efica\u00e7, pr\u00f2xim i de qualitat per a la ciutadania.<\/p>\n\n\n\n<div style=\"height:20px\" aria-hidden=\"true\" class=\"wp-block-spacer\"><\/div>\n\n\n\n<div class=\"wp-block-group is-layout-flow wp-block-group-is-layout-flow\">\n<div style=\"height:0px\" aria-hidden=\"true\" class=\"wp-block-spacer\"><\/div>\n\n\n\n<div class=\"wp-block-columns is-layout-flex wp-container-core-columns-is-layout-28f84493 wp-block-columns-is-layout-flex\">\n<div class=\"wp-block-column is-style-default is-layout-flow wp-block-column-is-layout-flow\" style=\"border-style:none;border-width:0px;padding-top:0;padding-right:0;padding-bottom:0;padding-left:0\">\n<h2 class=\"wp-block-heading\"><em><mark style=\"background-color:rgba(0, 0, 0, 0)\" class=\"has-inline-color has-tertiary-color\">\/ per cobrir vacant \/<\/mark><\/em><\/h2>\n\n\n\n<p>Direcci\u00f3 d'\u00e0rea d'esports, cultura i educaci\u00f3 (t\u00e8cnic d'administraci\u00f3 general A1)<\/p>\n\n\n\n<p><\/p>\n<\/div>\n\n\n\n<div class=\"wp-block-column is-style-default is-layout-flow wp-block-column-is-layout-flow\" style=\"border-style:none;border-width:0px;padding-top:0;padding-right:0;padding-bottom:0;padding-left:0\">\n<h2 class=\"wp-block-heading\">Pedro Andr\u00e9s Tur Cabrera<\/h2>\n\n\n\n<p>Funcionari cap del departament d'esports (t\u00e8cnic mitj\u00e0 de gesti\u00f3 A2)<\/p>\n\n\n\n<p><a href=\"mailto:ptur@ajcalp.es\" target=\"_blank\" rel=\"noopener\" title=\"\">ptur@ajcalp.es<\/a><\/p>\n<\/div>\n\n\n\n<div class=\"wp-block-column is-style-default is-layout-flow wp-block-column-is-layout-flow\" style=\"border-style:none;border-width:0px;padding-top:0;padding-right:0;padding-bottom:0;padding-left:0\">\n<h2 class=\"wp-block-heading\">Manolo Mart\u00ednez Urbano<\/h2>\n\n\n\n<p>Coordinador esportiu, responsable de la disponibilitat d'espais i reserves (C1)<\/p>\n\n\n\n<p><a href=\"mailto:ptur@ajcalp.es\" target=\"_blank\" rel=\"noopener\" title=\"\"><a href=\"mailto:mmartinez@ajcalp.es\" target=\"_blank\" rel=\"noopener\" title=\"\">mmartinez@ajcalp.es<\/a><\/a><\/p>\n<\/div>\n<\/div>\n\n\n\n<div style=\"height:36px\" aria-hidden=\"true\" class=\"wp-block-spacer\"><\/div>\n\n\n\n<div style=\"height:0px\" aria-hidden=\"true\" class=\"wp-block-spacer\"><\/div>\n\n\n\n<div class=\"wp-block-columns is-layout-flex wp-container-core-columns-is-layout-28f84493 wp-block-columns-is-layout-flex\">\n<div class=\"wp-block-column is-style-default is-layout-flow wp-block-column-is-layout-flow\" style=\"border-style:none;border-width:0px;padding-top:0;padding-right:0;padding-bottom:0;padding-left:0\">\n<h2 class=\"wp-block-heading\">Carlos Ib\u00e1\u00f1ez Vives<\/h2>\n\n\n\n<p>Assessor de l'equip de govern local adscrit al departament d'esports<\/p>\n\n\n\n<p><a href=\"mailto:mmartinez@ajcalp.es\" target=\"_blank\" rel=\"noopener\" title=\"\"><\/a><a href=\"mailto:cibanez@ajcalp.es\" target=\"_blank\" rel=\"noopener\" title=\"\">cibanez@ajcalp.es<\/a> \/ <a href=\"call:663500511\" title=\"\">663 500 511<\/a><\/p>\n<\/div>\n\n\n\n<div class=\"wp-block-column is-style-default is-layout-flow wp-block-column-is-layout-flow\" style=\"border-style:none;border-width:0px;padding-top:0;padding-right:0;padding-bottom:0;padding-left:0\">\n<h2 class=\"wp-block-heading\">Jos\u00e9 Mu\u00f1oz Heredia<\/h2>\n\n\n\n<p>Conserge d'esports responsable de treballs administratius<\/p>\n\n\n\n<p><a href=\"mailto:jmunoz@ajcalp.es\" target=\"_blank\" rel=\"noopener\" title=\"\">jmunoz@ajcalp.es<\/a><\/p>\n<\/div>\n\n\n\n<div class=\"wp-block-column is-style-default is-layout-flow wp-block-column-is-layout-flow\" style=\"border-style:none;border-width:0px;padding-top:0;padding-right:0;padding-bottom:0;padding-left:0\">\n<h2 class=\"wp-block-heading\">Manuel Vicente Garc\u00eda<\/h2>\n\n\n\n<p>Conserge d'esports (torn de dem\u00e0), auxiliar de manteniment<\/p>\n<\/div>\n<\/div>\n\n\n\n<div style=\"height:36px\" aria-hidden=\"true\" class=\"wp-block-spacer\"><\/div>\n\n\n\n<div class=\"wp-block-columns is-layout-flex wp-container-core-columns-is-layout-28f84493 wp-block-columns-is-layout-flex\">\n<div class=\"wp-block-column is-style-default is-layout-flow wp-block-column-is-layout-flow\" style=\"border-style:none;border-width:0px;padding-top:0;padding-right:0;padding-bottom:0;padding-left:0\">\n<h2 class=\"wp-block-heading\">Israel Rodr\u00edguez S\u00e1nchez<\/h2>\n\n\n\n<p>Conserge d'esports (torn de mat\u00ed)<\/p>\n<\/div>\n\n\n\n<div class=\"wp-block-column is-style-default is-layout-flow wp-block-column-is-layout-flow\" style=\"border-style:none;border-width:0px;padding-top:0;padding-right:0;padding-bottom:0;padding-left:0\">\n<h2 class=\"wp-block-heading\">Vicente Urbano Cuenta<\/h2>\n\n\n\n<p>Conserge d'esports (torn de mat\u00ed)<\/p>\n<\/div>\n\n\n\n<div class=\"wp-block-column is-style-default is-layout-flow wp-block-column-is-layout-flow\" style=\"border-style:none;border-width:0px;padding-top:0;padding-right:0;padding-bottom:0;padding-left:0\">\n<h2 class=\"wp-block-heading\">Jaume Moll Bertomeu<\/h2>\n\n\n\n<p>Conserge d'esports (torn de vesprada 7\/7, parells)<\/p>\n<\/div>\n<\/div>\n\n\n\n<div style=\"height:26px\" aria-hidden=\"true\" class=\"wp-block-spacer\"><\/div>\n\n\n\n<div class=\"wp-block-columns is-layout-flex wp-container-core-columns-is-layout-28f84493 wp-block-columns-is-layout-flex\">\n<div class=\"wp-block-column is-style-default is-layout-flow wp-block-column-is-layout-flow\" style=\"border-style:none;border-width:0px;padding-top:0;padding-right:0;padding-bottom:0;padding-left:0\">\n<h2 class=\"wp-block-heading\">Pedro G\u00f3mez Cardo<\/h2>\n\n\n\n<p class=\"has-text-align-left\">Conserge d'esports (torn de vesprada 7\/7, parells)<\/p>\n<\/div>\n\n\n\n<div class=\"wp-block-column is-style-default is-layout-flow wp-block-column-is-layout-flow\" style=\"border-style:none;border-width:0px;padding-top:0;padding-right:0;padding-bottom:0;padding-left:0\">\n<h2 class=\"wp-block-heading\">Guillermo Rodr\u00edguez Rubio<\/h2>\n\n\n\n<p>Conserge d'esports (torn de vesprada L-V)<\/p>\n<\/div>\n\n\n\n<div class=\"wp-block-column is-style-default is-layout-flow wp-block-column-is-layout-flow\" style=\"border-style:none;border-width:0px;padding-top:0;padding-right:0;padding-bottom:0;padding-left:0\">\n<h2 class=\"wp-block-heading\">Antonio Plaza Garc\u00eda<\/h2>\n\n\n\n<p>Conserge d'esports (torn de vesprada 7\/7, imparell)<\/p>\n<\/div>\n<\/div>\n\n\n\n<div style=\"height:29px\" aria-hidden=\"true\" class=\"wp-block-spacer\"><\/div>\n\n\n\n<div class=\"wp-block-columns is-layout-flex wp-container-core-columns-is-layout-28f84493 wp-block-columns-is-layout-flex\">\n<div class=\"wp-block-column is-style-default is-layout-flow wp-block-column-is-layout-flow\" style=\"border-style:none;border-width:0px;padding-top:0;padding-right:0;padding-bottom:0;padding-left:0\">\n<div class=\"wp-block-columns is-layout-flex wp-container-core-columns-is-layout-28f84493 wp-block-columns-is-layout-flex\">\n<div class=\"wp-block-column is-layout-flow wp-block-column-is-layout-flow\" style=\"flex-basis:33.34%\">\n<div class=\"wp-block-uagb-advanced-heading uagb-block-71237fb6\"><h2 class=\"uagb-heading-text\">Juan Bautista Boronat<\/h2><\/div>\n\n\n\n<p>Conserge d'esports (torn de vesprada 7\/7, imparell)<\/p>\n<\/div>\n\n\n\n<div class=\"wp-block-column is-layout-flow wp-block-column-is-layout-flow\" style=\"flex-basis:33.34%\"><\/div>\n\n\n\n<div class=\"wp-block-column is-layout-flow wp-block-column-is-layout-flow\" style=\"flex-basis:33.33%\"><\/div>\n<\/div>\n<\/div>\n<\/div>\n\n\n\n<div style=\"height:36px\" aria-hidden=\"true\" class=\"wp-block-spacer\"><\/div>\n<\/div>\n<\/div>","protected":false},"excerpt":{"rendered":"<p>Ximo Perles Regidor d&#8217;Esports xperles@ajcalp.es El deporte forma parte del d\u00eda a d\u00eda de Calp. Est\u00e1 en nuestros clubes, en nuestras instalaciones, en el mar, en la monta\u00f1a y en cada persona que dedica su tiempo a cuidarse y a disfrutar haciendo deporte. Con esportscalp.es damos un paso m\u00e1s para acercar toda esa actividad deportiva &hellip; <\/p>\n<p class=\"link-more\"><a href=\"https:\/\/esportscalp.es\/va\/organigrama\/\" class=\"more-link\">Read more<span class=\"screen-reader-text\"> \u00abOrganigrama\u00bb<\/span><\/a><\/p>","protected":false},"author":1,"featured_media":3176,"parent":0,"menu_order":0,"comment_status":"closed","ping_status":"closed","template":"","meta":{"_uag_custom_page_level_css":"","inspiro_hide_title":false,"footnotes":""},"class_list":["post-2774","page","type-page","status-publish","has-post-thumbnail","hentry"],"aioseo_notices":[],"uagb_featured_image_src":{"full":["https:\/\/esportscalp.es\/wp-content\/uploads\/2026\/02\/4-scaled.png",2560,1489,false],"thumbnail":["https:\/\/esportscalp.es\/wp-content\/uploads\/2026\/02\/4-150x150.png",150,150,true],"medium":["https:\/\/esportscalp.es\/wp-content\/uploads\/2026\/02\/4-300x175.png",300,175,true],"medium_large":["https:\/\/esportscalp.es\/wp-content\/uploads\/2026\/02\/4-scaled.png",768,447,false],"large":["https:\/\/esportscalp.es\/wp-content\/uploads\/2026\/02\/4-1024x596.png",950,553,true],"1536x1536":["https:\/\/esportscalp.es\/wp-content\/uploads\/2026\/02\/4-scaled-1536x893.png",1536,893,true],"2048x2048":["https:\/\/esportscalp.es\/wp-content\/uploads\/2026\/02\/4-scaled-2048x1191.png",2048,1191,true],"trp-custom-language-flag":["https:\/\/esportscalp.es\/wp-content\/uploads\/2026\/02\/4-scaled-18x10.png",18,10,true],"inspiro-featured-image":["https:\/\/esportscalp.es\/wp-content\/uploads\/2026\/02\/4-2000x1164.png",2000,1164,true],"inspiro-loop":["https:\/\/esportscalp.es\/wp-content\/uploads\/2026\/02\/4-950x320.png",950,320,true],"inspiro-loop@2x":["https:\/\/esportscalp.es\/wp-content\/uploads\/2026\/02\/4-1900x640.png",1900,640,true]},"uagb_author_info":{"display_name":"@esportscalp","author_link":"https:\/\/esportscalp.es\/va\/author\/esportscalpgmail-com\/"},"uagb_comment_info":0,"uagb_excerpt":"Ximo Perles Regidor d&#8217;Esports xperles@ajcalp.es El deporte forma parte del d\u00eda a d\u00eda de Calp. Est\u00e1 en nuestros clubes, en nuestras instalaciones, en el mar, en la monta\u00f1a y en cada persona que dedica su tiempo a cuidarse y a disfrutar haciendo deporte. Con esportscalp.es damos un paso m\u00e1s para acercar toda esa actividad deportiva&hellip;","_links":{"self":[{"href":"https:\/\/esportscalp.es\/va\/wp-json\/wp\/v2\/pages\/2774","targetHints":{"allow":["GET"]}}],"collection":[{"href":"https:\/\/esportscalp.es\/va\/wp-json\/wp\/v2\/pages"}],"about":[{"href":"https:\/\/esportscalp.es\/va\/wp-json\/wp\/v2\/types\/page"}],"author":[{"embeddable":true,"href":"https:\/\/esportscalp.es\/va\/wp-json\/wp\/v2\/users\/1"}],"replies":[{"embeddable":true,"href":"https:\/\/esportscalp.es\/va\/wp-json\/wp\/v2\/comments?post=2774"}],"version-history":[{"count":27,"href":"https:\/\/esportscalp.es\/va\/wp-json\/wp\/v2\/pages\/2774\/revisions"}],"predecessor-version":[{"id":3183,"href":"https:\/\/esportscalp.es\/va\/wp-json\/wp\/v2\/pages\/2774\/revisions\/3183"}],"wp:featuredmedia":[{"embeddable":true,"href":"https:\/\/esportscalp.es\/va\/wp-json\/wp\/v2\/media\/3176"}],"wp:attachment":[{"href":"https:\/\/esportscalp.es\/va\/wp-json\/wp\/v2\/media?parent=2774"}],"curies":[{"name":"wp","href":"https:\/\/api.w.org\/{rel}","templated":true}]}}