{"id":2472,"date":"2025-02-12T16:53:49","date_gmt":"2025-02-12T16:53:49","guid":{"rendered":"https:\/\/wheat-gerbil-457605.hostingersite.com\/?page_id=2472"},"modified":"2026-02-13T09:32:23","modified_gmt":"2026-02-13T09:32:23","slug":"clubs","status":"publish","type":"page","link":"https:\/\/esportscalp.es\/va\/clubs\/","title":{"rendered":"Entitats esportives de Calp"},"content":{"rendered":"<figure class=\"wp-block-table\"><table class=\"has-fixed-layout\"><tbody><tr><td class=\"has-text-align-center translation-block\" data-align=\"center\"><strong>LOGOTIP<\/strong> \/ <strong>ESCUT<\/strong><\/td><td class=\"has-text-align-center\" data-align=\"center\"><strong>NOM<\/strong><\/td><td class=\"has-text-align-center\" data-align=\"center\"><strong>ACTIVITAT<\/strong><\/td><td class=\"has-text-align-center\" data-align=\"center\"><strong>CONTACTE<\/strong><\/td><td class=\"has-text-align-center\" data-align=\"center\"><strong>TEL\u00c8FON M\u00d2BIL<\/strong><\/td><\/tr><tr><td class=\"has-text-align-center\" data-align=\"center\"><img loading=\"lazy\" decoding=\"async\" width=\"150\" height=\"150\" class=\"wp-image-2529\" style=\"width: 150px;\" src=\"https:\/\/esportscalp.es\/wp-content\/uploads\/2025\/02\/416107408_671474385201433_8086933052571802866_n-edited-1.jpg\" alt=\"\" srcset=\"https:\/\/esportscalp.es\/wp-content\/uploads\/2025\/02\/416107408_671474385201433_8086933052571802866_n-edited-1.jpg 649w, https:\/\/esportscalp.es\/wp-content\/uploads\/2025\/02\/416107408_671474385201433_8086933052571802866_n-edited-1-300x300.jpg 300w, https:\/\/esportscalp.es\/wp-content\/uploads\/2025\/02\/416107408_671474385201433_8086933052571802866_n-edited-1-150x150.jpg 150w, https:\/\/esportscalp.es\/wp-content\/uploads\/2025\/02\/416107408_671474385201433_8086933052571802866_n-edited-1-12x12.jpg 12w\" sizes=\"auto, (max-width: 150px) 100vw, 150px\" \/><\/td><td class=\"has-text-align-center\" data-align=\"center\"><strong>UD CALPE<\/strong><\/td><td class=\"has-text-align-center\" data-align=\"center\">Futbol<\/td><td class=\"has-text-align-center\" data-align=\"center\"><a href=\"mailto:udcalpe@gmail.com\">udcalpe@gmail.com<\/a><\/td><td class=\"has-text-align-center\" data-align=\"center\">607 388 940<\/td><\/tr><tr><td class=\"has-text-align-center\" data-align=\"center\"><img loading=\"lazy\" decoding=\"async\" width=\"150\" height=\"150\" class=\"wp-image-2625\" style=\"width: 150px;\" src=\"https:\/\/esportscalp.es\/wp-content\/uploads\/2025\/09\/310400009_622949942603795_171643083387582846_n-2.jpg\" alt=\"\" srcset=\"https:\/\/esportscalp.es\/wp-content\/uploads\/2025\/09\/310400009_622949942603795_171643083387582846_n-2.jpg 960w, https:\/\/esportscalp.es\/wp-content\/uploads\/2025\/09\/310400009_622949942603795_171643083387582846_n-2-300x300.jpg 300w, https:\/\/esportscalp.es\/wp-content\/uploads\/2025\/09\/310400009_622949942603795_171643083387582846_n-2-150x150.jpg 150w, https:\/\/esportscalp.es\/wp-content\/uploads\/2025\/09\/310400009_622949942603795_171643083387582846_n-2-12x12.jpg 12w\" sizes=\"auto, (max-width: 150px) 100vw, 150px\" \/><\/td><td class=\"has-text-align-center\" data-align=\"center\"><strong>CB IFACH CALPE<\/strong><\/td><td class=\"has-text-align-center\" data-align=\"center\">B\u00e0squet<\/td><td class=\"has-text-align-center\" data-align=\"center\"><a href=\"mailto:basketcalpe@gmail.com\">basketcalpe@gmail.com<\/a><\/td><td class=\"has-text-align-center\" data-align=\"center\">615 134 466<\/td><\/tr><tr><td class=\"has-text-align-center\" data-align=\"center\"><img loading=\"lazy\" decoding=\"async\" width=\"150\" height=\"150\" class=\"wp-image-2687\" style=\"width: 150px;\" src=\"https:\/\/esportscalp.es\/wp-content\/uploads\/2025\/12\/302171028_499600412169887_8425696843315059539_n.jpg\" alt=\"\" srcset=\"https:\/\/esportscalp.es\/wp-content\/uploads\/2025\/12\/302171028_499600412169887_8425696843315059539_n.jpg 1576w, https:\/\/esportscalp.es\/wp-content\/uploads\/2025\/12\/302171028_499600412169887_8425696843315059539_n-300x300.jpg 300w, https:\/\/esportscalp.es\/wp-content\/uploads\/2025\/12\/302171028_499600412169887_8425696843315059539_n-1024x1024.jpg 1024w, https:\/\/esportscalp.es\/wp-content\/uploads\/2025\/12\/302171028_499600412169887_8425696843315059539_n-150x150.jpg 150w, https:\/\/esportscalp.es\/wp-content\/uploads\/2025\/12\/302171028_499600412169887_8425696843315059539_n-12x12.jpg 12w\" sizes=\"auto, (max-width: 150px) 100vw, 150px\" \/><\/td><td class=\"has-text-align-center\" data-align=\"center\"><strong>CD CALPE FUTSAL<\/strong><\/td><td class=\"has-text-align-center\" data-align=\"center\">Futbol Sala<\/td><td class=\"has-text-align-center\" data-align=\"center\"><a href=\"mailto:calpefutsal@gmail.com\">calpefutsal@gmail.com<\/a><\/td><td class=\"has-text-align-center\" data-align=\"center\">626 242 465<\/td><\/tr><tr><td class=\"has-text-align-center\" data-align=\"center\"><img loading=\"lazy\" decoding=\"async\" width=\"150\" height=\"153\" class=\"wp-image-2689\" style=\"width: 150px;\" src=\"https:\/\/esportscalp.es\/wp-content\/uploads\/2025\/12\/logo-club-calpe-2.jpg\" alt=\"\" srcset=\"https:\/\/esportscalp.es\/wp-content\/uploads\/2025\/12\/logo-club-calpe-2.jpg 941w, https:\/\/esportscalp.es\/wp-content\/uploads\/2025\/12\/logo-club-calpe-2-295x300.jpg 295w, https:\/\/esportscalp.es\/wp-content\/uploads\/2025\/12\/logo-club-calpe-2-12x12.jpg 12w\" sizes=\"auto, (max-width: 150px) 100vw, 150px\" \/><\/td><td class=\"has-text-align-center\" data-align=\"center\"><strong>CLUB GIMNASIA CALPE<\/strong><\/td><td class=\"has-text-align-center\" data-align=\"center\">Gimn\u00e0stica R\u00edtmica<\/td><td class=\"has-text-align-center\" data-align=\"center\"><a href=\"mailto:clubgimnasiacalpe@gmail.com\">clubgimnasiacalpe@gmail.com<\/a><\/td><td class=\"has-text-align-center\" data-align=\"center\">647 288 187<\/td><\/tr><tr><td class=\"has-text-align-center\" data-align=\"center\"><img loading=\"lazy\" decoding=\"async\" width=\"150\" height=\"150\" class=\"wp-image-2691\" style=\"width: 150px;\" src=\"https:\/\/esportscalp.es\/wp-content\/uploads\/2025\/12\/channels4_profile.jpg\" alt=\"\" srcset=\"https:\/\/esportscalp.es\/wp-content\/uploads\/2025\/12\/channels4_profile.jpg 900w, https:\/\/esportscalp.es\/wp-content\/uploads\/2025\/12\/channels4_profile-300x300.jpg 300w, https:\/\/esportscalp.es\/wp-content\/uploads\/2025\/12\/channels4_profile-150x150.jpg 150w, https:\/\/esportscalp.es\/wp-content\/uploads\/2025\/12\/channels4_profile-12x12.jpg 12w\" sizes=\"auto, (max-width: 150px) 100vw, 150px\" \/><\/td><td class=\"has-text-align-center\" data-align=\"center\"><strong>CLUB LES MARINES<\/strong><\/td><td class=\"has-text-align-center\" data-align=\"center\">Gimn\u00e0stica R\u00edtmica<\/td><td class=\"has-text-align-center\" data-align=\"center\"><a href=\"mailto:cglesmarines@hotmail.com\">cglesmarines@hotmail.com<\/a><\/td><td class=\"has-text-align-center\" data-align=\"center\">608 631 072<\/td><\/tr><tr><td class=\"has-text-align-center\" data-align=\"center\"><img loading=\"lazy\" decoding=\"async\" width=\"120\" height=\"170\" class=\"wp-image-2688\" style=\"width: 120px;\" src=\"https:\/\/esportscalp.es\/wp-content\/uploads\/2025\/12\/CV-IFACH-723x1024-1.png\" alt=\"\" srcset=\"https:\/\/esportscalp.es\/wp-content\/uploads\/2025\/12\/CV-IFACH-723x1024-1.png 723w, https:\/\/esportscalp.es\/wp-content\/uploads\/2025\/12\/CV-IFACH-723x1024-1-212x300.png 212w, https:\/\/esportscalp.es\/wp-content\/uploads\/2025\/12\/CV-IFACH-723x1024-1-8x12.png 8w\" sizes=\"auto, (max-width: 120px) 100vw, 120px\" \/><\/td><td class=\"has-text-align-center\" data-align=\"center\"><strong>VOLEY IFACH<\/strong><\/td><td class=\"has-text-align-center\" data-align=\"center\">Voleibol<\/td><td class=\"has-text-align-center\" data-align=\"center\"><a href=\"mailto:clubvoleibolifach@gmail.com\">clubvoleibolifach@gmail.com<\/a><\/td><td class=\"has-text-align-center\" data-align=\"center\">634 045 634<\/td><\/tr><tr><td class=\"has-text-align-center\" data-align=\"center\"><img loading=\"lazy\" decoding=\"async\" width=\"150\" height=\"150\" class=\"wp-image-2703\" style=\"width: 150px;\" src=\"https:\/\/esportscalp.es\/wp-content\/uploads\/2025\/12\/298591341_548686797048547_3470996414836167995_n.jpg\" alt=\"\" srcset=\"https:\/\/esportscalp.es\/wp-content\/uploads\/2025\/12\/298591341_548686797048547_3470996414836167995_n.jpg 1365w, https:\/\/esportscalp.es\/wp-content\/uploads\/2025\/12\/298591341_548686797048547_3470996414836167995_n-300x300.jpg 300w, https:\/\/esportscalp.es\/wp-content\/uploads\/2025\/12\/298591341_548686797048547_3470996414836167995_n-1024x1024.jpg 1024w, https:\/\/esportscalp.es\/wp-content\/uploads\/2025\/12\/298591341_548686797048547_3470996414836167995_n-150x150.jpg 150w, https:\/\/esportscalp.es\/wp-content\/uploads\/2025\/12\/298591341_548686797048547_3470996414836167995_n-12x12.jpg 12w\" sizes=\"auto, (max-width: 150px) 100vw, 150px\" \/><\/td><td class=\"has-text-align-center\" data-align=\"center\"><strong>CLUB PILOTA CALP<\/strong><\/td><td class=\"has-text-align-center\" data-align=\"center\">Pilota Valenciana<\/td><td class=\"has-text-align-center\" data-align=\"center\"><a href=\"mailto:albertomolines14@gmail.com\">albertomolines14@gmail.com<\/a><\/td><td class=\"has-text-align-center\" data-align=\"center\">638 678 496<\/td><\/tr><tr><td class=\"has-text-align-center\" data-align=\"center\"><img loading=\"lazy\" decoding=\"async\" width=\"150\" height=\"150\" class=\"wp-image-2637\" style=\"width: 150px;\" src=\"https:\/\/esportscalp.es\/wp-content\/uploads\/2025\/09\/LOGO3D.jpg\" alt=\"\" srcset=\"https:\/\/esportscalp.es\/wp-content\/uploads\/2025\/09\/LOGO3D.jpg 1812w, https:\/\/esportscalp.es\/wp-content\/uploads\/2025\/09\/LOGO3D-300x300.jpg 300w, https:\/\/esportscalp.es\/wp-content\/uploads\/2025\/09\/LOGO3D-1024x1024.jpg 1024w, https:\/\/esportscalp.es\/wp-content\/uploads\/2025\/09\/LOGO3D-150x150.jpg 150w, https:\/\/esportscalp.es\/wp-content\/uploads\/2025\/09\/LOGO3D-12x12.jpg 12w\" sizes=\"auto, (max-width: 150px) 100vw, 150px\" \/><\/td><td class=\"has-text-align-center\" data-align=\"center\"><strong>REAL CLUB N\u00c1UTICO DE CALPE<\/strong><\/td><td class=\"has-text-align-center\" data-align=\"center\">Club N\u00e0utic (vela)<\/td><td class=\"has-text-align-center\" data-align=\"center\"><a href=\"mailto:info@rcnc.es\" target=\"_blank\" rel=\"noreferrer noopener\">info@rcnc.es<\/a><\/td><td class=\"has-text-align-center\" data-align=\"center\">965 83 18 09<\/td><\/tr><tr><td class=\"has-text-align-center\" data-align=\"center\"><img loading=\"lazy\" decoding=\"async\" width=\"150\" height=\"150\" class=\"wp-image-2637\" style=\"width: 150px;\" src=\"https:\/\/esportscalp.es\/wp-content\/uploads\/2025\/09\/LOGO3D.jpg\" alt=\"\" srcset=\"https:\/\/esportscalp.es\/wp-content\/uploads\/2025\/09\/LOGO3D.jpg 1812w, https:\/\/esportscalp.es\/wp-content\/uploads\/2025\/09\/LOGO3D-300x300.jpg 300w, https:\/\/esportscalp.es\/wp-content\/uploads\/2025\/09\/LOGO3D-1024x1024.jpg 1024w, https:\/\/esportscalp.es\/wp-content\/uploads\/2025\/09\/LOGO3D-150x150.jpg 150w, https:\/\/esportscalp.es\/wp-content\/uploads\/2025\/09\/LOGO3D-12x12.jpg 12w\" sizes=\"auto, (max-width: 150px) 100vw, 150px\" \/><\/td><td class=\"has-text-align-center\" data-align=\"center\"><strong>SECCI\u00d3 REM RCNC<\/strong><\/td><td class=\"has-text-align-center\" data-align=\"center\">Rem<\/td><td class=\"has-text-align-center\" data-align=\"center\"><a href=\"mailto:remo@rcnc.es\">remo@rcnc.es<\/a><\/td><td class=\"has-text-align-center\" data-align=\"center\">965 83 18 09<\/td><\/tr><tr><td class=\"has-text-align-center\" data-align=\"center\"><img loading=\"lazy\" decoding=\"async\" width=\"130\" height=\"197\" class=\"wp-image-2640\" style=\"width: 130px;\" src=\"https:\/\/esportscalp.es\/wp-content\/uploads\/2025\/09\/loco-taewk.png\" alt=\"\" srcset=\"https:\/\/esportscalp.es\/wp-content\/uploads\/2025\/09\/loco-taewk.png 695w, https:\/\/esportscalp.es\/wp-content\/uploads\/2025\/09\/loco-taewk-198x300.png 198w, https:\/\/esportscalp.es\/wp-content\/uploads\/2025\/09\/loco-taewk-675x1024.png 675w, https:\/\/esportscalp.es\/wp-content\/uploads\/2025\/09\/loco-taewk-8x12.png 8w\" sizes=\"auto, (max-width: 130px) 100vw, 130px\" \/><\/td><td class=\"has-text-align-center\" data-align=\"center\"><strong>CLUB ATHENEA CALP<\/strong><\/td><td class=\"has-text-align-center\" data-align=\"center\">Taekwondo<\/td><td class=\"has-text-align-center\" data-align=\"center\"><a href=\"mailto:clubdetaekwondoathenea@gmail.com\" target=\"_blank\" rel=\"noreferrer noopener\">clubdetaekwondoathenea@gmail.com<\/a><\/td><td class=\"has-text-align-center\" data-align=\"center\">637 306 098<\/td><\/tr><tr><td class=\"has-text-align-center\" data-align=\"center\"><img loading=\"lazy\" decoding=\"async\" width=\"130\" height=\"187\" class=\"wp-image-2636\" style=\"width: 130px;\" src=\"https:\/\/esportscalp.es\/wp-content\/uploads\/2025\/09\/hhjh.png\" alt=\"\" srcset=\"https:\/\/esportscalp.es\/wp-content\/uploads\/2025\/09\/hhjh.png 489w, https:\/\/esportscalp.es\/wp-content\/uploads\/2025\/09\/hhjh-208x300.png 208w, https:\/\/esportscalp.es\/wp-content\/uploads\/2025\/09\/hhjh-8x12.png 8w\" sizes=\"auto, (max-width: 130px) 100vw, 130px\" \/><\/td><td class=\"has-text-align-center\" data-align=\"center\"><strong>CLUB DE TENIS CALP<\/strong><\/td><td class=\"has-text-align-center\" data-align=\"center\">Tenis<\/td><td class=\"has-text-align-center\" data-align=\"center\"><a href=\"mailto:clubdeteniscalpe@gmail.com\" target=\"_blank\" rel=\"noreferrer noopener\">clubdeteniscalpe@gmail.com<\/a><\/td><td class=\"has-text-align-center\" data-align=\"center\">605 894 684<\/td><\/tr><tr><td class=\"has-text-align-center\" data-align=\"center\"><img loading=\"lazy\" decoding=\"async\" width=\"150\" height=\"150\" class=\"wp-image-2692\" style=\"width: 150px;\" src=\"https:\/\/esportscalp.es\/wp-content\/uploads\/2025\/12\/Logo-50-anos-de-muntaya_1.png\" alt=\"\" srcset=\"https:\/\/esportscalp.es\/wp-content\/uploads\/2025\/12\/Logo-50-anos-de-muntaya_1.png 2000w, https:\/\/esportscalp.es\/wp-content\/uploads\/2025\/12\/Logo-50-anos-de-muntaya_1-300x300.png 300w, https:\/\/esportscalp.es\/wp-content\/uploads\/2025\/12\/Logo-50-anos-de-muntaya_1-1024x1024.png 1024w, https:\/\/esportscalp.es\/wp-content\/uploads\/2025\/12\/Logo-50-anos-de-muntaya_1-150x150.png 150w, https:\/\/esportscalp.es\/wp-content\/uploads\/2025\/12\/Logo-50-anos-de-muntaya_1-12x12.png 12w\" sizes=\"auto, (max-width: 150px) 100vw, 150px\" \/><\/td><td class=\"has-text-align-center\" data-align=\"center\"><strong>GRUP MUNTANYA CALP<\/strong><\/td><td class=\"has-text-align-center\" data-align=\"center\">Trail \/ Senderisme<\/td><td class=\"has-text-align-center\" data-align=\"center\"><a href=\"mailto:grupmuntanyacalp@gmail.com\">grupmuntanyacalp@gmail.com<\/a><\/td><td class=\"has-text-align-center\" data-align=\"center\">606 316 871<\/td><\/tr><tr><td class=\"has-text-align-center\" data-align=\"center\"><img loading=\"lazy\" decoding=\"async\" width=\"150\" height=\"128\" class=\"wp-image-2693\" style=\"width: 150px;\" src=\"https:\/\/esportscalp.es\/wp-content\/uploads\/2025\/12\/661_81789897_2604129313192252_7336609542425280512_n.png\" alt=\"\" srcset=\"https:\/\/esportscalp.es\/wp-content\/uploads\/2025\/12\/661_81789897_2604129313192252_7336609542425280512_n.png 480w, https:\/\/esportscalp.es\/wp-content\/uploads\/2025\/12\/661_81789897_2604129313192252_7336609542425280512_n-300x255.png 300w, https:\/\/esportscalp.es\/wp-content\/uploads\/2025\/12\/661_81789897_2604129313192252_7336609542425280512_n-14x12.png 14w\" sizes=\"auto, (max-width: 150px) 100vw, 150px\" \/><\/td><td class=\"has-text-align-center\" data-align=\"center\"><strong>iRUN CALP<\/strong><\/td><td class=\"has-text-align-center\" data-align=\"center\">Atletisme<\/td><td class=\"has-text-align-center\" data-align=\"center\"><a href=\"mailto:iruncalp@hotmail.es\">iruncalp@hotmail.es<\/a><\/td><td class=\"has-text-align-center\" data-align=\"center\">636 961 256<\/td><\/tr><tr><td class=\"has-text-align-center\" data-align=\"center\"><img loading=\"lazy\" decoding=\"async\" width=\"150\" height=\"150\" class=\"wp-image-2644\" style=\"width: 150px;\" src=\"https:\/\/esportscalp.es\/wp-content\/uploads\/2025\/09\/Screenshot_20250918_174404_com.whatsapp_edit_153878356826520.jpg\" alt=\"\" srcset=\"https:\/\/esportscalp.es\/wp-content\/uploads\/2025\/09\/Screenshot_20250918_174404_com.whatsapp_edit_153878356826520.jpg 1080w, https:\/\/esportscalp.es\/wp-content\/uploads\/2025\/09\/Screenshot_20250918_174404_com.whatsapp_edit_153878356826520-300x300.jpg 300w, https:\/\/esportscalp.es\/wp-content\/uploads\/2025\/09\/Screenshot_20250918_174404_com.whatsapp_edit_153878356826520-1024x1024.jpg 1024w, https:\/\/esportscalp.es\/wp-content\/uploads\/2025\/09\/Screenshot_20250918_174404_com.whatsapp_edit_153878356826520-150x150.jpg 150w, https:\/\/esportscalp.es\/wp-content\/uploads\/2025\/09\/Screenshot_20250918_174404_com.whatsapp_edit_153878356826520-12x12.jpg 12w\" sizes=\"auto, (max-width: 150px) 100vw, 150px\" \/><\/td><td class=\"has-text-align-center\" data-align=\"center\"><strong>CLUB DE B\u00c1DMINTON CALPE<\/strong><\/td><td class=\"has-text-align-center\" data-align=\"center\">B\u00e0dminton<\/td><td class=\"has-text-align-center\" data-align=\"center\"><a href=\"mailto:calpe.badminton@gmail.com\" target=\"_blank\" rel=\"noreferrer noopener\">calpe.badminton@gmail.com<\/a><\/td><td class=\"has-text-align-center\" data-align=\"center\">632 398 901&nbsp;<\/td><\/tr><tr><td class=\"has-text-align-center\" data-align=\"center\"><\/td><td class=\"has-text-align-center\" data-align=\"center\"><\/td><td class=\"has-text-align-center\" data-align=\"center\"><\/td><td class=\"has-text-align-center\" data-align=\"center\"><\/td><td class=\"has-text-align-center\" data-align=\"center\"><\/td><\/tr><\/tbody><\/table><\/figure>","protected":false},"excerpt":{"rendered":"<p>LOGOTIPO \/ ESCUDO NOMBRE ACTIVIDAD CONTACTO TEL\u00c9FONO M\u00d3VIL UD CALPE F\u00fatbol udcalpe@gmail.com 607 388 940 CB IFACH CALPE Baloncesto basketcalpe@gmail.com 615 134 466 CD CALPE FUTSAL F\u00fatbol Sala calpefutsal@gmail.com 626 242 465 CLUB GIMNASIA CALPE Gimnasia R\u00edtmica clubgimnasiacalpe@gmail.com 647 288 187 CLUB LES MARINES Gimnasia R\u00edtmica cglesmarines@hotmail.com 608 631 072 VOLEY IFACH Voleibol clubvoleibolifach@gmail.com 634 &hellip; <\/p>\n<p class=\"link-more\"><a href=\"https:\/\/esportscalp.es\/va\/clubs\/\" class=\"more-link\">Read more<span class=\"screen-reader-text\"> \u00abEntidades deportivas de Calp\u00bb<\/span><\/a><\/p>","protected":false},"author":1,"featured_media":3184,"parent":0,"menu_order":0,"comment_status":"closed","ping_status":"closed","template":"","meta":{"_uag_custom_page_level_css":"","inspiro_hide_title":false,"footnotes":""},"class_list":["post-2472","page","type-page","status-publish","has-post-thumbnail","hentry"],"aioseo_notices":[],"uagb_featured_image_src":{"full":["https:\/\/esportscalp.es\/wp-content\/uploads\/2026\/02\/14-scaled.png",2560,1489,false],"thumbnail":["https:\/\/esportscalp.es\/wp-content\/uploads\/2026\/02\/14-150x150.png",150,150,true],"medium":["https:\/\/esportscalp.es\/wp-content\/uploads\/2026\/02\/14-300x175.png",300,175,true],"medium_large":["https:\/\/esportscalp.es\/wp-content\/uploads\/2026\/02\/14-scaled.png",768,447,false],"large":["https:\/\/esportscalp.es\/wp-content\/uploads\/2026\/02\/14-1024x596.png",950,553,true],"1536x1536":["https:\/\/esportscalp.es\/wp-content\/uploads\/2026\/02\/14-scaled-1536x893.png",1536,893,true],"2048x2048":["https:\/\/esportscalp.es\/wp-content\/uploads\/2026\/02\/14-scaled-2048x1191.png",2048,1191,true],"trp-custom-language-flag":["https:\/\/esportscalp.es\/wp-content\/uploads\/2026\/02\/14-scaled-18x10.png",18,10,true],"inspiro-featured-image":["https:\/\/esportscalp.es\/wp-content\/uploads\/2026\/02\/14-2000x1164.png",2000,1164,true],"inspiro-loop":["https:\/\/esportscalp.es\/wp-content\/uploads\/2026\/02\/14-950x320.png",950,320,true],"inspiro-loop@2x":["https:\/\/esportscalp.es\/wp-content\/uploads\/2026\/02\/14-1900x640.png",1900,640,true]},"uagb_author_info":{"display_name":"@esportscalp","author_link":"https:\/\/esportscalp.es\/va\/author\/esportscalpgmail-com\/"},"uagb_comment_info":0,"uagb_excerpt":"LOGOTIPO \/ ESCUDO NOMBRE ACTIVIDAD CONTACTO TEL\u00c9FONO M\u00d3VIL UD CALPE F\u00fatbol udcalpe@gmail.com 607 388 940 CB IFACH CALPE Baloncesto basketcalpe@gmail.com 615 134 466 CD CALPE FUTSAL F\u00fatbol Sala calpefutsal@gmail.com 626 242 465 CLUB GIMNASIA CALPE Gimnasia R\u00edtmica clubgimnasiacalpe@gmail.com 647 288 187 CLUB LES MARINES Gimnasia R\u00edtmica cglesmarines@hotmail.com 608 631 072 VOLEY IFACH Voleibol clubvoleibolifach@gmail.com 634&hellip;","_links":{"self":[{"href":"https:\/\/esportscalp.es\/va\/wp-json\/wp\/v2\/pages\/2472","targetHints":{"allow":["GET"]}}],"collection":[{"href":"https:\/\/esportscalp.es\/va\/wp-json\/wp\/v2\/pages"}],"about":[{"href":"https:\/\/esportscalp.es\/va\/wp-json\/wp\/v2\/types\/page"}],"author":[{"embeddable":true,"href":"https:\/\/esportscalp.es\/va\/wp-json\/wp\/v2\/users\/1"}],"replies":[{"embeddable":true,"href":"https:\/\/esportscalp.es\/va\/wp-json\/wp\/v2\/comments?post=2472"}],"version-history":[{"count":23,"href":"https:\/\/esportscalp.es\/va\/wp-json\/wp\/v2\/pages\/2472\/revisions"}],"predecessor-version":[{"id":2704,"href":"https:\/\/esportscalp.es\/va\/wp-json\/wp\/v2\/pages\/2472\/revisions\/2704"}],"wp:featuredmedia":[{"embeddable":true,"href":"https:\/\/esportscalp.es\/va\/wp-json\/wp\/v2\/media\/3184"}],"wp:attachment":[{"href":"https:\/\/esportscalp.es\/va\/wp-json\/wp\/v2\/media?parent=2472"}],"curies":[{"name":"wp","href":"https:\/\/api.w.org\/{rel}","templated":true}]}}