{"id":2471,"date":"2025-02-12T16:53:49","date_gmt":"2025-02-12T16:53:49","guid":{"rendered":"https:\/\/wheat-gerbil-457605.hostingersite.com\/?page_id=2471"},"modified":"2026-02-12T18:00:39","modified_gmt":"2026-02-12T18:00:39","slug":"contacto","status":"publish","type":"page","link":"https:\/\/esportscalp.es\/va\/contacto\/","title":{"rendered":"Contacte"},"content":{"rendered":"<div style=\"height:11px\" aria-hidden=\"true\" class=\"wp-block-spacer\"><\/div>\n\n\n\n<ul class=\"wp-block-list\">\n<li class=\"translation-block\">Pot contactar amb la part t\u00e8cnica de la Regidoria d'Esports de Calp enviant un e-mail a <strong><a href=\"mailto:deportes@ajcalp.es\" target=\"_self\">deportes@ajcalp.es<\/a><\/strong> o telefonant al 96 <a href=\"tel:96 583 36 00\u202c\" target=\"_self\"><strong> 583 36 00<\/strong><\/a> i sol\u00b7licitant parlar amb el departament d'esports.<\/li>\n<\/ul>\n\n\n\n<ul class=\"wp-block-list\">\n<li>Per a contactar amb consergeria de les instal\u00b7lacions esportives, pot cridar al<a href=\"tel:965 874 714\u202c\"><strong>965 874 714<\/strong><\/a>.<\/li>\n<\/ul>\n\n\n\n<ul class=\"wp-block-list\">\n<li class=\"translation-block\">Per a consultes relacionades amb la piscina municipal, pot contactar a <strong><a href=\"mailto:piscina@calp.es\" title=\"\" target=\"_self\">piscina@calp.es<\/a> <\/strong>o al 692 <a href=\"tel:692 120 271\" target=\"_self\"><strong> 120 271<\/strong><\/a>.<\/li>\n<\/ul>\n\n\n\n<div style=\"height:24px\" aria-hidden=\"true\" class=\"wp-block-spacer\"><\/div>\n\n\n\n<p class=\"translation-block\"><strong>Localitzaci\u00f3 oficines Regidoria d\u2019Esports<\/strong>: Av. Pa\u00eds Valenci\u00e0 S\/N<\/p>\n\n\n\t\t\t<div \n\t\t\tclass=\"wp-block-uagb-google-map uagb-google-map__wrap uagb-block-291e1608\"\n\t\t\tstyle=\"\" >\n\t\t\t\t<embed\n\t\t\t\t\tclass=\"uagb-google-map__iframe\"\n\t\t\t\t\ttitle=\"Google Map for \"\n\t\t\t\t\tsrc=\"https:\/\/maps.google.com\/maps?q=Regidoria%20d%27Esports%20de%20l%27Ajuntament%20de%20Calp%20%28Calp%20Esports%29&#038;z=13&#038;hl=ca&#038;t=m&#038;output=embed&#038;iwloc=near\"\n\t\t\t\t\twidth=\"640\"\n\t\t\t\t\theight=\"300\"\n\t\t\t\t\tloading=\"lazy\"\n\t\t\t\t><\/embed>\n\t\t\t<\/div>\n\t\t\t\n\n\n<div style=\"height:35px\" aria-hidden=\"true\" class=\"wp-block-spacer\"><\/div>","protected":false},"excerpt":{"rendered":"<p class=\"translation-block\"><strong>Localitzaci\u00f3 oficines Regidoria d\u2019Esports<\/strong>: Av. Pa\u00eds Valenci\u00e0 S\/N<\/p>","protected":false},"author":1,"featured_media":3186,"parent":0,"menu_order":0,"comment_status":"closed","ping_status":"closed","template":"","meta":{"_uag_custom_page_level_css":"","inspiro_hide_title":false,"footnotes":""},"class_list":["post-2471","page","type-page","status-publish","has-post-thumbnail","hentry"],"aioseo_notices":[],"uagb_featured_image_src":{"full":["https:\/\/esportscalp.es\/wp-content\/uploads\/2026\/02\/18-scaled.png",2560,1489,false],"thumbnail":["https:\/\/esportscalp.es\/wp-content\/uploads\/2026\/02\/18-150x150.png",150,150,true],"medium":["https:\/\/esportscalp.es\/wp-content\/uploads\/2026\/02\/18-300x175.png",300,175,true],"medium_large":["https:\/\/esportscalp.es\/wp-content\/uploads\/2026\/02\/18-scaled.png",768,447,false],"large":["https:\/\/esportscalp.es\/wp-content\/uploads\/2026\/02\/18-1024x596.png",950,553,true],"1536x1536":["https:\/\/esportscalp.es\/wp-content\/uploads\/2026\/02\/18-scaled-1536x893.png",1536,893,true],"2048x2048":["https:\/\/esportscalp.es\/wp-content\/uploads\/2026\/02\/18-scaled-2048x1191.png",2048,1191,true],"trp-custom-language-flag":["https:\/\/esportscalp.es\/wp-content\/uploads\/2026\/02\/18-scaled-18x10.png",18,10,true],"inspiro-featured-image":["https:\/\/esportscalp.es\/wp-content\/uploads\/2026\/02\/18-2000x1164.png",2000,1164,true],"inspiro-loop":["https:\/\/esportscalp.es\/wp-content\/uploads\/2026\/02\/18-950x320.png",950,320,true],"inspiro-loop@2x":["https:\/\/esportscalp.es\/wp-content\/uploads\/2026\/02\/18-1900x640.png",1900,640,true]},"uagb_author_info":{"display_name":"@esportscalp","author_link":"https:\/\/esportscalp.es\/va\/author\/esportscalpgmail-com\/"},"uagb_comment_info":0,"uagb_excerpt":"Localizaci\u00f3n oficinas Regidoria d&#8217;Esports: Avda. Pa\u00eds Valenci\u00e0 S\/N","_links":{"self":[{"href":"https:\/\/esportscalp.es\/va\/wp-json\/wp\/v2\/pages\/2471","targetHints":{"allow":["GET"]}}],"collection":[{"href":"https:\/\/esportscalp.es\/va\/wp-json\/wp\/v2\/pages"}],"about":[{"href":"https:\/\/esportscalp.es\/va\/wp-json\/wp\/v2\/types\/page"}],"author":[{"embeddable":true,"href":"https:\/\/esportscalp.es\/va\/wp-json\/wp\/v2\/users\/1"}],"replies":[{"embeddable":true,"href":"https:\/\/esportscalp.es\/va\/wp-json\/wp\/v2\/comments?post=2471"}],"version-history":[{"count":23,"href":"https:\/\/esportscalp.es\/va\/wp-json\/wp\/v2\/pages\/2471\/revisions"}],"predecessor-version":[{"id":2772,"href":"https:\/\/esportscalp.es\/va\/wp-json\/wp\/v2\/pages\/2471\/revisions\/2772"}],"wp:featuredmedia":[{"embeddable":true,"href":"https:\/\/esportscalp.es\/va\/wp-json\/wp\/v2\/media\/3186"}],"wp:attachment":[{"href":"https:\/\/esportscalp.es\/va\/wp-json\/wp\/v2\/media?parent=2471"}],"curies":[{"name":"wp","href":"https:\/\/api.w.org\/{rel}","templated":true}]}}