{"id":2469,"date":"2025-02-12T16:53:49","date_gmt":"2025-02-12T16:53:49","guid":{"rendered":"https:\/\/wheat-gerbil-457605.hostingersite.com\/?page_id=2469"},"modified":"2026-02-14T11:49:18","modified_gmt":"2026-02-14T11:49:18","slug":"reservas","status":"publish","type":"page","link":"https:\/\/esportscalp.es\/va\/reservas\/","title":{"rendered":"Reserves d'espais esportius i activitats"},"content":{"rendered":"<p class=\"translation-block\">Les reserves de <strong>bany lliure<\/strong>, <strong>activitats dirigides en la piscina<\/strong> i <strong>pavellons<\/strong> o d'instal\u00b7lacions <strong> esportives de manera puntual<\/strong>, es realitzen mitjan\u00e7ant l'app <strong> de Resa Sports<\/strong>. Tamb\u00e9 \u00e9s possible realitzar-les en aquesta p\u00e0gina m\u00e9s a baix.<\/p>\n\n\n\n<p class=\"translation-block\">Cada <strong>divendres<\/strong> a les <strong>12 hores<\/strong> <strong>s'obrin<\/strong> totes les reserves <strong>entre el dissabte i el divendres seg\u00fcent<\/strong> de la Piscina (aiguagim, matronataci\u00f3 i bany lliure), d'activitats en el Poliesportiu Municipal (actualment nom\u00e9s zumba) i de les reserves d'espais esportius (pistes i pavellons).<\/p>\n\n\n\n<h2 class=\"wp-block-heading\">Reserves en la Piscina Municipal<\/h2>\n\n\n\n<p class=\"translation-block\">Pot trobar tota la informaci\u00f3 d'horaris <strong><\/strong>, <strong>abonaments<\/strong> i <strong>activitats<\/strong> en la Piscina Municipal en l'apartat d'Instal\u00b7lacions <em> &gt; Piscina <\/em>o fent <a href=\"https:\/\/esportscalp.es\/va\/piscina\/\" title=\"\" target=\"_self\">clic ac\u00ed<\/a>.<\/p>\n\n\n\n<p>Per a realitzar una reserva \u00e9s imprescindible tindre en el compte de Resa Sports DNI, NIE o Passaport. En cas de no tindre-ho, s'imputar\u00e0 una penalitzaci\u00f3 que bloquejar\u00e0 el compte fins a solucionar-ho.<\/p>\n\n\n\n<h2 class=\"wp-block-heading\">Reserves en la Ciutat Esportiva (pistes i pavellons)<\/h2>\n\n\n\n<p class=\"translation-block\">L'ordenan\u00e7a municipal d'\u00fas de les instal\u00b7lacions arreplega <strong>diferents tipus d'usos<\/strong> que a continuaci\u00f3 s'especifiquen. Pot consultar l'ordenan\u00e7a completa en l'apartat de Regidoria &gt; Normativa en vigor o fent <a href=\"https:\/\/esportscalp.es\/va\/normativa-en-vigor\/\" title=\"\" target=\"_self\">clic ac\u00ed<\/a>.<\/p>\n\n\n\n<div class=\"wp-block-uagb-image aligncenter uagb-block-cd1a6af8 wp-block-uagb-image--layout-default wp-block-uagb-image--effect-static wp-block-uagb-image--align-center\"><figure class=\"wp-block-uagb-image__figure\"><img decoding=\"async\" srcset=\"https:\/\/esportscalp.es\/wp-content\/uploads\/2026\/02\/tabla-usos_page-0001-2-1-scaled.jpg ,https:\/\/esportscalp.es\/wp-content\/uploads\/2026\/02\/tabla-usos_page-0001-2-1-scaled.jpg 780w, https:\/\/esportscalp.es\/wp-content\/uploads\/2026\/02\/tabla-usos_page-0001-2-1-scaled.jpg 360w\" sizes=\"auto, (max-width: 480px) 150px\" src=\"https:\/\/esportscalp.es\/wp-content\/uploads\/2026\/02\/tabla-usos_page-0001-2-1-scaled.jpg\" alt=\"\" class=\"uag-image-3024\" width=\"2560\" height=\"1435\" title=\"tabla usos_page-0001 2\" loading=\"lazy\" role=\"img\"\/><\/figure><\/div>\n\n\n\n<p><\/p>\n\n\n\n<p class=\"translation-block\">Per tant, <strong>per a realitzar les reserves que requereixen del la presentaci\u00f3 d'inst\u00e0ncia<\/strong> fes<strong> <a href=\"https:\/\/calp.sedelectronica.es\/catalog\/t\/fe3afcfc-166b-4129-bee2-8a11270ceb1e\" title=\"\" target=\"_self\">clic ac\u00ed<\/a><\/strong> (seu electr\u00f2nica virtual de l'Ajuntament de Calp) o acudeix de manera presencial a la OAC (planta baixa Ajuntament).<\/p>\n\n\n\n<p class=\"translation-block\">La <strong>reserva puntual<\/strong> es realitza a trav\u00e9s de l'app de Resa Sports o d'aquesta web (a continuaci\u00f3 m\u00e9s a baix en aquesta p\u00e0gina). Has de tindre en compte les seg\u00fcents condicions:<\/p>\n\n\n<ul>\n<li class=\"translation-block\">En realitzar una reserva, \u00e9s\u00a0<strong>obligatori<\/strong>\u00a0acceptar les\u00a0<strong>normes de la instal\u00b7laci\u00f3<\/strong>, que estaran disponibles en l'app. No complir les normes, suposa l'aplicaci\u00f3 del r\u00e8gim sancionador previst en l'ordenan\u00e7a.<\/li>\n<li class=\"translation-block\"><strong>Cada reserva tindr\u00e0 una\u00a0duraci\u00f3 d'1 hora, o de 90 minuts<\/strong>, podent fer com a m\u00e0xim\u00a02 reserves setmanals (que es poden acumular el mateix dia).<\/li>\n<li class=\"translation-block\">La\u00a0<strong>cancel\u00b7laci\u00f3 de la reserva<\/strong>\u00a0pot fer-se\u00a0<strong>fins a 12h abans de la mateixa<\/strong> per motius log\u00edstics. Tindre una reserva i no acudir sense haver-la cancel\u00b7lat suposa l'aplicaci\u00f3 del r\u00e8gim sancionador.<\/li>\n<li class=\"translation-block\">Si realitzes una reserva amb <strong>menys de 24h d'antelaci\u00f3<\/strong>, has de <strong>posar-te en contacte<\/strong> amb <a href=\"mailto:deportes@ajcalp.es\" target=\"_self\">deportes@ajcalp.es<\/a> o amb el <a title=\"965 874 714\" href=\"tel:965 874 714\u202c\" target=\"_self\">965 874 714<\/a> per a veure si \u00e9s viable per motius log\u00edstics.<\/li>\n<li>El personal de la instal\u00b7laci\u00f3 podr\u00e0 sol\u00b7licitar el justificant de la reserva en el moment de fer \u00fas de la instal\u00b7laci\u00f3.<\/li>\n<\/ul>\n\n\n<div style=\"height:57px\" aria-hidden=\"true\" class=\"wp-block-spacer\"><\/div>\n\n\n\n<div class=\"wp-block-uagb-separator uagb-block-b0d77fd1\"><div class=\"wp-block-uagb-separator__inner\" style=\"--my-background-image:\"><\/div><\/div>\n\n\n\n<h2 class=\"wp-block-heading\">Plataforma de reserves (Resa Sports). <\/h2>\n\n\n\n<p>Recomanem realitzar la reserva per l'app m\u00f2bil disponible en App Store i Google Play.<\/p>\n\n\n\n<script type=\"text\/javascript\" src=\"https:\/\/sport.nubapp.com\/resources\/js\/iframe.js\"><\/script>\n        <link rel=\"stylesheet\" type=\"text\/css\" href=\"https:\/\/sport.nubapp.com\/\/public\/css\/resources\/iframe.css\"\/>\n        <iframe id=\"nubapp_booking\" src=\"https:\/\/centro.resasports.com\/\/web-front\/80138293\" scrolling=\"no\" frameborder=\"0\" class=\"iframe-class\" onload=\"scrollIframeToTop();\"><\/iframe>","protected":false},"excerpt":{"rendered":"<p>Las reservas de ba\u00f1o libre, actividades dirigidas en la piscina y pabellones o de instalaciones deportivas de manera puntual, se realizan mediante la app de Resa Sports. Tambi\u00e9n es posible realizarlas en esta p\u00e1gina m\u00e1s abajo. Cada viernes a las 12 horas se abren todas las reservas entre el s\u00e1bado y el viernes siguiente de &hellip; <\/p>\n<p class=\"link-more\"><a href=\"https:\/\/esportscalp.es\/va\/reservas\/\" class=\"more-link\">Read more<span class=\"screen-reader-text\"> \u00abReservas de espacios deportivos y actividades\u00bb<\/span><\/a><\/p>","protected":false},"author":1,"featured_media":3311,"parent":0,"menu_order":0,"comment_status":"closed","ping_status":"closed","template":"","meta":{"_uag_custom_page_level_css":"","inspiro_hide_title":false,"footnotes":""},"class_list":["post-2469","page","type-page","status-publish","has-post-thumbnail","hentry"],"aioseo_notices":[],"uagb_featured_image_src":{"full":["https:\/\/esportscalp.es\/wp-content\/uploads\/2026\/02\/Sin-titulo-30-x-3-cm.png",2077,1209,false],"thumbnail":["https:\/\/esportscalp.es\/wp-content\/uploads\/2026\/02\/Sin-titulo-30-x-3-cm-150x150.png",150,150,true],"medium":["https:\/\/esportscalp.es\/wp-content\/uploads\/2026\/02\/Sin-titulo-30-x-3-cm-300x175.png",300,175,true],"medium_large":["https:\/\/esportscalp.es\/wp-content\/uploads\/2026\/02\/Sin-titulo-30-x-3-cm.png",768,447,false],"large":["https:\/\/esportscalp.es\/wp-content\/uploads\/2026\/02\/Sin-titulo-30-x-3-cm-1024x596.png",950,553,true],"1536x1536":["https:\/\/esportscalp.es\/wp-content\/uploads\/2026\/02\/Sin-titulo-30-x-3-cm-1536x894.png",1536,894,true],"2048x2048":["https:\/\/esportscalp.es\/wp-content\/uploads\/2026\/02\/Sin-titulo-30-x-3-cm-2048x1192.png",2048,1192,true],"trp-custom-language-flag":["https:\/\/esportscalp.es\/wp-content\/uploads\/2026\/02\/Sin-titulo-30-x-3-cm-18x10.png",18,10,true],"inspiro-featured-image":["https:\/\/esportscalp.es\/wp-content\/uploads\/2026\/02\/Sin-titulo-30-x-3-cm-2000x1164.png",2000,1164,true],"inspiro-loop":["https:\/\/esportscalp.es\/wp-content\/uploads\/2026\/02\/Sin-titulo-30-x-3-cm-950x320.png",950,320,true],"inspiro-loop@2x":["https:\/\/esportscalp.es\/wp-content\/uploads\/2026\/02\/Sin-titulo-30-x-3-cm-1900x640.png",1900,640,true]},"uagb_author_info":{"display_name":"@esportscalp","author_link":"https:\/\/esportscalp.es\/va\/author\/esportscalpgmail-com\/"},"uagb_comment_info":0,"uagb_excerpt":"Las reservas de ba\u00f1o libre, actividades dirigidas en la piscina y pabellones o de instalaciones deportivas de manera puntual, se realizan mediante la app de Resa Sports. Tambi\u00e9n es posible realizarlas en esta p\u00e1gina m\u00e1s abajo. Cada viernes a las 12 horas se abren todas las reservas entre el s\u00e1bado y el viernes siguiente de&hellip;","_links":{"self":[{"href":"https:\/\/esportscalp.es\/va\/wp-json\/wp\/v2\/pages\/2469","targetHints":{"allow":["GET"]}}],"collection":[{"href":"https:\/\/esportscalp.es\/va\/wp-json\/wp\/v2\/pages"}],"about":[{"href":"https:\/\/esportscalp.es\/va\/wp-json\/wp\/v2\/types\/page"}],"author":[{"embeddable":true,"href":"https:\/\/esportscalp.es\/va\/wp-json\/wp\/v2\/users\/1"}],"replies":[{"embeddable":true,"href":"https:\/\/esportscalp.es\/va\/wp-json\/wp\/v2\/comments?post=2469"}],"version-history":[{"count":41,"href":"https:\/\/esportscalp.es\/va\/wp-json\/wp\/v2\/pages\/2469\/revisions"}],"predecessor-version":[{"id":3045,"href":"https:\/\/esportscalp.es\/va\/wp-json\/wp\/v2\/pages\/2469\/revisions\/3045"}],"wp:featuredmedia":[{"embeddable":true,"href":"https:\/\/esportscalp.es\/va\/wp-json\/wp\/v2\/media\/3311"}],"wp:attachment":[{"href":"https:\/\/esportscalp.es\/va\/wp-json\/wp\/v2\/media?parent=2469"}],"curies":[{"name":"wp","href":"https:\/\/api.w.org\/{rel}","templated":true}]}}