{"id":2452,"date":"2025-02-12T16:45:55","date_gmt":"2025-02-12T16:45:55","guid":{"rendered":"https:\/\/wheat-gerbil-457605.hostingersite.com\/?page_id=2452"},"modified":"2026-02-14T10:45:58","modified_gmt":"2026-02-14T10:45:58","slug":"instalaciones","status":"publish","type":"page","link":"https:\/\/esportscalp.es\/va\/instalaciones\/","title":{"rendered":"Instal\u00b7lacions esportives municipals"},"content":{"rendered":"<div class=\"wp-block-cover is-light wp-duotone-unset-1\" style=\"min-height:290px;aspect-ratio:unset;\"><img loading=\"lazy\" decoding=\"async\" width=\"1620\" height=\"1080\" class=\"wp-block-cover__image-background wp-image-2454\" alt=\"\" src=\"https:\/\/wheat-gerbil-457605.hostingersite.com\/wp-content\/uploads\/2025\/02\/0T2A0661-11.jpg\" data-object-fit=\"cover\" srcset=\"https:\/\/esportscalp.es\/wp-content\/uploads\/2025\/02\/0T2A0661-11.jpg 1620w, https:\/\/esportscalp.es\/wp-content\/uploads\/2025\/02\/0T2A0661-11-300x200.jpg 300w, https:\/\/esportscalp.es\/wp-content\/uploads\/2025\/02\/0T2A0661-11-1024x683.jpg 1024w, https:\/\/esportscalp.es\/wp-content\/uploads\/2025\/02\/0T2A0661-11-18x12.jpg 18w\" sizes=\"auto, (max-width: 1620px) 100vw, 1620px\" \/><span aria-hidden=\"true\" class=\"wp-block-cover__background has-background-dim\" style=\"background-color:#7d879b\"><\/span><div class=\"wp-block-cover__inner-container is-layout-flow wp-block-cover-is-layout-flow\">\n<p class=\"has-text-align-center has-large-font-size\"><strong><mark style=\"background-color:rgba(0, 0, 0, 0)\" class=\"has-inline-color has-white-color\">Piscina Municipal<\/mark><\/strong><\/p>\n\n\n\n<p class=\"has-text-align-center\"><mark style=\"background-color:rgba(0, 0, 0, 0)\" class=\"has-inline-color has-white-color\">Gestionada per l'Ajuntament de Calp. S'ofereixen cursos d'aiguagim, nataci\u00f3 i matronataci\u00f3. Tamb\u00e9 \u00e9s possible el bany lliure.<\/mark><\/p>\n\n\n\n<div class=\"wp-block-buttons is-content-justification-center is-layout-flex wp-container-core-buttons-is-layout-a89b3969 wp-block-buttons-is-layout-flex\">\n<div class=\"wp-block-button\"><a class=\"wp-block-button__link wp-element-button\" href=\"https:\/\/esportscalp.es\/va\/piscina\/\">M\u00e9s informaci\u00f3<\/a><\/div>\n<\/div>\n<\/div><\/div>\n\n\n\n<div style=\"height:34px\" aria-hidden=\"true\" class=\"wp-block-spacer\"><\/div>\n\n\n\n<div class=\"wp-block-cover is-light\" style=\"min-height:346px;aspect-ratio:unset;\"><img loading=\"lazy\" decoding=\"async\" width=\"2000\" height=\"1199\" class=\"wp-block-cover__image-background wp-image-2464\" alt=\"\" src=\"https:\/\/wheat-gerbil-457605.hostingersite.com\/wp-content\/uploads\/2025\/02\/cropped-0T2A1564-67.jpg\" data-object-fit=\"cover\" srcset=\"https:\/\/esportscalp.es\/wp-content\/uploads\/2025\/02\/cropped-0T2A1564-67.jpg 2000w, https:\/\/esportscalp.es\/wp-content\/uploads\/2025\/02\/cropped-0T2A1564-67-300x180.jpg 300w, https:\/\/esportscalp.es\/wp-content\/uploads\/2025\/02\/cropped-0T2A1564-67-1024x614.jpg 1024w, https:\/\/esportscalp.es\/wp-content\/uploads\/2025\/02\/cropped-0T2A1564-67-1536x921.jpg 1536w, https:\/\/esportscalp.es\/wp-content\/uploads\/2025\/02\/cropped-0T2A1564-67-600x360.jpg 600w, https:\/\/esportscalp.es\/wp-content\/uploads\/2025\/02\/cropped-0T2A1564-67-1200x719.jpg 1200w, https:\/\/esportscalp.es\/wp-content\/uploads\/2025\/02\/cropped-0T2A1564-67-18x12.jpg 18w\" sizes=\"auto, (max-width: 2000px) 100vw, 2000px\" \/><span aria-hidden=\"true\" class=\"wp-block-cover__background has-background-dim\" style=\"background-color:#af9b8b\"><\/span><div class=\"wp-block-cover__inner-container is-layout-flow wp-block-cover-is-layout-flow\">\n<p class=\"has-text-align-center has-large-font-size\"><strong><strong>Pavell\u00f3 Domingo Crespo<\/strong><\/strong><\/p>\n\n\n\n<p class=\"has-text-align-center\">Capacitat per a 820 espectadors. Utilitzat usualment per a b\u00e0squet i voleibol.<\/p>\n\n\n\n<div class=\"wp-block-buttons is-content-justification-center is-layout-flex wp-container-core-buttons-is-layout-a89b3969 wp-block-buttons-is-layout-flex\">\n<div class=\"wp-block-button\"><a class=\"wp-block-button__link has-text-align-center wp-element-button\" href=\"https:\/\/esportscalp.es\/va\/pabellon-domingo-crespo\/\">M\u00e9s informaci\u00f3<\/a><\/div>\n<\/div>\n<\/div><\/div>\n\n\n\n<div style=\"height:40px\" aria-hidden=\"true\" class=\"wp-block-spacer\"><\/div>\n\n\n\n<div class=\"wp-block-columns is-layout-flex wp-container-core-columns-is-layout-28f84493 wp-block-columns-is-layout-flex\">\n<div class=\"wp-block-column is-layout-flow wp-block-column-is-layout-flow\" style=\"flex-basis:100%\">\n<div class=\"wp-block-cover is-light\" style=\"min-height:302px;aspect-ratio:unset;\"><img loading=\"lazy\" decoding=\"async\" width=\"1620\" height=\"1080\" class=\"wp-block-cover__image-background wp-image-2457\" alt=\"\" src=\"https:\/\/wheat-gerbil-457605.hostingersite.com\/wp-content\/uploads\/2025\/02\/0T2A1481-61.jpg\" data-object-fit=\"cover\" srcset=\"https:\/\/esportscalp.es\/wp-content\/uploads\/2025\/02\/0T2A1481-61.jpg 1620w, https:\/\/esportscalp.es\/wp-content\/uploads\/2025\/02\/0T2A1481-61-300x200.jpg 300w, https:\/\/esportscalp.es\/wp-content\/uploads\/2025\/02\/0T2A1481-61-1024x683.jpg 1024w, https:\/\/esportscalp.es\/wp-content\/uploads\/2025\/02\/0T2A1481-61-18x12.jpg 18w\" sizes=\"auto, (max-width: 1620px) 100vw, 1620px\" \/><span aria-hidden=\"true\" class=\"wp-block-cover__background has-background-dim\" style=\"background-color:#8b8d6d\"><\/span><div class=\"wp-block-cover__inner-container is-layout-flow wp-block-cover-is-layout-flow\">\n<p class=\"has-text-align-center has-large-font-size\"><strong><mark style=\"background-color:rgba(0, 0, 0, 0)\" class=\"has-inline-color has-white-color\">Camp de Futbol Municipal<\/mark><\/strong><\/p>\n\n\n\n<p class=\"has-text-align-center\"><mark style=\"background-color:rgba(0, 0, 0, 0)\" class=\"has-inline-color has-white-color\">Capacitat per a 1000 espectadors. Utilitzat per a partits de futbol.<\/mark><\/p>\n\n\n\n<div class=\"wp-block-buttons is-content-justification-center is-layout-flex wp-container-core-buttons-is-layout-a89b3969 wp-block-buttons-is-layout-flex\">\n<div class=\"wp-block-button\"><a class=\"wp-block-button__link wp-element-button\" href=\"https:\/\/esportscalp.es\/va\/campo-de-futbol-municipal\/\">M\u00e9s informaci\u00f3<\/a><\/div>\n<\/div>\n<\/div><\/div>\n<\/div>\n<\/div>\n\n\n\n<div style=\"height:40px\" aria-hidden=\"true\" class=\"wp-block-spacer\"><\/div>\n\n\n\n<div class=\"wp-block-cover is-light\" style=\"min-height:290px;aspect-ratio:unset;\"><img loading=\"lazy\" decoding=\"async\" width=\"1620\" height=\"1080\" class=\"wp-block-cover__image-background wp-image-2459\" alt=\"\" src=\"https:\/\/wheat-gerbil-457605.hostingersite.com\/wp-content\/uploads\/2025\/02\/0T2A1680-76.jpg\" data-object-fit=\"cover\" srcset=\"https:\/\/esportscalp.es\/wp-content\/uploads\/2025\/02\/0T2A1680-76.jpg 1620w, https:\/\/esportscalp.es\/wp-content\/uploads\/2025\/02\/0T2A1680-76-300x200.jpg 300w, https:\/\/esportscalp.es\/wp-content\/uploads\/2025\/02\/0T2A1680-76-1024x683.jpg 1024w, https:\/\/esportscalp.es\/wp-content\/uploads\/2025\/02\/0T2A1680-76-1536x1024.jpg 1536w, https:\/\/esportscalp.es\/wp-content\/uploads\/2025\/02\/0T2A1680-76-600x400.jpg 600w, https:\/\/esportscalp.es\/wp-content\/uploads\/2025\/02\/0T2A1680-76-1200x800.jpg 1200w, https:\/\/esportscalp.es\/wp-content\/uploads\/2025\/02\/0T2A1680-76-18x12.jpg 18w\" sizes=\"auto, (max-width: 1620px) 100vw, 1620px\" \/><span aria-hidden=\"true\" class=\"wp-block-cover__background has-background-dim\" style=\"background-color:#959fa8\"><\/span><div class=\"wp-block-cover__inner-container is-layout-flow wp-block-cover-is-layout-flow\">\n<p class=\"has-text-align-center has-large-font-size\"><strong>Pista Blava<\/strong><\/p>\n\n\n\n<p class=\"has-text-align-center\">Capacitat per a 100 espectadors. Utilitzat per a futbol sala, b\u00e0squet, gimn\u00e0stica r\u00edtmica o zumba.<\/p>\n\n\n\n<div class=\"wp-block-buttons is-content-justification-center is-layout-flex wp-container-core-buttons-is-layout-a89b3969 wp-block-buttons-is-layout-flex\">\n<div class=\"wp-block-button\"><a class=\"wp-block-button__link wp-element-button\" href=\"https:\/\/esportscalp.es\/va\/pista-blava\/\">M\u00e9s informaci\u00f3<\/a><\/div>\n<\/div>\n<\/div><\/div>\n\n\n\n<div style=\"height:40px\" aria-hidden=\"true\" class=\"wp-block-spacer\"><\/div>\n\n\n\n<div class=\"wp-block-cover is-light\" style=\"min-height:290px;aspect-ratio:unset;\"><img loading=\"lazy\" decoding=\"async\" width=\"1620\" height=\"1080\" class=\"wp-block-cover__image-background wp-image-2506\" alt=\"\" src=\"https:\/\/wheat-gerbil-457605.hostingersite.com\/wp-content\/uploads\/2025\/02\/0T2A1152-42.jpg\" style=\"object-position:46% 26%\" data-object-fit=\"cover\" data-object-position=\"46% 26%\" srcset=\"https:\/\/esportscalp.es\/wp-content\/uploads\/2025\/02\/0T2A1152-42.jpg 1620w, https:\/\/esportscalp.es\/wp-content\/uploads\/2025\/02\/0T2A1152-42-300x200.jpg 300w, https:\/\/esportscalp.es\/wp-content\/uploads\/2025\/02\/0T2A1152-42-1024x683.jpg 1024w, https:\/\/esportscalp.es\/wp-content\/uploads\/2025\/02\/0T2A1152-42-18x12.jpg 18w\" sizes=\"auto, (max-width: 1620px) 100vw, 1620px\" \/><span aria-hidden=\"true\" class=\"wp-block-cover__background has-background-dim\" style=\"background-color:#aa8e6e\"><\/span><div class=\"wp-block-cover__inner-container is-layout-flow wp-block-cover-is-layout-flow\">\n<p class=\"has-text-align-center has-large-font-size\"><strong><mark style=\"background-color:rgba(0, 0, 0, 0)\" class=\"has-inline-color has-white-color\">Pavell\u00f3 Ifac<\/mark><\/strong><\/p>\n\n\n\n<p class=\"has-text-align-center\"><mark style=\"background-color:rgba(0, 0, 0, 0)\" class=\"has-inline-color has-white-color\">Capacitat per a 300 espectadors. Utilitzat per a futbol sala, gimn\u00e0stica r\u00edtmica o voleibol.<\/mark><\/p>\n\n\n\n<div class=\"wp-block-buttons is-content-justification-center is-layout-flex wp-container-core-buttons-is-layout-a89b3969 wp-block-buttons-is-layout-flex\">\n<div class=\"wp-block-button\"><a class=\"wp-block-button__link wp-element-button\" href=\"https:\/\/esportscalp.es\/va\/pabellon-ifac\/\">M\u00e9s informaci\u00f3<\/a><\/div>\n<\/div>\n<\/div><\/div>\n\n\n\n<div style=\"height:40px\" aria-hidden=\"true\" class=\"wp-block-spacer\"><\/div>\n\n\n\n<div class=\"wp-block-cover\" style=\"min-height:290px;aspect-ratio:unset;\"><img loading=\"lazy\" decoding=\"async\" width=\"1024\" height=\"683\" class=\"wp-block-cover__image-background wp-image-3196 size-large\" alt=\"\" src=\"https:\/\/esportscalp.es\/wp-content\/uploads\/2026\/02\/0T2A1753-87-1024x683.jpg\" style=\"object-position:49% 33%\" data-object-fit=\"cover\" data-object-position=\"49% 33%\" srcset=\"https:\/\/esportscalp.es\/wp-content\/uploads\/2026\/02\/0T2A1753-87-1024x683.jpg 1024w, https:\/\/esportscalp.es\/wp-content\/uploads\/2026\/02\/0T2A1753-87-300x200.jpg 300w, https:\/\/esportscalp.es\/wp-content\/uploads\/2026\/02\/0T2A1753-87-18x12.jpg 18w, https:\/\/esportscalp.es\/wp-content\/uploads\/2026\/02\/0T2A1753-87.jpg 1620w\" sizes=\"auto, (max-width: 1024px) 100vw, 1024px\" \/><span aria-hidden=\"true\" class=\"wp-block-cover__background has-background-dim\" style=\"background-color:#718586\"><\/span><div class=\"wp-block-cover__inner-container is-layout-flow wp-block-cover-is-layout-flow\">\n<p class=\"has-text-align-center has-large-font-size\"><strong>Esplai Parc<\/strong><\/p>\n\n\n\n<p class=\"has-text-align-center\">Complex d'oci esportiu amb Pump Truck, Parkour, Pista de Patinatge, Camp de Futbol 8, Pista de Futbol Sala i pista de B\u00e0squet.<\/p>\n\n\n\n<div class=\"wp-block-buttons is-content-justification-center is-layout-flex wp-container-core-buttons-is-layout-a89b3969 wp-block-buttons-is-layout-flex\">\n<div class=\"wp-block-button\"><a class=\"wp-block-button__link wp-element-button\" href=\"https:\/\/esportscalp.es\/va\/esplai-parc\/\">M\u00e9s informaci\u00f3<\/a><\/div>\n<\/div>\n<\/div><\/div>\n\n\n\n<div style=\"height:40px\" aria-hidden=\"true\" class=\"wp-block-spacer\"><\/div>\n\n\n\n<div class=\"wp-block-cover is-light\" style=\"min-height:290px;aspect-ratio:unset;\"><img loading=\"lazy\" decoding=\"async\" width=\"1024\" height=\"683\" class=\"wp-block-cover__image-background wp-image-3294 size-large\" alt=\"\" src=\"https:\/\/esportscalp.es\/wp-content\/uploads\/2026\/02\/0T2A1935-101-1024x683.jpg\" style=\"object-position:60% 66%\" data-object-fit=\"cover\" data-object-position=\"60% 66%\" srcset=\"https:\/\/esportscalp.es\/wp-content\/uploads\/2026\/02\/0T2A1935-101-1024x683.jpg 1024w, https:\/\/esportscalp.es\/wp-content\/uploads\/2026\/02\/0T2A1935-101-300x200.jpg 300w, https:\/\/esportscalp.es\/wp-content\/uploads\/2026\/02\/0T2A1935-101-18x12.jpg 18w, https:\/\/esportscalp.es\/wp-content\/uploads\/2026\/02\/0T2A1935-101.jpg 1620w\" sizes=\"auto, (max-width: 1024px) 100vw, 1024px\" \/><span aria-hidden=\"true\" class=\"wp-block-cover__background has-background-dim\" style=\"background-color:#8b82a3\"><\/span><div class=\"wp-block-cover__inner-container is-layout-flow wp-block-cover-is-layout-flow\">\n<p class=\"has-text-align-center has-large-font-size\"><strong><mark style=\"background-color:rgba(0, 0, 0, 0)\" class=\"has-inline-color has-white-color\">Altres instal\u00b7lacions<\/mark><\/strong><\/p>\n\n\n\n<p class=\"has-text-align-center\"><mark style=\"background-color:rgba(0, 0, 0, 0)\" class=\"has-inline-color has-white-color\">Frontenis, Roc\u00f2drom, Carrer de la Pilota, Pista Roja i gimn\u00e0s obert.<\/mark><\/p>\n\n\n\n<div class=\"wp-block-buttons is-content-justification-center is-layout-flex wp-container-core-buttons-is-layout-a89b3969 wp-block-buttons-is-layout-flex\">\n<div class=\"wp-block-button\"><a class=\"wp-block-button__link wp-element-button\" href=\"https:\/\/esportscalp.es\/va\/otras-instalaciones\/\">M\u00e9s informaci\u00f3<\/a><\/div>\n<\/div>\n<\/div><\/div>\n\n\n\n<div style=\"height:40px\" aria-hidden=\"true\" class=\"wp-block-spacer\"><\/div>","protected":false},"excerpt":{"rendered":"","protected":false},"author":1,"featured_media":0,"parent":0,"menu_order":0,"comment_status":"closed","ping_status":"closed","template":"","meta":{"_uag_custom_page_level_css":"","inspiro_hide_title":false,"footnotes":""},"class_list":["post-2452","page","type-page","status-publish","hentry"],"aioseo_notices":[],"uagb_featured_image_src":{"full":false,"thumbnail":false,"medium":false,"medium_large":false,"large":false,"1536x1536":false,"2048x2048":false,"trp-custom-language-flag":false,"inspiro-featured-image":false,"inspiro-loop":false,"inspiro-loop@2x":false},"uagb_author_info":{"display_name":"@esportscalp","author_link":"https:\/\/esportscalp.es\/va\/author\/esportscalpgmail-com\/"},"uagb_comment_info":0,"uagb_excerpt":null,"_links":{"self":[{"href":"https:\/\/esportscalp.es\/va\/wp-json\/wp\/v2\/pages\/2452","targetHints":{"allow":["GET"]}}],"collection":[{"href":"https:\/\/esportscalp.es\/va\/wp-json\/wp\/v2\/pages"}],"about":[{"href":"https:\/\/esportscalp.es\/va\/wp-json\/wp\/v2\/types\/page"}],"author":[{"embeddable":true,"href":"https:\/\/esportscalp.es\/va\/wp-json\/wp\/v2\/users\/1"}],"replies":[{"embeddable":true,"href":"https:\/\/esportscalp.es\/va\/wp-json\/wp\/v2\/comments?post=2452"}],"version-history":[{"count":35,"href":"https:\/\/esportscalp.es\/va\/wp-json\/wp\/v2\/pages\/2452\/revisions"}],"predecessor-version":[{"id":3295,"href":"https:\/\/esportscalp.es\/va\/wp-json\/wp\/v2\/pages\/2452\/revisions\/3295"}],"wp:attachment":[{"href":"https:\/\/esportscalp.es\/va\/wp-json\/wp\/v2\/media?parent=2452"}],"curies":[{"name":"wp","href":"https:\/\/api.w.org\/{rel}","templated":true}]}}